{"id":2410,"date":"2023-08-13T08:30:17","date_gmt":"2023-08-13T08:30:17","guid":{"rendered":"https:\/\/www.coregen.com.tr\/?page_id=2410"},"modified":"2025-08-17T12:38:44","modified_gmt":"2025-08-17T12:38:44","slug":"numune-alma-sistemleri","status":"publish","type":"page","link":"https:\/\/www.coregen.com.tr\/en\/numune-alma-sistemleri\/","title":{"rendered":"SAMPLING SYSTEMS"},"content":{"rendered":"<section class=\"wpb-content-wrapper\"><div class=\"vc_row wpb_row row top-row\"><div class=\"vc_column_container col-md-12\"><div class=\"wpb_wrapper vc_column-inner\">\n\t<div class=\"wpb_text_column wpb_content_element\" >\n\t\t<div class=\"wpb_wrapper\">\n\t\t\t\r\n        <div class='html5_video_players' style=\"width:100%;\" data-nonce=\"77c9777e81\" data-attributes=\"{&quot;options&quot;:{&quot;controls&quot;:[&quot;play-large&quot;,&quot;play&quot;,&quot;progress&quot;,&quot;current-time&quot;,&quot;mute&quot;,&quot;volume&quot;,&quot;settings&quot;,&quot;fullscreen&quot;],&quot;settings&quot;:[&quot;captions&quot;,&quot;quality&quot;,&quot;speed&quot;,&quot;loop&quot;],&quot;loadSprite&quot;:true,&quot;autoplay&quot;:true,&quot;seekTime&quot;:10,&quot;volume&quot;:1,&quot;muted&quot;:false,&quot;hideControls&quot;:true,&quot;resetOnEnd&quot;:false,&quot;tooltips&quot;:{&quot;controls&quot;:true,&quot;seek&quot;:true},&quot;captions&quot;:{&quot;active&quot;:false,&quot;language&quot;:&quot;auto&quot;,&quot;update&quot;:true},&quot;ratio&quot;:null,&quot;storage&quot;:{&quot;enabled&quot;:true,&quot;key&quot;:&quot;plyr&quot;},&quot;speed&quot;:{&quot;options&quot;:[&quot;1&quot;,&quot;2&quot;,&quot;3&quot;,&quot;0.5&quot;,&quot;0.75&quot;,&quot;1.25&quot;,&quot;1.5&quot;,&quot;1.75&quot;,&quot;2.5&quot;]},&quot;loop&quot;:{&quot;active&quot;:true},&quot;ads&quot;:{&quot;enabled&quot;:true},&quot;urls&quot;:{&quot;enabled&quot;:false},&quot;markers&quot;:{&quot;enabled&quot;:true,&quot;points&quot;:[]},&quot;preload&quot;:&quot;metadata&quot;,&quot;imported&quot;:true},&quot;additionalID&quot;:&quot;&quot;,&quot;features&quot;:{&quot;popup&quot;:{&quot;enabled&quot;:false,&quot;type&quot;:&quot;poster&quot;,&quot;btnText&quot;:&quot;Watch Video&quot;,&quot;align&quot;:&quot;center&quot;,&quot;btnStyle&quot;:{&quot;color&quot;:&quot;#fff&quot;,&quot;backgroundColor&quot;:&quot;#006BA1&quot;,&quot;fontSize&quot;:&quot;16px&quot;,&quot;padding&quot;:{&quot;top&quot;:&quot;10px&quot;,&quot;right&quot;:&quot;20px&quot;,&quot;bottom&quot;:&quot;10px&quot;,&quot;left&quot;:&quot;20px&quot;}}},&quot;overlay&quot;:{&quot;enabled&quot;:false,&quot;items&quot;:[{&quot;color&quot;:&quot;#ffffff&quot;,&quot;backgroundColor&quot;:&quot;#333&quot;,&quot;fontSize&quot;:{&quot;number&quot;:20,&quot;unit&quot;:&quot;px&quot;},&quot;position&quot;:&quot;top_right&quot;,&quot;type&quot;:&quot;logo&quot;,&quot;opacity&quot;:0.8000000000000000444089209850062616169452667236328125}]},&quot;endScreen&quot;:{&quot;enabled&quot;:false,&quot;text&quot;:&quot;Endscreen text&quot;,&quot;btnText&quot;:&quot;Watch Again&quot;,&quot;btnLink&quot;:&quot;#&quot;,&quot;btnStyle&quot;:[]},&quot;thumbInPause&quot;:{&quot;enabled&quot;:false,&quot;type&quot;:&quot;default&quot;},&quot;watermark&quot;:{&quot;color&quot;:&quot;#f00&quot;},&quot;sticky&quot;:{&quot;enabled&quot;:false,&quot;position&quot;:&quot;top_right&quot;},&quot;playWhenVisible&quot;:false,&quot;disablePause&quot;:false,&quot;hideYoutubeUI&quot;:false,&quot;startTime&quot;:0,&quot;hideLoadingPlaceholder&quot;:false},&quot;data&quot;:[],&quot;propagans&quot;:false,&quot;customDownloadURL&quot;:false,&quot;captionEnabled&quot;:false,&quot;disableDownload&quot;:false,&quot;disablePause&quot;:false,&quot;startTime&quot;:0,&quot;thumbInPause&quot;:false,&quot;thumbStyle&quot;:&quot;default&quot;,&quot;autoplayWhenVisible&quot;:false,&quot;saveState&quot;:true,&quot;protected&quot;:false,&quot;captions&quot;:[{&quot;label&quot;:&quot;label&quot;,&quot;caption_file&quot;:&quot;&quot;}],&quot;qualities&quot;:[],&quot;source&quot;:&quot;https:\\\/\\\/www.coregen.com.tr\\\/wp-content\\\/uploads\\\/2025\\\/08\\\/fabrika-montaji.mp4&quot;,&quot;poster&quot;:false,&quot;hideYoutubeUI&quot;:false,&quot;branding&quot;:{&quot;enabled&quot;:false,&quot;color&quot;:&quot;#ffffff&quot;},&quot;styles&quot;:{&quot;plyr_wrapper&quot;:{&quot;width&quot;:&quot;100%&quot;},&quot;plyr&quot;:{&quot;borderRadius&quot;:&quot;0px&quot;}},&quot;imported&quot;:true,&quot;uniqueId&quot;:&quot;h5vpc22f86af&quot;,&quot;width&quot;:{&quot;deprecated&quot;:true,&quot;number&quot;:100,&quot;unit&quot;:&quot;%&quot;,&quot;isDeprecated&quot;:true},&quot;provider&quot;:&quot;library&quot;,&quot;quality&quot;:[],&quot;subtitle&quot;:[{&quot;label&quot;:&quot;label&quot;,&quot;caption_file&quot;:&quot;&quot;}],&quot;CSS&quot;:&quot;&quot;,&quot;isCDURL&quot;:false,&quot;posterTime&quot;:20,&quot;chapters&quot;:[],&quot;controls&quot;:{&quot;play-large&quot;:true,&quot;restart&quot;:false,&quot;rewind&quot;:false,&quot;play&quot;:true,&quot;fast-forward&quot;:false,&quot;progress&quot;:true,&quot;current-time&quot;:true,&quot;duration&quot;:false,&quot;mute&quot;:true,&quot;volume&quot;:true,&quot;pip&quot;:false,&quot;airplay&quot;:false,&quot;settings&quot;:true,&quot;downlaod&quot;:false,&quot;fullscreen&quot;:true},&quot;brandColor&quot;:&quot;#00B3FF&quot;,&quot;radius&quot;:{&quot;number&quot;:0,&quot;unit&quot;:&quot;px&quot;},&quot;repeat&quot;:false,&quot;autoplay&quot;:false,&quot;muted&quot;:false,&quot;sticky&quot;:false,&quot;stickyPosition&quot;:&quot;top-right&quot;,&quot;popup&quot;:false,&quot;popupType&quot;:&quot;poster&quot;,&quot;playsinline&quot;:false,&quot;popupBtnStyle&quot;:{&quot;color&quot;:&quot;#fff&quot;,&quot;backgroundColor&quot;:&quot;#006BA1&quot;,&quot;fontSize&quot;:&quot;16px&quot;,&quot;padding&quot;:{&quot;top&quot;:&quot;10px&quot;,&quot;right&quot;:&quot;20px&quot;,&quot;bottom&quot;:&quot;10px&quot;,&quot;left&quot;:&quot;20px&quot;},&quot;align&quot;:&quot;center&quot;},&quot;popupBtnText&quot;:&quot;Watch Video&quot;,&quot;resetOnEnd&quot;:false,&quot;autoHideControl&quot;:true,&quot;protectedText&quot;:&quot;Please enter password to wath the video&quot;,&quot;seekTime&quot;:10,&quot;preload&quot;:&quot;metadata&quot;,&quot;overlay&quot;:false,&quot;overlayPosition&quot;:&quot;top_right&quot;,&quot;overlayBackground&quot;:&quot;#333&quot;,&quot;overlayOpacity&quot;:0.8000000000000000444089209850062616169452667236328125,&quot;overlayTextColor&quot;:&quot;#ffffff&quot;,&quot;overlayFontSize&quot;:{&quot;number&quot;:20,&quot;unit&quot;:&quot;px&quot;},&quot;overlayTextHoverColor&quot;:&quot;#ffffff&quot;,&quot;endScreen&quot;:{&quot;enabled&quot;:false,&quot;text&quot;:&quot;Simple Text&quot;,&quot;btnText&quot;:&quot;Watch Again&quot;,&quot;btnLink&quot;:&quot;&quot;,&quot;btnStyle&quot;:[]},&quot;endscreen&quot;:false,&quot;endscreenText&quot;:&quot;Endscreen text&quot;,&quot;endscreenTextLink&quot;:&quot;#&quot;,&quot;streaming&quot;:false,&quot;streamingType&quot;:&quot;hls&quot;,&quot;speed&quot;:{&quot;1&quot;:true,&quot;2&quot;:true,&quot;3&quot;:true,&quot;0.5&quot;:true,&quot;0.75&quot;:true,&quot;1.25&quot;:true,&quot;1.5&quot;:true,&quot;1.75&quot;:true,&quot;2.5&quot;:true}}\">\r\n            <div class=\"preload_poster\" style=\"background: url();background-position: 50% 50%;overflow:hidden;aspect-ratio:\">\r\n                <svg width=\"36px\" height=\"36px\" viewbox=\"0 0 15 15\" fill=\"none\" xmlns=\"http:\/\/www.w3.org\/2000\/svg\">\r\n                    <path d=\"M4.79062 2.09314C4.63821 1.98427 4.43774 1.96972 4.27121 2.05542C4.10467 2.14112 4 2.31271 4 2.5V12.5C4 12.6873 4.10467 12.8589 4.27121 12.9446C4.43774 13.0303 4.63821 13.0157 4.79062 12.9069L11.7906 7.90687C11.922 7.81301 12 7.66148 12 7.5C12 7.33853 11.922 7.18699 11.7906 7.09314L4.79062 2.09314Z\" fill=\"#fff\"\/>\r\n                <\/svg>\r\n            <\/div>\r\n        <\/div>\r\n        \n\n\t\t<\/div>\n\t<\/div>\n<\/div><\/div><\/div><div class=\"vc_row wpb_row row top-row\"><div class=\"vc_column_container col-md-4\"><div class=\"wpb_wrapper vc_column-inner\"><div class=\"porto-image-frame\"><div class=\"thumb-info thumb-info-hide-wrapper-bg thumb-info-box-shadow\"><a href=\"https:\/\/www.coregen.com.tr\/en\/numune-alma-sistemleri\/vakumlu-kan-alma-tupleri-sari-jelli-pihti-aktivatoru-cat\/\" title=\"Vacuum Blood Collection Tubes (Yellow Gel Clot Activator \/ CAT)\" target=\"_self\"><span class=\"thumb-info-wrapper\"><img loading=\"lazy\" decoding=\"async\" alt=\"\" src=\"\/\/www.coregen.com.tr\/wp-content\/uploads\/2025\/08\/1.jpg\" class=\"img-responsive\" width=\"1000\" height=\"1018\"><span class=\"thumb-info-title\"><span class=\"thumb-info-inner\">Vacuum Blood Collection Tubes<em><\/em><\/span><span class=\"thumb-info-type\">Yellow Gel Clot Activator \/ CAT<\/span><\/span><span class=\"thumb-info-action\"><span class=\"thumb-info-action-icon\"><i class=\"fas fa-link\"><\/i><\/span><\/span><\/span><\/a><\/div><\/div><\/div><\/div><div class=\"vc_column_container col-md-4\"><div class=\"wpb_wrapper vc_column-inner\"><div class=\"porto-image-frame\"><div class=\"thumb-info thumb-info-hide-wrapper-bg thumb-info-box-shadow\"><a href=\"https:\/\/www.coregen.com.tr\/en\/numune-alma-sistemleri\/vakumlu-kan-toplama-tupleri-lavanta-k3-edta-k3e\/\" title=\"Vacuum Blood Collection Tubes (Lavender K3 EDTA \/ K3E)\" target=\"_self\"><span class=\"thumb-info-wrapper\"><img loading=\"lazy\" decoding=\"async\" alt=\"\" src=\"\/\/www.coregen.com.tr\/wp-content\/uploads\/2025\/08\/2.jpg\" class=\"img-responsive\" width=\"1000\" height=\"1018\"><span class=\"thumb-info-title\"><span class=\"thumb-info-inner\">Vacuum Blood Collection Tubes<em><\/em><\/span><span class=\"thumb-info-type\">Lavender K3 EDTA \/ K3E<\/span><\/span><span class=\"thumb-info-action\"><span class=\"thumb-info-action-icon\"><i class=\"fas fa-link\"><\/i><\/span><\/span><\/span><\/a><\/div><\/div><\/div><\/div><div class=\"vc_column_container col-md-4\"><div class=\"wpb_wrapper vc_column-inner\"><div class=\"porto-image-frame\"><div class=\"thumb-info thumb-info-hide-wrapper-bg thumb-info-box-shadow\"><a href=\"https:\/\/www.coregen.com.tr\/en\/numune-alma-sistemleri\/vakumlu-kan-toplama-tupleri-mavi-sodyum-sitratli-tup\/\" title=\"VAKUMLU KAN TOPLAMA T\u00dcPLER\u0130 (Mavi Sodyum Sitratl\u0131 T\u00fcp)\" target=\"_self\"><span class=\"thumb-info-wrapper\"><img loading=\"lazy\" decoding=\"async\" alt=\"\" src=\"\/\/www.coregen.com.tr\/wp-content\/uploads\/2025\/08\/3.jpg\" class=\"img-responsive\" width=\"1000\" height=\"1018\"><span class=\"thumb-info-title\"><span class=\"thumb-info-inner\">Vacuum Blood Collection Tubes<em><\/em><\/span><span class=\"thumb-info-type\">Blue Sodium Citrate Tube<\/span><\/span><span class=\"thumb-info-action\"><span class=\"thumb-info-action-icon\"><i class=\"fas fa-link\"><\/i><\/span><\/span><\/span><\/a><\/div><\/div><\/div><\/div><\/div><div class=\"vc_row wpb_row row top-row\"><div class=\"vc_column_container col-md-4\"><div class=\"wpb_wrapper vc_column-inner\"><div class=\"porto-image-frame\"><div class=\"thumb-info thumb-info-hide-wrapper-bg thumb-info-box-shadow\"><a href=\"https:\/\/www.coregen.com.tr\/en\/numune-alma-sistemleri\/parcali-contali-ignesiz-2-ml-lityum-heparin-icerikli-arterial-kan-gazi-siringasi-pulverize\/\" title=\"Arterial Blood Gas Syringe (Pulverized)\" target=\"_self\"><span class=\"thumb-info-wrapper\"><img loading=\"lazy\" decoding=\"async\" alt=\"\" src=\"\/\/www.coregen.com.tr\/wp-content\/uploads\/2025\/08\/4.jpg\" class=\"img-responsive\" width=\"1000\" height=\"1018\"><span class=\"thumb-info-title\"><span class=\"thumb-info-inner\">Blood Gas Syringe (Pulverized)<em><\/em><\/span><span class=\"thumb-info-type\">2 ml Lithium Heparin Arterial Syringe, with Split Gasket, Needle-Free<\/span><\/span><span class=\"thumb-info-action\"><span class=\"thumb-info-action-icon\"><i class=\"fas fa-link\"><\/i><\/span><\/span><\/span><\/a><\/div><\/div><\/div><\/div><div class=\"vc_column_container col-md-4\"><div class=\"wpb_wrapper vc_column-inner\"><div class=\"porto-image-frame\"><div class=\"thumb-info thumb-info-hide-wrapper-bg thumb-info-box-shadow\"><a href=\"https:\/\/www.coregen.com.tr\/en\/numune-alma-sistemleri\/idrar-tupu-16x100-mm-10-ml-katkisiz-z\/\" title=\"\u0130DRAR T\u00dcP\u00dc (16\u00d7100 mm \u2013 10 ml Katk\u0131s\u0131z \/ Z)\" target=\"_self\"><span class=\"thumb-info-wrapper\"><img loading=\"lazy\" decoding=\"async\" alt=\"\" src=\"\/\/www.coregen.com.tr\/wp-content\/uploads\/2025\/08\/5.jpg\" class=\"img-responsive\" width=\"1000\" height=\"1018\"><span class=\"thumb-info-title\"><span class=\"thumb-info-inner\">Urine Tube<em><\/em><\/span><span class=\"thumb-info-type\">16x100 mm - 10 ml Plain \/ Z<\/span><\/span><span class=\"thumb-info-action\"><span class=\"thumb-info-action-icon\"><i class=\"fas fa-link\"><\/i><\/span><\/span><\/span><\/a><\/div><\/div><\/div><\/div><div class=\"vc_column_container col-md-4\"><div class=\"wpb_wrapper vc_column-inner\"><div class=\"porto-image-frame\"><div class=\"thumb-info thumb-info-hide-wrapper-bg thumb-info-box-shadow\"><a href=\"https:\/\/www.coregen.com.tr\/en\/numune-alma-sistemleri\/entegre-sistem-vakumlu-numune-kabi\/\" title=\"Integrated System Vacuum Sample Container\" target=\"_self\"><span class=\"thumb-info-wrapper\"><img loading=\"lazy\" decoding=\"async\" alt=\"\" src=\"\/\/www.coregen.com.tr\/wp-content\/uploads\/2025\/08\/6.jpg\" class=\"img-responsive\" width=\"1000\" height=\"1018\"><span class=\"thumb-info-title\"><span class=\"thumb-info-inner\">Vacuum Sample Container<em><\/em><\/span><span class=\"thumb-info-type\">Integrated System<\/span><\/span><span class=\"thumb-info-action\"><span class=\"thumb-info-action-icon\"><i class=\"fas fa-link\"><\/i><\/span><\/span><\/span><\/a><\/div><\/div><\/div><\/div><\/div><div class=\"vc_row wpb_row row top-row\"><div class=\"vc_column_container col-md-4\"><div class=\"wpb_wrapper vc_column-inner\"><div class=\"porto-image-frame\"><div class=\"thumb-info thumb-info-hide-wrapper-bg thumb-info-box-shadow\"><a href=\"https:\/\/www.coregen.com.tr\/en\/numune-alma-sistemleri\/steril-idrar-bardagi\/\" title=\"Sterile Urine Cup\" target=\"_self\"><span class=\"thumb-info-wrapper\"><img loading=\"lazy\" decoding=\"async\" alt=\"\" src=\"\/\/www.coregen.com.tr\/wp-content\/uploads\/2025\/08\/7.jpg\" class=\"img-responsive\" width=\"1000\" height=\"1018\"><span class=\"thumb-info-title\"><span class=\"thumb-info-inner\">Sterile Urine Cup<em><\/em><\/span><span class=\"thumb-info-type\">MEDIPLAX<\/span><\/span><span class=\"thumb-info-action\"><span class=\"thumb-info-action-icon\"><i class=\"fas fa-link\"><\/i><\/span><\/span><\/span><\/a><\/div><\/div><\/div><\/div><div class=\"vc_column_container col-md-4\"><div class=\"wpb_wrapper vc_column-inner\"><div class=\"porto-image-frame\"><div class=\"thumb-info thumb-info-hide-wrapper-bg thumb-info-box-shadow\"><a href=\"https:\/\/www.coregen.com.tr\/en\/numune-alma-sistemleri\/non-steril-idrar-bardagi\/\" title=\"Non-Sterile Urine Cup\" target=\"_self\"><span class=\"thumb-info-wrapper\"><img loading=\"lazy\" decoding=\"async\" alt=\"\" src=\"\/\/www.coregen.com.tr\/wp-content\/uploads\/2025\/08\/8.jpg\" class=\"img-responsive\" width=\"1000\" height=\"1018\"><span class=\"thumb-info-title\"><span class=\"thumb-info-inner\">Non-Sterile Urine Cup<em><\/em><\/span><span class=\"thumb-info-type\">MEDIPLAX<\/span><\/span><span class=\"thumb-info-action\"><span class=\"thumb-info-action-icon\"><i class=\"fas fa-link\"><\/i><\/span><\/span><\/span><\/a><\/div><\/div><\/div><\/div><div class=\"vc_column_container col-md-4\"><div class=\"wpb_wrapper vc_column-inner\"><div class=\"porto-image-frame\"><div class=\"thumb-info thumb-info-hide-wrapper-bg thumb-info-box-shadow\"><a href=\"https:\/\/www.coregen.com.tr\/en\/numune-alma-sistemleri\/holder-2\/\" title=\"Holder\" target=\"_self\"><span class=\"thumb-info-wrapper\"><img loading=\"lazy\" decoding=\"async\" alt=\"\" src=\"\/\/www.coregen.com.tr\/wp-content\/uploads\/2025\/08\/9.jpg\" class=\"img-responsive\" width=\"1000\" height=\"1018\"><span class=\"thumb-info-title\"><span class=\"thumb-info-inner\">Holder<em><\/em><\/span><span class=\"thumb-info-type\">MEDIPLAX<\/span><\/span><span class=\"thumb-info-action\"><span class=\"thumb-info-action-icon\"><i class=\"fas fa-link\"><\/i><\/span><\/span><\/span><\/a><\/div><\/div><\/div><\/div><\/div><div class=\"vc_row wpb_row row top-row\"><div class=\"vc_column_container col-md-4\"><div class=\"wpb_wrapper vc_column-inner\"><div class=\"porto-image-frame\"><div class=\"thumb-info thumb-info-hide-wrapper-bg thumb-info-box-shadow\"><a href=\"https:\/\/www.coregen.com.tr\/en\/numune-alma-sistemleri\/kasikli-gaita-kabi-non-steril\/\" title=\"Stool Container with Spoon (Non-Sterile)\" target=\"_self\"><span class=\"thumb-info-wrapper\"><img loading=\"lazy\" decoding=\"async\" alt=\"\" src=\"\/\/www.coregen.com.tr\/wp-content\/uploads\/2025\/08\/10.jpg\" class=\"img-responsive\" width=\"1000\" height=\"1018\"><span class=\"thumb-info-title\"><span class=\"thumb-info-inner\">Stool Container with Spoon<em><\/em><\/span><span class=\"thumb-info-type\">NON STER\u0130L<\/span><\/span><span class=\"thumb-info-action\"><span class=\"thumb-info-action-icon\"><i class=\"fas fa-link\"><\/i><\/span><\/span><\/span><\/a><\/div><\/div><\/div><\/div><div class=\"vc_column_container col-md-4\"><div class=\"wpb_wrapper vc_column-inner\"><div class=\"porto-image-frame\"><div class=\"thumb-info thumb-info-hide-wrapper-bg thumb-info-box-shadow\"><a href=\"https:\/\/www.coregen.com.tr\/en\/numune-alma-sistemleri\/konik-tabanli-falcon-tupu-15-ml\/\" title=\"15 ml Conical Bottom Falcon Tube\" target=\"_self\"><span class=\"thumb-info-wrapper\"><img loading=\"lazy\" decoding=\"async\" alt=\"\" src=\"\/\/www.coregen.com.tr\/wp-content\/uploads\/2025\/08\/11.jpg\" class=\"img-responsive\" width=\"1000\" height=\"1018\"><span class=\"thumb-info-title\"><span class=\"thumb-info-inner\">15 ml Conical Bottom Falcon Tube<em><\/em><\/span><span class=\"thumb-info-type\">MEDIPLAX<\/span><\/span><span class=\"thumb-info-action\"><span class=\"thumb-info-action-icon\"><i class=\"fas fa-link\"><\/i><\/span><\/span><\/span><\/a><\/div><\/div><\/div><\/div><div class=\"vc_column_container col-md-4\"><div class=\"wpb_wrapper vc_column-inner\"><div class=\"porto-image-frame\"><div class=\"thumb-info thumb-info-hide-wrapper-bg thumb-info-box-shadow\"><a href=\"https:\/\/www.coregen.com.tr\/en\/numune-alma-sistemleri\/konik-tabanli-falcon-tupu-50-ml-non-steril\/\" title=\"50 ml Conical Bottom Falcon Tube (Non-Sterile)\" target=\"_self\"><span class=\"thumb-info-wrapper\"><img loading=\"lazy\" decoding=\"async\" alt=\"\" src=\"\/\/www.coregen.com.tr\/wp-content\/uploads\/2025\/08\/12.jpg\" class=\"img-responsive\" width=\"1000\" height=\"1018\"><span class=\"thumb-info-title\"><span class=\"thumb-info-inner\">50 ml Conical Bottom Falcon Tube<em><\/em><\/span><span class=\"thumb-info-type\">MEDIPLAX<\/span><\/span><span class=\"thumb-info-action\"><span class=\"thumb-info-action-icon\"><i class=\"fas fa-link\"><\/i><\/span><\/span><\/span><\/a><\/div><\/div><\/div><\/div><\/div><div class=\"vc_row wpb_row row top-row\"><div class=\"vc_column_container col-md-4\"><div class=\"wpb_wrapper vc_column-inner\"><div class=\"porto-image-frame\"><div class=\"thumb-info thumb-info-hide-wrapper-bg thumb-info-box-shadow\"><a href=\"https:\/\/www.coregen.com.tr\/en\/numune-alma-sistemleri\/eppendorf-tupu\/\" title=\"Eppendorf Tube\" target=\"_self\"><span class=\"thumb-info-wrapper\"><img loading=\"lazy\" decoding=\"async\" alt=\"\" src=\"\/\/www.coregen.com.tr\/wp-content\/uploads\/2025\/08\/13.jpg\" class=\"img-responsive\" width=\"1000\" height=\"1018\"><span class=\"thumb-info-title\"><span class=\"thumb-info-inner\">Eppendorf Tube<em><\/em><\/span><span class=\"thumb-info-type\">MEDIPLAX<\/span><\/span><span class=\"thumb-info-action\"><span class=\"thumb-info-action-icon\"><i class=\"fas fa-link\"><\/i><\/span><\/span><\/span><\/a><\/div><\/div><\/div><\/div><div class=\"vc_column_container col-md-4\"><div class=\"wpb_wrapper vc_column-inner\"><\/div><\/div><div class=\"vc_column_container col-md-4\"><div class=\"wpb_wrapper vc_column-inner\"><\/div><\/div><\/div>\n<\/section>","protected":false},"excerpt":{"rendered":"VAKUMLU KAN ALMA T\u00dcPLER\u0130Sar\u0131 Jelli P\u0131ht\u0131 Aktivat\u00f6r\u00fc \/ CATVAKUMLU KAN ALMA T\u00dcPLER\u0130Lavanta K3 EDTA \/ K3EVAKUMLU KAN ALMA T\u00dcPLER\u0130Mavi Sodyum Sitratl\u0131 T\u00fcpKAN GAZI \u015eIRINGASI (P\u00dcLVER\u0130ZE)PAR\u00c7ALI CONTALI, \u0130\u011eNES\u0130Z 2 ML L\u0130TYUM HEPAR\u0130N \u0130\u00c7ER\u0130KL\u0130 ARTER\u0130AL\u0130DRAR T\u00dcP\u00dc16x100 mm - 10 ml Katk\u0131s\u0131z \/ ZVAKUMLU NUMUNE KABIENTEGRE S\u0130STEMSTER\u0130L \u0130DRAR BARDA\u011eIMEDIPLAXNON STER\u0130L \u0130DRAR BARDA\u011eIMEDIPLAXHOLDERMEDIPLAXKA\u015eIKLI GA\u0130TA KABINON STER\u0130LKON\u0130K TABANLI FALCON T\u00dcP\u00dc [...]","protected":false},"author":1,"featured_media":0,"parent":0,"menu_order":0,"comment_status":"closed","ping_status":"closed","template":"","meta":{"footnotes":""},"class_list":["post-2410","page","type-page","status-publish","hentry"],"_links":{"self":[{"href":"https:\/\/www.coregen.com.tr\/en\/wp-json\/wp\/v2\/pages\/2410"}],"collection":[{"href":"https:\/\/www.coregen.com.tr\/en\/wp-json\/wp\/v2\/pages"}],"about":[{"href":"https:\/\/www.coregen.com.tr\/en\/wp-json\/wp\/v2\/types\/page"}],"author":[{"embeddable":true,"href":"https:\/\/www.coregen.com.tr\/en\/wp-json\/wp\/v2\/users\/1"}],"replies":[{"embeddable":true,"href":"https:\/\/www.coregen.com.tr\/en\/wp-json\/wp\/v2\/comments?post=2410"}],"version-history":[{"count":11,"href":"https:\/\/www.coregen.com.tr\/en\/wp-json\/wp\/v2\/pages\/2410\/revisions"}],"predecessor-version":[{"id":3242,"href":"https:\/\/www.coregen.com.tr\/en\/wp-json\/wp\/v2\/pages\/2410\/revisions\/3242"}],"wp:attachment":[{"href":"https:\/\/www.coregen.com.tr\/en\/wp-json\/wp\/v2\/media?parent=2410"}],"curies":[{"name":"wp","href":"https:\/\/api.w.org\/{rel}","templated":true}]}}