{"id":2422,"date":"2023-08-13T08:32:27","date_gmt":"2023-08-13T08:32:27","guid":{"rendered":"https:\/\/www.coregen.com.tr\/?page_id=2422"},"modified":"2025-06-11T07:54:26","modified_gmt":"2025-06-11T07:54:26","slug":"patoloji","status":"publish","type":"page","link":"https:\/\/www.coregen.com.tr\/en\/patoloji\/","title":{"rendered":"PATHOLOGY"},"content":{"rendered":"<section class=\"wpb-content-wrapper\"><div class=\"vc_row wpb_row row top-row\"><div class=\"vc_column_container col-md-6\"><div class=\"wpb_wrapper vc_column-inner\"><div class=\"porto-image-frame\"><div class=\"thumb-info thumb-info-hide-wrapper-bg thumb-info-box-shadow\"><a href=\"https:\/\/www.coregen.com.tr\/en\/patoloji\/corebiotech-sivi-bazli-sitoloji\/\" title=\"\" target=\"_self\"><span class=\"thumb-info-wrapper\"><img loading=\"lazy\" decoding=\"async\" alt=\"\" src=\"\/\/www.coregen.com.tr\/wp-content\/uploads\/2023\/11\/corebiotech-logo.jpg\" class=\"img-responsive\" width=\"600\" height=\"400\"><span class=\"thumb-info-title\"><span class=\"thumb-info-inner\">COREBIOTECH<em><\/em><\/span><span class=\"thumb-info-type\">S\u0131v\u0131 Bazl\u0131 Sitoloji<\/span><\/span><span class=\"thumb-info-action\"><span class=\"thumb-info-action-icon\"><i class=\"fas fa-link\"><\/i><\/span><\/span><\/span><\/a><\/div><\/div><\/div><\/div><div class=\"vc_column_container col-md-6\"><div class=\"wpb_wrapper vc_column-inner\"><div class=\"porto-image-frame\"><div class=\"thumb-info thumb-info-hide-wrapper-bg thumb-info-box-shadow\"><a href=\"https:\/\/www.coregen.com.tr\/en\/patoloji\/talent\/\" title=\"TALENT\" target=\"_self\"><span class=\"thumb-info-wrapper\"><img loading=\"lazy\" decoding=\"async\" alt=\"\" src=\"\/\/www.coregen.com.tr\/wp-content\/uploads\/2025\/05\/talent.jpg\" class=\"img-responsive\" width=\"600\" height=\"400\"><span class=\"thumb-info-title\"><span class=\"thumb-info-inner\">PATHOLOGY<em><\/em><\/span><span class=\"thumb-info-type\">S\u0131v\u0131 Bazl\u0131 Sitoloji<\/span><\/span><span class=\"thumb-info-action\"><span class=\"thumb-info-action-icon\"><i class=\"fas fa-link\"><\/i><\/span><\/span><\/span><\/a><\/div><\/div><\/div><\/div><\/div>\n<\/section>","protected":false},"excerpt":{"rendered":"COREBIOTECHS\u0131v\u0131 Bazl\u0131 SitolojiPATOLOJ\u0130S\u0131v\u0131 Bazl\u0131 Sitoloji","protected":false},"author":1,"featured_media":0,"parent":0,"menu_order":0,"comment_status":"closed","ping_status":"closed","template":"","meta":{"footnotes":""},"class_list":["post-2422","page","type-page","status-publish","hentry"],"_links":{"self":[{"href":"https:\/\/www.coregen.com.tr\/en\/wp-json\/wp\/v2\/pages\/2422"}],"collection":[{"href":"https:\/\/www.coregen.com.tr\/en\/wp-json\/wp\/v2\/pages"}],"about":[{"href":"https:\/\/www.coregen.com.tr\/en\/wp-json\/wp\/v2\/types\/page"}],"author":[{"embeddable":true,"href":"https:\/\/www.coregen.com.tr\/en\/wp-json\/wp\/v2\/users\/1"}],"replies":[{"embeddable":true,"href":"https:\/\/www.coregen.com.tr\/en\/wp-json\/wp\/v2\/comments?post=2422"}],"version-history":[{"count":7,"href":"https:\/\/www.coregen.com.tr\/en\/wp-json\/wp\/v2\/pages\/2422\/revisions"}],"predecessor-version":[{"id":3012,"href":"https:\/\/www.coregen.com.tr\/en\/wp-json\/wp\/v2\/pages\/2422\/revisions\/3012"}],"wp:attachment":[{"href":"https:\/\/www.coregen.com.tr\/en\/wp-json\/wp\/v2\/media?parent=2422"}],"curies":[{"name":"wp","href":"https:\/\/api.w.org\/{rel}","templated":true}]}}