{"id":2463,"date":"2023-08-13T09:38:02","date_gmt":"2023-08-13T09:38:02","guid":{"rendered":"https:\/\/www.coregen.com.tr\/?page_id=2463"},"modified":"2023-10-25T06:27:34","modified_gmt":"2023-10-25T06:27:34","slug":"hemoglobin-varyant-2","status":"publish","type":"page","link":"https:\/\/www.coregen.com.tr\/en\/biyokimya\/trinity-biotech\/hemoglobin-varyant-2\/","title":{"rendered":"HEMOGLOBIN VARYANT"},"content":{"rendered":"<section class=\"wpb-content-wrapper\"><div class=\"vc_row wpb_row row top-row\"><div class=\"vc_column_container col-md-6\"><div class=\"wpb_wrapper vc_column-inner\">\n\t<div class=\"wpb_text_column wpb_content_element\" >\n\t\t<div class=\"wpb_wrapper\">\n\t\t\t<p>Premier Resolution software is a haemoglobin fractionation system using the principles of ion exchange chromatography and high performance liquid chromatography. The Premier Resolution system is designed to provide the maximum amount of information in the shortest possible time. It combines the sensitivity and specificity of HPLC with automation software and provides assistance in data evaluation.<\/p>\n<p>Trinity Biotech Premier Resolution is a new ion exchange HPLC analyser that offers a fully automated and flexible approach for the reliable and precise quantitation of haemoglobin A2 and F and the detection of common and rare Hb variants.<\/p>\n<p>Increase your laboratory productivity with the new Premier Resolution, thanks to its flexibility, usability and the combination of the highest level of technological innovation that ensures accuracy and reliability to meet a variety of testing needs.<\/p>\n\n\t\t<\/div>\n\t<\/div>\n<\/div><\/div><div class=\"vc_column_container col-md-6\"><div class=\"wpb_wrapper vc_column-inner\">\r\n\t<div class=\"wpb_single_image wpb_content_element vc_align_left\">\r\n\t\t<div class=\"wpb_wrapper\">\r\n\t\t\t\r\n\t\t\t<div class=\"vc_single_image-wrapper   vc_box_border_grey\"><img loading=\"lazy\" decoding=\"async\" width=\"1200\" height=\"798\" src=\"https:\/\/www.coregen.com.tr\/wp-content\/uploads\/2023\/08\/HEMOGLOBIN-VARYANT-.jpg\" class=\"vc_single_image-img attachment-full\" alt=\"\" title=\"HEMOGLOBIN-VARYANT-\" srcset=\"https:\/\/www.coregen.com.tr\/wp-content\/uploads\/2023\/08\/HEMOGLOBIN-VARYANT-.jpg 1200w, https:\/\/www.coregen.com.tr\/wp-content\/uploads\/2023\/08\/HEMOGLOBIN-VARYANT--1000x665.jpg 1000w, https:\/\/www.coregen.com.tr\/wp-content\/uploads\/2023\/08\/HEMOGLOBIN-VARYANT--768x511.jpg 768w, https:\/\/www.coregen.com.tr\/wp-content\/uploads\/2023\/08\/HEMOGLOBIN-VARYANT--1024x681.jpg 1024w, https:\/\/www.coregen.com.tr\/wp-content\/uploads\/2023\/08\/HEMOGLOBIN-VARYANT--640x426.jpg 640w, https:\/\/www.coregen.com.tr\/wp-content\/uploads\/2023\/08\/HEMOGLOBIN-VARYANT--400x266.jpg 400w\" sizes=\"(max-width: 1200px) 100vw, 1200px\" \/><\/div>\r\n\t\t<\/div>\r\n\t<\/div>\r\n<\/div><\/div><\/div><div class=\"vc_row wpb_row row top-row\"><div class=\"vc_column_container col-md-12\"><div class=\"wpb_wrapper vc_column-inner\">\n\t<div class=\"wpb_text_column wpb_content_element\" >\n\t\t<div class=\"wpb_wrapper\">\n\t\t\t<p>Deatils : <a href=\"https:\/\/www.trinitybiotech.com\/products\/premier-hb9210-resolution-4\/\" target=\"_blank\" rel=\"noopener\">https:\/\/www.trinitybiotech.com\/products\/premier-hb9210-resolution-4\/<\/a><\/p>\n\n\t\t<\/div>\n\t<\/div>\n<\/div><\/div><\/div>\n<\/section>","protected":false},"excerpt":{"rendered":"Premier Resolution yaz\u0131l\u0131m\u0131, iyon de\u011fi\u015fim kromatografisi ve y\u00fcksek performansl\u0131 s\u0131v\u0131 kromatografisi prensiplerini kullanan bir hemoglobin fraksiyonlama sistemidir. Premier Resolution sistemi, m\u00fcmk\u00fcn olan en k\u0131sa s\u00fcrede maksimum miktarda bilgi sa\u011flamak \u00fczere tasarlanm\u0131\u015ft\u0131r. Bu y\u00f6ntem HPLC'nin hassasiyetini ve \u00f6zg\u00fcll\u00fc\u011f\u00fcn\u00fc otomasyon yaz\u0131l\u0131m\u0131 ile birle\u015ftirir ve verilerin de\u011ferlendirilmesinde yard\u0131m sa\u011flar. Trinity Biotech Premier Resolution, hemoglobin A2 ve F'nin g\u00fcvenilir [...]","protected":false},"author":1,"featured_media":0,"parent":2384,"menu_order":0,"comment_status":"closed","ping_status":"closed","template":"","meta":{"footnotes":""},"class_list":["post-2463","page","type-page","status-publish","hentry"],"_links":{"self":[{"href":"https:\/\/www.coregen.com.tr\/en\/wp-json\/wp\/v2\/pages\/2463"}],"collection":[{"href":"https:\/\/www.coregen.com.tr\/en\/wp-json\/wp\/v2\/pages"}],"about":[{"href":"https:\/\/www.coregen.com.tr\/en\/wp-json\/wp\/v2\/types\/page"}],"author":[{"embeddable":true,"href":"https:\/\/www.coregen.com.tr\/en\/wp-json\/wp\/v2\/users\/1"}],"replies":[{"embeddable":true,"href":"https:\/\/www.coregen.com.tr\/en\/wp-json\/wp\/v2\/comments?post=2463"}],"version-history":[{"count":5,"href":"https:\/\/www.coregen.com.tr\/en\/wp-json\/wp\/v2\/pages\/2463\/revisions"}],"predecessor-version":[{"id":2501,"href":"https:\/\/www.coregen.com.tr\/en\/wp-json\/wp\/v2\/pages\/2463\/revisions\/2501"}],"up":[{"embeddable":true,"href":"https:\/\/www.coregen.com.tr\/en\/wp-json\/wp\/v2\/pages\/2384"}],"wp:attachment":[{"href":"https:\/\/www.coregen.com.tr\/en\/wp-json\/wp\/v2\/media?parent=2463"}],"curies":[{"name":"wp","href":"https:\/\/api.w.org\/{rel}","templated":true}]}}