{"id":2675,"date":"2023-11-25T13:08:43","date_gmt":"2023-11-25T13:08:43","guid":{"rendered":"https:\/\/www.coregen.com.tr\/?page_id=2675"},"modified":"2025-06-12T05:28:34","modified_gmt":"2025-06-12T05:28:34","slug":"urun-ve-hizmetler","status":"publish","type":"page","link":"https:\/\/www.coregen.com.tr\/en\/urun-ve-hizmetler\/","title":{"rendered":"Products and Services"},"content":{"rendered":"<section class=\"wpb-content-wrapper\"><div class=\"vc_row wpb_row row top-row\"><div class=\"vc_column_container col-md-4\"><div class=\"wpb_wrapper vc_column-inner\"><div class=\"porto-image-frame\"><div class=\"thumb-info thumb-info-hide-wrapper-bg\"><a href=\"https:\/\/www.coregen.com.tr\/en\/biyokimya\/\" title=\"\" target=\"_self\"><span class=\"thumb-info-wrapper\"><img loading=\"lazy\" decoding=\"async\" alt=\"\" src=\"\/\/www.coregen.com.tr\/wp-content\/uploads\/2023\/11\/biyokimya-.jpg\" class=\"img-responsive\" width=\"600\" height=\"400\"><span class=\"thumb-info-title\"><span class=\"thumb-info-inner\">Biochemistry<em><\/em><\/span><span class=\"thumb-info-type\">COREGEN DIAGNOSTICS<\/span><\/span><span class=\"thumb-info-action\"><span class=\"thumb-info-action-icon\"><i class=\"fas fa-link\"><\/i><\/span><\/span><\/span><\/a><\/div><\/div><\/div><\/div><div class=\"vc_column_container col-md-4\"><div class=\"wpb_wrapper vc_column-inner\"><div class=\"porto-image-frame\"><div class=\"thumb-info thumb-info-hide-wrapper-bg\"><a href=\"https:\/\/www.coregen.com.tr\/en\/immunoassay\/\" title=\"\" target=\"_self\"><span class=\"thumb-info-wrapper\"><img loading=\"lazy\" decoding=\"async\" alt=\"\" src=\"\/\/www.coregen.com.tr\/wp-content\/uploads\/2024\/04\/immo-img.jpg\" class=\"img-responsive\" width=\"600\" height=\"400\"><span class=\"thumb-info-title\"><span class=\"thumb-info-inner\">Immunoassay<em><\/em><\/span><span class=\"thumb-info-type\">COREGEN DIAGNOSTICS<\/span><\/span><span class=\"thumb-info-action\"><span class=\"thumb-info-action-icon\"><i class=\"fas fa-link\"><\/i><\/span><\/span><\/span><\/a><\/div><\/div><\/div><\/div><div class=\"vc_column_container col-md-4\"><div class=\"wpb_wrapper vc_column-inner\"><div class=\"porto-image-frame\"><div class=\"thumb-info thumb-info-hide-wrapper-bg\"><a href=\"https:\/\/www.coregen.com.tr\/en\/hematoloji\/\" title=\"\" target=\"_self\"><span class=\"thumb-info-wrapper\"><img loading=\"lazy\" decoding=\"async\" alt=\"\" src=\"\/\/www.coregen.com.tr\/wp-content\/uploads\/2023\/11\/hematoloji-1-1.jpg\" class=\"img-responsive\" width=\"600\" height=\"400\"><span class=\"thumb-info-title\"><span class=\"thumb-info-inner\">Haematology<em><\/em><\/span><span class=\"thumb-info-type\">COREGEN DIAGNOSTICS<\/span><\/span><span class=\"thumb-info-action\"><span class=\"thumb-info-action-icon\"><i class=\"fas fa-link\"><\/i><\/span><\/span><\/span><\/a><\/div><\/div><\/div><\/div><\/div><div class=\"vc_row wpb_row row top-row\"><div class=\"vc_column_container col-md-4\"><div class=\"wpb_wrapper vc_column-inner\"><div class=\"porto-image-frame\"><div class=\"thumb-info thumb-info-hide-wrapper-bg\"><a href=\"https:\/\/www.coregen.com.tr\/en\/mikrobiyoloji\/\" title=\"\" target=\"_self\"><span class=\"thumb-info-wrapper\"><img loading=\"lazy\" decoding=\"async\" alt=\"\" src=\"\/\/www.coregen.com.tr\/wp-content\/uploads\/2023\/11\/mikrobiyoloji-.jpg\" class=\"img-responsive\" width=\"600\" height=\"400\"><span class=\"thumb-info-title\"><span class=\"thumb-info-inner\">Microbiology<em><\/em><\/span><span class=\"thumb-info-type\">COREGEN DIAGNOSTICS<\/span><\/span><span class=\"thumb-info-action\"><span class=\"thumb-info-action-icon\"><i class=\"fas fa-link\"><\/i><\/span><\/span><\/span><\/a><\/div><\/div><\/div><\/div><div class=\"vc_column_container col-md-4\"><div class=\"wpb_wrapper vc_column-inner\"><div class=\"porto-image-frame\"><div class=\"thumb-info thumb-info-hide-wrapper-bg\"><a href=\"https:\/\/www.coregen.com.tr\/en\/numune-alma-sistemleri\/\" title=\"\" target=\"_self\"><span class=\"thumb-info-wrapper\"><img loading=\"lazy\" decoding=\"async\" alt=\"\" src=\"\/\/www.coregen.com.tr\/wp-content\/uploads\/2023\/11\/numune-alma-sistemleri-.jpg\" class=\"img-responsive\" width=\"600\" height=\"400\"><span class=\"thumb-info-title\"><span class=\"thumb-info-inner\">Sampling Systems<em><\/em><\/span><span class=\"thumb-info-type\">COREGEN DIAGNOSTICS<\/span><\/span><span class=\"thumb-info-action\"><span class=\"thumb-info-action-icon\"><i class=\"fas fa-link\"><\/i><\/span><\/span><\/span><\/a><\/div><\/div><\/div><\/div><div class=\"vc_column_container col-md-4\"><div class=\"wpb_wrapper vc_column-inner\"><div class=\"porto-image-frame\"><div class=\"thumb-info thumb-info-hide-wrapper-bg\"><a href=\"https:\/\/www.coregen.com.tr\/en\/patoloji\/\" title=\"\" target=\"_self\"><span class=\"thumb-info-wrapper\"><img loading=\"lazy\" decoding=\"async\" alt=\"\" src=\"\/\/www.coregen.com.tr\/wp-content\/uploads\/2023\/11\/pataloji-.jpg\" class=\"img-responsive\" width=\"600\" height=\"400\"><span class=\"thumb-info-title\"><span class=\"thumb-info-inner\">Pathology<em><\/em><\/span><span class=\"thumb-info-type\">COREGEN DIAGNOSTICS<\/span><\/span><span class=\"thumb-info-action\"><span class=\"thumb-info-action-icon\"><i class=\"fas fa-link\"><\/i><\/span><\/span><\/span><\/a><\/div><\/div><\/div><\/div><\/div><div class=\"vc_row wpb_row row top-row\"><div class=\"vc_column_container col-md-4\"><div class=\"wpb_wrapper vc_column-inner\"><div class=\"porto-image-frame\"><div class=\"thumb-info thumb-info-hide-wrapper-bg\"><a href=\"https:\/\/www.coregen.com.tr\/en\/aferez-sistemleri\/\" title=\"\" target=\"_self\"><span class=\"thumb-info-wrapper\"><img loading=\"lazy\" decoding=\"async\" alt=\"\" src=\"\/\/www.coregen.com.tr\/wp-content\/uploads\/2023\/11\/aferez-sistemleri.jpg\" class=\"img-responsive\" width=\"600\" height=\"400\"><span class=\"thumb-info-title\"><span class=\"thumb-info-inner\">Apheresis Systems<em><\/em><\/span><span class=\"thumb-info-type\">COREGEN DIAGNOSTICS<\/span><\/span><span class=\"thumb-info-action\"><span class=\"thumb-info-action-icon\"><i class=\"fas fa-link\"><\/i><\/span><\/span><\/span><\/a><\/div><\/div><\/div><\/div><div class=\"vc_column_container col-md-4\"><div class=\"wpb_wrapper vc_column-inner\"><div class=\"porto-image-frame\"><div class=\"thumb-info thumb-info-hide-wrapper-bg\"><a href=\"https:\/\/www.coregen.com.tr\/en\/pre-analitik-sistem-cozumleri\/\" title=\"\" target=\"_self\"><span class=\"thumb-info-wrapper\"><img loading=\"lazy\" decoding=\"async\" alt=\"\" src=\"\/\/www.coregen.com.tr\/wp-content\/uploads\/2023\/11\/pre-analitik-sistemler.jpg\" class=\"img-responsive\" width=\"600\" height=\"400\"><span class=\"thumb-info-title\"><span class=\"thumb-info-inner\">Pre Analytical Systems<em><\/em><\/span><span class=\"thumb-info-type\">COREGEN DIAGNOSTICS<\/span><\/span><span class=\"thumb-info-action\"><span class=\"thumb-info-action-icon\"><i class=\"fas fa-link\"><\/i><\/span><\/span><\/span><\/a><\/div><\/div><\/div><\/div><div class=\"vc_column_container col-md-4\"><div class=\"wpb_wrapper vc_column-inner\"><div class=\"porto-image-frame\"><div class=\"thumb-info thumb-info-hide-wrapper-bg\"><a href=\"https:\/\/www.coregen.com.tr\/en\/molekuler\/\" title=\"MOLECULAR\" target=\"_self\"><span class=\"thumb-info-wrapper\"><img loading=\"lazy\" decoding=\"async\" alt=\"\" src=\"\/\/www.coregen.com.tr\/wp-content\/uploads\/2025\/06\/molekuler2.webp\" class=\"img-responsive\" width=\"600\" height=\"400\"><span class=\"thumb-info-title\"><span class=\"thumb-info-inner\">Molek\u00fcler <em><\/em><\/span><span class=\"thumb-info-type\">COREGEN DIAGNOSTICS<\/span><\/span><span class=\"thumb-info-action\"><span class=\"thumb-info-action-icon\"><i class=\"fas fa-link\"><\/i><\/span><\/span><\/span><\/a><\/div><\/div><\/div><\/div><\/div>\n<\/section>","protected":false},"excerpt":{"rendered":"BiyokimyaCOREGEN D\u0130AGNOST\u0130KImmunoassayCOREGEN D\u0130AGNOST\u0130KHematolojiCOREGEN D\u0130AGNOST\u0130KMikrobiyolojiCOREGEN D\u0130AGNOST\u0130KNumune Alma SistemleriCOREGEN D\u0130AGNOST\u0130KPatolojiCOREGEN D\u0130AGNOST\u0130KAferez SistemleriCOREGEN D\u0130AGNOST\u0130KPre Analitik SistemlerCOREGEN D\u0130AGNOST\u0130KMolek\u00fcler COREGEN D\u0130AGNOST\u0130K","protected":false},"author":1,"featured_media":0,"parent":0,"menu_order":0,"comment_status":"closed","ping_status":"closed","template":"","meta":{"footnotes":""},"class_list":["post-2675","page","type-page","status-publish","hentry"],"_links":{"self":[{"href":"https:\/\/www.coregen.com.tr\/en\/wp-json\/wp\/v2\/pages\/2675"}],"collection":[{"href":"https:\/\/www.coregen.com.tr\/en\/wp-json\/wp\/v2\/pages"}],"about":[{"href":"https:\/\/www.coregen.com.tr\/en\/wp-json\/wp\/v2\/types\/page"}],"author":[{"embeddable":true,"href":"https:\/\/www.coregen.com.tr\/en\/wp-json\/wp\/v2\/users\/1"}],"replies":[{"embeddable":true,"href":"https:\/\/www.coregen.com.tr\/en\/wp-json\/wp\/v2\/comments?post=2675"}],"version-history":[{"count":7,"href":"https:\/\/www.coregen.com.tr\/en\/wp-json\/wp\/v2\/pages\/2675\/revisions"}],"predecessor-version":[{"id":3063,"href":"https:\/\/www.coregen.com.tr\/en\/wp-json\/wp\/v2\/pages\/2675\/revisions\/3063"}],"wp:attachment":[{"href":"https:\/\/www.coregen.com.tr\/en\/wp-json\/wp\/v2\/media?parent=2675"}],"curies":[{"name":"wp","href":"https:\/\/api.w.org\/{rel}","templated":true}]}}