{"id":2762,"date":"2023-11-26T11:01:58","date_gmt":"2023-11-26T11:01:58","guid":{"rendered":"https:\/\/www.coregen.com.tr\/?page_id=2762"},"modified":"2023-11-26T11:11:07","modified_gmt":"2023-11-26T11:11:07","slug":"max-prep","status":"publish","type":"page","link":"https:\/\/www.coregen.com.tr\/en\/patoloji\/corebiotech-sivi-bazli-sitoloji\/max-prep\/","title":{"rendered":"Max Prep"},"content":{"rendered":"<section class=\"wpb-content-wrapper\"><div class=\"vc_row wpb_row row top-row\"><div class=\"vc_column_container col-md-6\"><div class=\"wpb_wrapper vc_column-inner\">\r\n\t<div class=\"wpb_single_image wpb_content_element vc_align_left\">\r\n\t\t<div class=\"wpb_wrapper\">\r\n\t\t\t\r\n\t\t\t<div class=\"vc_single_image-wrapper   vc_box_border_grey\"><img loading=\"lazy\" decoding=\"async\" width=\"854\" height=\"764\" src=\"https:\/\/www.coregen.com.tr\/wp-content\/uploads\/2023\/11\/corebiotech_catalog-4.jpg\" class=\"vc_single_image-img attachment-full\" alt=\"\" title=\"corebiotech_catalog-4\" srcset=\"https:\/\/www.coregen.com.tr\/wp-content\/uploads\/2023\/11\/corebiotech_catalog-4.jpg 854w, https:\/\/www.coregen.com.tr\/wp-content\/uploads\/2023\/11\/corebiotech_catalog-4-768x687.jpg 768w, https:\/\/www.coregen.com.tr\/wp-content\/uploads\/2023\/11\/corebiotech_catalog-4-640x573.jpg 640w, https:\/\/www.coregen.com.tr\/wp-content\/uploads\/2023\/11\/corebiotech_catalog-4-400x358.jpg 400w, https:\/\/www.coregen.com.tr\/wp-content\/uploads\/2023\/11\/corebiotech_catalog-4-367x328.jpg 367w\" sizes=\"(max-width: 854px) 100vw, 854px\" \/><\/div>\r\n\t\t<\/div>\r\n\t<\/div>\r\n<\/div><\/div><div class=\"vc_column_container col-md-6\"><div class=\"wpb_wrapper vc_column-inner\">\n\t<div class=\"wpb_text_column wpb_content_element\" >\n\t\t<div class=\"wpb_wrapper\">\n\t\t\t<p><span style=\"font-size: 23px;\"><strong>60 Lam per hour<\/strong><\/span><\/p>\n<p>All important cells emit without damage. Clear cell view, Simple operation, Very small size.<\/p>\n<ul>\n<li>Small size and light weight<\/li>\n<li>280(G)x400(D)x200(Y) 10 Kg<\/li>\n<\/ul>\n\n\t\t<\/div>\n\t<\/div>\n<div class=\"vc_row wpb_row vc_inner row\"><div class=\"vc_column_container col-md-4\"><div class=\"wpb_wrapper vc_column-inner\">\n\t<div class=\"wpb_text_column wpb_content_element\" >\n\t\t<div class=\"wpb_wrapper\">\n\t\t\t<p style=\"text-align: center;\"><img loading=\"lazy\" decoding=\"async\" class=\"size-full wp-image-2766 aligncenter\" src=\"https:\/\/www.coregen.com.tr\/wp-content\/uploads\/2023\/11\/smart.jpg\" alt=\"\" width=\"204\" height=\"176\" \/><strong>Smart<\/strong><br \/>\n(Easy lam preparation)<\/p>\n\n\t\t<\/div>\n\t<\/div>\n<\/div><\/div><div class=\"vc_column_container col-md-4\"><div class=\"wpb_wrapper vc_column-inner\">\n\t<div class=\"wpb_text_column wpb_content_element\" >\n\t\t<div class=\"wpb_wrapper\">\n\t\t\t<p style=\"text-align: center;\"><img loading=\"lazy\" decoding=\"async\" class=\"alignnone size-full wp-image-2767\" src=\"https:\/\/www.coregen.com.tr\/wp-content\/uploads\/2023\/11\/ex1.jpg\" alt=\"\" width=\"204\" height=\"176\" \/><br \/>\n<strong>Speed<\/strong><br \/>\n(60 Lam per hour)<\/p>\n\n\t\t<\/div>\n\t<\/div>\n<\/div><\/div><div class=\"vc_column_container col-md-4\"><div class=\"wpb_wrapper vc_column-inner\">\n\t<div class=\"wpb_text_column wpb_content_element\" >\n\t\t<div class=\"wpb_wrapper\">\n\t\t\t<p style=\"text-align: center;\"><img loading=\"lazy\" decoding=\"async\" class=\"alignnone size-full wp-image-2768\" src=\"https:\/\/www.coregen.com.tr\/wp-content\/uploads\/2023\/11\/ex2.jpg\" alt=\"\" width=\"204\" height=\"176\" \/><br \/>\n<strong>High Quality<\/strong><br \/>\n(Double membrane filtration)<\/p>\n\n\t\t<\/div>\n\t<\/div>\n<\/div><\/div><\/div><\/div><\/div><\/div><div class=\"vc_row wpb_row row top-row\"><div class=\"vc_column_container col-md-12\"><div class=\"wpb_wrapper vc_column-inner\">\n\t<div class=\"wpb_text_column wpb_content_element\" >\n\t\t<div class=\"wpb_wrapper\">\n\t\t\t<p style=\"text-align: center;\">The system can be used not only for the imaging of gynaecological specimens, but also for the diagnosis of fine needle aspiration, sputum, urine, tuberculosis and biological fluids.<\/p>\n\n\t\t<\/div>\n\t<\/div>\n<\/div><\/div><div class=\"vc_column_container col-md-12\"><div class=\"wpb_wrapper vc_column-inner\">\r\n\t<div class=\"wpb_single_image wpb_content_element vc_align_center\">\r\n\t\t<div class=\"wpb_wrapper\">\r\n\t\t\t\r\n\t\t\t<div class=\"vc_single_image-wrapper   vc_box_border_grey\"><img loading=\"lazy\" decoding=\"async\" width=\"1495\" height=\"518\" src=\"https:\/\/www.coregen.com.tr\/wp-content\/uploads\/2023\/11\/maxprp.jpg\" class=\"vc_single_image-img attachment-full\" alt=\"\" title=\"maxprp\" srcset=\"https:\/\/www.coregen.com.tr\/wp-content\/uploads\/2023\/11\/maxprp.jpg 1495w, https:\/\/www.coregen.com.tr\/wp-content\/uploads\/2023\/11\/maxprp-1000x346.jpg 1000w, https:\/\/www.coregen.com.tr\/wp-content\/uploads\/2023\/11\/maxprp-768x266.jpg 768w, https:\/\/www.coregen.com.tr\/wp-content\/uploads\/2023\/11\/maxprp-1024x355.jpg 1024w, https:\/\/www.coregen.com.tr\/wp-content\/uploads\/2023\/11\/maxprp-640x222.jpg 640w, https:\/\/www.coregen.com.tr\/wp-content\/uploads\/2023\/11\/maxprp-400x139.jpg 400w, https:\/\/www.coregen.com.tr\/wp-content\/uploads\/2023\/11\/maxprp-367x127.jpg 367w\" sizes=\"(max-width: 1495px) 100vw, 1495px\" \/><\/div>\r\n\t\t<\/div>\r\n\t<\/div>\r\n<\/div><\/div><\/div><div class=\"vc_row wpb_row row top-row\"><div class=\"vc_column_container col-md-6\"><div class=\"wpb_wrapper vc_column-inner\">\n\t<div class=\"wpb_video_widget wpb_content_element vc_clearfix   vc_video-aspect-ratio-169 vc_video-el-width-100 vc_video-align-left\" >\n\t\t<div class=\"wpb_wrapper\">\n\t\t\t\n\t\t\t<div class=\"wpb_video_wrapper\"><iframe loading=\"lazy\" title=\"Corebiotech Maxprep\" width=\"1140\" height=\"641\" src=\"https:\/\/www.youtube.com\/embed\/hYm2a6gsVF8?feature=oembed\" frameborder=\"0\" allow=\"accelerometer; autoplay; clipboard-write; encrypted-media; gyroscope; picture-in-picture; web-share\" allowfullscreen><\/iframe><\/div>\n\t\t<\/div>\n\t<\/div>\n<\/div><\/div><div class=\"vc_column_container col-md-6\"><div class=\"wpb_wrapper vc_column-inner\">\n\t<div class=\"wpb_video_widget wpb_content_element vc_clearfix   vc_video-aspect-ratio-169 vc_video-el-width-100 vc_video-align-left\" >\n\t\t<div class=\"wpb_wrapper\">\n\t\t\t\n\t\t\t<div class=\"wpb_video_wrapper\"><iframe loading=\"lazy\" title=\"Max-Prep \u2014 \u041a\u043e\u043c\u043f\u0430\u043a\u0442\u043d\u044b\u0439 \u0446\u0438\u0442\u043e\u043b\u043e\u0433\u0438\u0447\u0435\u0441\u043a\u0438\u0439 \u043f\u0440\u043e\u0446\u0435\u0441\u0441\u043e\u0440\" width=\"1140\" height=\"641\" src=\"https:\/\/www.youtube.com\/embed\/AIZDInhaleI?feature=oembed\" frameborder=\"0\" allow=\"accelerometer; autoplay; clipboard-write; encrypted-media; gyroscope; picture-in-picture; web-share\" allowfullscreen><\/iframe><\/div>\n\t\t<\/div>\n\t<\/div>\n<\/div><\/div><\/div>\n<\/section>","protected":false},"excerpt":{"rendered":"Saatte 60 Lam T\u00fcm \u00f6nemli h\u00fccreler zarar g\u00f6remeden yayar. Net h\u00fccre g\u00f6r\u00fcn\u00fcm\u00fc, Basit kullan\u0131m, \u00c7ok k\u00fc\u00e7\u00fck boyut. K\u00fc\u00e7\u00fck boyutlu ve hafif 280(G)x400(D)x200(Y) 10 Kg Ak\u0131ll\u0131 (Kolay lam haz\u0131rlama) H\u0131zl\u0131 (Saatte 60 lam) Y\u00fcksek Kalite (\u00c7ift membranl\u0131 filtreleme) Sistem sadece jinekolojik \u00f6rneklerin g\u00f6r\u00fcnt\u00fclenmesi i\u00e7in de\u011fil, ayn\u0131 zamanda ince i\u011fne aspirasyon, balgam, idrar, t\u00fcberk\u00fcloz ve biyolojik s\u0131v\u0131lar\u0131n [...]","protected":false},"author":1,"featured_media":0,"parent":2424,"menu_order":0,"comment_status":"closed","ping_status":"closed","template":"","meta":{"footnotes":""},"class_list":["post-2762","page","type-page","status-publish","hentry"],"_links":{"self":[{"href":"https:\/\/www.coregen.com.tr\/en\/wp-json\/wp\/v2\/pages\/2762"}],"collection":[{"href":"https:\/\/www.coregen.com.tr\/en\/wp-json\/wp\/v2\/pages"}],"about":[{"href":"https:\/\/www.coregen.com.tr\/en\/wp-json\/wp\/v2\/types\/page"}],"author":[{"embeddable":true,"href":"https:\/\/www.coregen.com.tr\/en\/wp-json\/wp\/v2\/users\/1"}],"replies":[{"embeddable":true,"href":"https:\/\/www.coregen.com.tr\/en\/wp-json\/wp\/v2\/comments?post=2762"}],"version-history":[{"count":4,"href":"https:\/\/www.coregen.com.tr\/en\/wp-json\/wp\/v2\/pages\/2762\/revisions"}],"predecessor-version":[{"id":2771,"href":"https:\/\/www.coregen.com.tr\/en\/wp-json\/wp\/v2\/pages\/2762\/revisions\/2771"}],"up":[{"embeddable":true,"href":"https:\/\/www.coregen.com.tr\/en\/wp-json\/wp\/v2\/pages\/2424"}],"wp:attachment":[{"href":"https:\/\/www.coregen.com.tr\/en\/wp-json\/wp\/v2\/media?parent=2762"}],"curies":[{"name":"wp","href":"https:\/\/api.w.org\/{rel}","templated":true}]}}