{"id":2890,"date":"2024-03-26T07:36:24","date_gmt":"2024-03-26T07:36:24","guid":{"rendered":"https:\/\/www.coregen.com.tr\/?page_id=2890"},"modified":"2024-03-26T08:21:32","modified_gmt":"2024-03-26T08:21:32","slug":"autolumo-a2000-plus","status":"publish","type":"page","link":"https:\/\/www.coregen.com.tr\/en\/immunoassay\/autobio\/autolumo-a2000-plus\/","title":{"rendered":"AutoLumo A2000 Plus"},"content":{"rendered":"<section class=\"wpb-content-wrapper\"><div class=\"vc_row wpb_row row top-row\"><div class=\"vc_column_container col-md-6\"><div class=\"wpb_wrapper vc_column-inner\">\n\t<div class=\"wpb_video_widget wpb_content_element vc_clearfix   vc_video-aspect-ratio-169 vc_video-el-width-100 vc_video-align-left\" >\n\t\t<div class=\"wpb_wrapper\">\n\t\t\t\n\t\t\t<div class=\"wpb_video_wrapper\"><iframe loading=\"lazy\" title=\"Automatic Chemiluminescence immunoassay system A2000Plus\" width=\"1140\" height=\"641\" src=\"https:\/\/www.youtube.com\/embed\/aFsHQOiLi3U?feature=oembed\" frameborder=\"0\" allow=\"accelerometer; autoplay; clipboard-write; encrypted-media; gyroscope; picture-in-picture; web-share\" allowfullscreen><\/iframe><\/div>\n\t\t<\/div>\n\t<\/div>\n\n\t<div class=\"wpb_text_column wpb_content_element\" >\n\t\t<div class=\"wpb_wrapper\">\n\t\t\t<p>AutoLumo A2000 Plus is a fully automated chemiluminescence Immunoassay analyzer based on CLIA Microparticles platform, which is designed for both quantitative and qualitative detection of biomarkers related to various diseases and dysfunctions.<\/p>\n\n\t\t<\/div>\n\t<\/div>\n<div class=\"vc_btn3-container vc_btn3-inline\" >\r\n\t<a class=\"vc_general vc_btn3 vc_btn3-size-md vc_btn3-shape-default vc_btn3-style-classic wpb_custom_6687b26f39488ddbb85ddb3c1ce8e111 vc_btn3-icon-left vc_btn3-color-grey btn\" href=\"https:\/\/www.coregen.com.tr\/wp-content\/uploads\/2024\/03\/61dd2cc583a44.pdf\" title=\"\" target=\"_blank\"><i class=\"vc_btn3-icon far fa-arrow-alt-circle-down\"><\/i> Product Cataloge<\/a>\t<\/div>\r\n<\/div><\/div><div class=\"vc_column_container col-md-6\"><div class=\"wpb_wrapper vc_column-inner\">\n\t<div class=\"wpb_text_column wpb_content_element\" >\n\t\t<div class=\"wpb_wrapper\">\n\t\t\t<p><strong>A complete variety of test menu<\/strong><\/p>\n<ul>\n<li>More than 90 kinds of Assays<\/li>\n<li>Covering infectious diseases, tumors, Hepato Fibrosis, thyroid, Endocrine Hormone,Cardiac Markers,inflammation,respiratory pathogens, Diabetes, hypertension, TORCH, tuberculosis, Pre-natal, growth hormone, bone metabolism, anemia and other series.<\/li>\n<\/ul>\n<p><strong>Fast, high throughput detection<\/strong><\/p>\n<ul>\n<li>Up to 100 samples loading capacity per batch<\/li>\n<li>Up to 200 tests per hour<\/li>\n<li>First test results in about 20 minutes<\/li>\n<\/ul>\n<p><strong>Reduce cost, increase efficiency<\/strong><\/p>\n<ul>\n<li>Reduce the cost without one-time TIPs consumption<\/li>\n<li>Reduce labor time by arranging reaction vessel automatically<\/li>\n<li>On-the-fly change of reagent available<\/li>\n<li>Dual substrate supply, switched automatically<\/li>\n<li>Reagents and consumables are continuously loaded without stopping<\/li>\n<\/ul>\n<p><strong>Stable and accurate test results<\/strong><\/p>\n<ul>\n<li>Excellent sampling accuracy, reduce sampling variation<\/li>\n<\/ul>\n<p><strong>Innovative magnetic separation cleaning technology, lower background<\/strong><\/p>\n<ul>\n<li>Non-contact mixing module to reduce carryover (carry-over&lt;1 PPM)<\/li>\n<\/ul>\n<p><strong>Powerful software management of info\/result\/consumble<\/strong><\/p>\n<ul>\n<li>All Consumables and waste shown as counts in software<\/li>\n<li>Estimate the test time, easily grasp the result report time<\/li>\n<li>Various data processing and convenient visual management design<\/li>\n<\/ul>\n\n\t\t<\/div>\n\t<\/div>\n<\/div><\/div><\/div>\n<\/section>","protected":false},"excerpt":{"rendered":"AutoLumo A2000 Plus, \u00e7e\u015fitli hastal\u0131klar ve i\u015flev bozukluklar\u0131yla ilgili biyobelirte\u00e7lerin hem kantitatif hem de kalitatif tespiti i\u00e7in tasarlanm\u0131\u015f, CLIA Mikropartik\u00fcl platformuna dayal\u0131 tam otomatik bir kemil\u00fcminesans \u0130mm\u00fcnoassay analiz\u00f6r\u00fcd\u00fcr. \u00dcr\u00fcn Katalo\u011fu Eksiksiz bir test men\u00fcs\u00fc \u00e7e\u015fitlili\u011fi 90'dan fazla test \u00e7e\u015fidi Bula\u015f\u0131c\u0131 hastal\u0131klar, t\u00fcm\u00f6rler, Hepato Fibrozis, tiroid, Endokrin Hormon, Kardiyak Belirte\u00e7ler, inflamasyon, solunum patojenleri, Diyabet, hipertansiyon, TORCH, [...]","protected":false},"author":1,"featured_media":0,"parent":2877,"menu_order":0,"comment_status":"closed","ping_status":"closed","template":"","meta":{"footnotes":""},"class_list":["post-2890","page","type-page","status-publish","hentry"],"_links":{"self":[{"href":"https:\/\/www.coregen.com.tr\/en\/wp-json\/wp\/v2\/pages\/2890"}],"collection":[{"href":"https:\/\/www.coregen.com.tr\/en\/wp-json\/wp\/v2\/pages"}],"about":[{"href":"https:\/\/www.coregen.com.tr\/en\/wp-json\/wp\/v2\/types\/page"}],"author":[{"embeddable":true,"href":"https:\/\/www.coregen.com.tr\/en\/wp-json\/wp\/v2\/users\/1"}],"replies":[{"embeddable":true,"href":"https:\/\/www.coregen.com.tr\/en\/wp-json\/wp\/v2\/comments?post=2890"}],"version-history":[{"count":6,"href":"https:\/\/www.coregen.com.tr\/en\/wp-json\/wp\/v2\/pages\/2890\/revisions"}],"predecessor-version":[{"id":2913,"href":"https:\/\/www.coregen.com.tr\/en\/wp-json\/wp\/v2\/pages\/2890\/revisions\/2913"}],"up":[{"embeddable":true,"href":"https:\/\/www.coregen.com.tr\/en\/wp-json\/wp\/v2\/pages\/2877"}],"wp:attachment":[{"href":"https:\/\/www.coregen.com.tr\/en\/wp-json\/wp\/v2\/media?parent=2890"}],"curies":[{"name":"wp","href":"https:\/\/api.w.org\/{rel}","templated":true}]}}