{"id":2894,"date":"2024-03-26T07:37:48","date_gmt":"2024-03-26T07:37:48","guid":{"rendered":"https:\/\/www.coregen.com.tr\/?page_id=2894"},"modified":"2025-12-10T06:58:43","modified_gmt":"2025-12-10T06:58:43","slug":"autolumo-a6200-a6600","status":"publish","type":"page","link":"https:\/\/www.coregen.com.tr\/en\/immunoassay\/autobio\/autolumo-a6200-a6600\/","title":{"rendered":"AutoLumo A6200\/A6600"},"content":{"rendered":"<section class=\"wpb-content-wrapper\"><div class=\"vc_row wpb_row row top-row\"><div class=\"vc_column_container col-md-6\"><div class=\"wpb_wrapper vc_column-inner\">\r\n\t<div class=\"wpb_single_image wpb_content_element vc_align_left\">\r\n\t\t<div class=\"wpb_wrapper\">\r\n\t\t\t\r\n\t\t\t<div class=\"vc_single_image-wrapper   vc_box_border_grey\"><img loading=\"lazy\" decoding=\"async\" width=\"600\" height=\"400\" src=\"https:\/\/www.coregen.com.tr\/wp-content\/uploads\/2024\/03\/AutoLumo-A6200-A6600-pic.jpg\" class=\"vc_single_image-img attachment-full\" alt=\"\" title=\"\" srcset=\"https:\/\/www.coregen.com.tr\/wp-content\/uploads\/2024\/03\/AutoLumo-A6200-A6600-pic.jpg 600w, https:\/\/www.coregen.com.tr\/wp-content\/uploads\/2024\/03\/AutoLumo-A6200-A6600-pic-400x267.jpg 400w\" sizes=\"(max-width: 600px) 100vw, 600px\" \/><\/div>\r\n\t\t<\/div>\r\n\t<\/div>\r\n\n\t<div class=\"wpb_text_column wpb_content_element\" >\n\t\t<div class=\"wpb_wrapper\">\n\t\t\t<p>A6 series is one of the full-automatic immunoassay analyzers with the highest throughput currently, with dual assurance, providing high capacity, fast speed, intelligent operation and excellent performance.<\/p>\n\n\t\t<\/div>\n\t<\/div>\n<div class=\"vc_btn3-container vc_btn3-inline\" >\r\n\t<a class=\"vc_general vc_btn3 vc_btn3-size-md vc_btn3-shape-default vc_btn3-style-classic wpb_custom_6687b26f39488ddbb85ddb3c1ce8e111 vc_btn3-icon-left vc_btn3-color-grey btn\" href=\"https:\/\/www.coregen.com.tr\/wp-content\/uploads\/2024\/03\/65e55f7460079.pdf\" title=\"\" target=\"_blank\"><i class=\"vc_btn3-icon far fa-arrow-alt-circle-down\"><\/i> Product Cataloge<\/a>\t<\/div>\r\n<\/div><\/div><div class=\"vc_column_container col-md-6\"><div class=\"wpb_wrapper vc_column-inner\">\n\t<div class=\"wpb_text_column wpb_content_element\" >\n\t\t<div class=\"wpb_wrapper\">\n\t\t\t<p><strong>Dual Assurance<\/strong><\/p>\n<ul>\n<li>Dual reagent disks--25 x 2 reagent positions in total<\/li>\n<li>Dual reagent probes--intelligent liquid level and clot detection<\/li>\n<li>Dual sets of substrate and washing buffer--automatic switching after depletion<\/li>\n<li>Dual transport tracks--sample &amp; reagent transfer&amp;mixing in the same time; innovative vibration mixing to avoid carry-over<\/li>\n<li>Dual sample management module potential--support multi-machine integration, flexible extension potential<\/li>\n<\/ul>\n<p><strong>Ultra Speed<\/strong><\/p>\n<ul>\n<li>Independent decapping module--speed up to 600 T\/h; barcode identification improving sampling efficiency<\/li>\n<li>STAT channels-- continuous sample loading and STAT tracks priority over routine samples<\/li>\n<li>Reagent online change--Support loading multiple reagent kits of the same assay, continual loading of reagents with no system interruption<\/li>\n<li>High throughput and integration--single module 600T\/h, 1-4 units up to 2400 T\/h with triple track for sample management<\/li>\n<\/ul>\n<p><strong>Convenient Experience<\/strong><\/p>\n<ul>\n<li>8 mm screen--monitor all the consumables residue in real time<\/li>\n<li>Independent refrigerating--keep reagent at 2-8 \u2103 after machine outage, free from transferring<\/li>\n<li>RFID scanning--Fast and easy identification<\/li>\n<li>Auto-dilution of washing buffer--onboard automatic preparation, easy for transport and change<\/li>\n<\/ul>\n<p><strong>Scalable Flexibility<\/strong><\/p>\n<ul>\n<li>Immunoassay integration<\/li>\n<li>Immunoassay and biochemistry integration<\/li>\n<li>Total laboratory automation<\/li>\n<\/ul>\n<p><strong>Valuing Biosafety<\/strong><\/p>\n<ul>\n<li>Rotating for decapping potential--reduce aerosol generation<\/li>\n<li>Full enclosure system, negative pressure and filter--reduce the risk of aerosol leakage<\/li>\n<li>RV solid-liquid separation--reduce residues and contaminate<\/li>\n<\/ul>\n\n\t\t<\/div>\n\t<\/div>\n<\/div><\/div><\/div>\n<\/section>","protected":false},"excerpt":{"rendered":"A6 serisi, y\u00fcksek kapasite, h\u0131zl\u0131 h\u0131z, ak\u0131ll\u0131 \u00e7al\u0131\u015fma ve m\u00fckemmel performans sa\u011flayan \u00e7ift g\u00fcvence ile \u015fu anda en y\u00fcksek verime sahip tam otomatik imm\u00fcnoassay analiz\u00f6rlerinden biridir. \u00dcr\u00fcn Katalo\u011fu \u0130kili G\u00fcvence \u00c7ift reaktif diski - toplamda 25 x 2 reaktif pozisyonu \u00c7ift reaktif probu - ak\u0131ll\u0131 s\u0131v\u0131 seviyesi ve p\u0131ht\u0131 alg\u0131lama \u00c7ift substrat ve y\u0131kama tamponu [...]","protected":false},"author":1,"featured_media":0,"parent":2877,"menu_order":0,"comment_status":"closed","ping_status":"closed","template":"","meta":{"footnotes":""},"class_list":["post-2894","page","type-page","status-publish","hentry"],"_links":{"self":[{"href":"https:\/\/www.coregen.com.tr\/en\/wp-json\/wp\/v2\/pages\/2894"}],"collection":[{"href":"https:\/\/www.coregen.com.tr\/en\/wp-json\/wp\/v2\/pages"}],"about":[{"href":"https:\/\/www.coregen.com.tr\/en\/wp-json\/wp\/v2\/types\/page"}],"author":[{"embeddable":true,"href":"https:\/\/www.coregen.com.tr\/en\/wp-json\/wp\/v2\/users\/1"}],"replies":[{"embeddable":true,"href":"https:\/\/www.coregen.com.tr\/en\/wp-json\/wp\/v2\/comments?post=2894"}],"version-history":[{"count":7,"href":"https:\/\/www.coregen.com.tr\/en\/wp-json\/wp\/v2\/pages\/2894\/revisions"}],"predecessor-version":[{"id":3255,"href":"https:\/\/www.coregen.com.tr\/en\/wp-json\/wp\/v2\/pages\/2894\/revisions\/3255"}],"up":[{"embeddable":true,"href":"https:\/\/www.coregen.com.tr\/en\/wp-json\/wp\/v2\/pages\/2877"}],"wp:attachment":[{"href":"https:\/\/www.coregen.com.tr\/en\/wp-json\/wp\/v2\/media?parent=2894"}],"curies":[{"name":"wp","href":"https:\/\/api.w.org\/{rel}","templated":true}]}}