{"id":2996,"date":"2025-06-11T07:15:54","date_gmt":"2025-06-11T07:15:54","guid":{"rendered":"https:\/\/www.coregen.com.tr\/?page_id=2996"},"modified":"2025-06-11T07:20:49","modified_gmt":"2025-06-11T07:20:49","slug":"slan-96p","status":"publish","type":"page","link":"https:\/\/www.coregen.com.tr\/en\/molekuler\/sansure-diagnostics\/slan-96p\/","title":{"rendered":"Slan-96P"},"content":{"rendered":"<section class=\"wpb-content-wrapper\"><div class=\"vc_row wpb_row row top-row\"><div class=\"vc_column_container col-md-6\"><div class=\"wpb_wrapper vc_column-inner\">\r\n\t<div class=\"wpb_single_image wpb_content_element vc_align_left\">\r\n\t\t<div class=\"wpb_wrapper\">\r\n\t\t\t\r\n\t\t\t<div class=\"vc_single_image-wrapper vc_box_shadow_border  vc_box_border_grey\"><img loading=\"lazy\" decoding=\"async\" width=\"600\" height=\"400\" src=\"https:\/\/www.coregen.com.tr\/wp-content\/uploads\/2025\/06\/sansure-slan-96-p-.jpg\" class=\"vc_single_image-img attachment-full\" alt=\"\" title=\"\" srcset=\"https:\/\/www.coregen.com.tr\/wp-content\/uploads\/2025\/06\/sansure-slan-96-p-.jpg 600w, https:\/\/www.coregen.com.tr\/wp-content\/uploads\/2025\/06\/sansure-slan-96-p--400x267.jpg 400w\" sizes=\"(max-width: 600px) 100vw, 600px\" \/><\/div>\r\n\t\t<\/div>\r\n\t<\/div>\r\n<\/div><\/div><div class=\"vc_column_container col-md-6\"><div class=\"wpb_wrapper vc_column-inner\">\n\t<div class=\"wpb_text_column wpb_content_element\" >\n\t\t<div class=\"wpb_wrapper\">\n\t\t\t<p><span style=\"font-size: 18px;\"><strong>Sansure SLAN-96P Real-Time PCR System<\/strong><\/span><\/p>\n<p><strong>High-throughput, sensitive, and rapid PCR solution<\/strong><\/p>\n<p>The SLAN-96P is a real-time PCR system capable of analyzing up to 96 samples simultaneously. It offers a wide range of applications from clinical diagnostics to research. Its optical system ensures high sensitivity and reproducibility.<\/p>\n<ul>\n<li>5-channel fluorescence detection<\/li>\n<li>Wide temperature control range<\/li>\n<li>Integrated data analysis software<\/li>\n<li>FDA and CE certified<\/li>\n<\/ul>\n\n\t\t<\/div>\n\t<\/div>\n<\/div><\/div><\/div>\n<\/section>","protected":false},"excerpt":{"rendered":"Sansure SLAN-96P Real-Time PCR Sistemi Y\u00fcksek verimli, hassas ve h\u0131zl\u0131 PCR \u00e7\u00f6z\u00fcm\u00fc SLAN-96P, 96 \u00f6rne\u011fe kadar ayn\u0131 anda analiz yapabilen ger\u00e7ek zamanl\u0131 PCR sistemidir. Klinik tan\u0131dan ara\u015ft\u0131rmaya kadar geni\u015f bir uygulama yelpazesi sunar. Y\u00fcksek hassasiyet ve tekrarlanabilirlik sa\u011flayan optik sistemiyle \u00f6ne \u00e7\u0131kar. 5 kanall\u0131 floresan dedeksiyon Geni\u015f s\u0131cakl\u0131k kontrol aral\u0131\u011f\u0131 Entegre veri analiz yaz\u0131l\u0131m\u0131 FDA [...]","protected":false},"author":1,"featured_media":0,"parent":2983,"menu_order":0,"comment_status":"closed","ping_status":"closed","template":"","meta":{"footnotes":""},"class_list":["post-2996","page","type-page","status-publish","hentry"],"_links":{"self":[{"href":"https:\/\/www.coregen.com.tr\/en\/wp-json\/wp\/v2\/pages\/2996"}],"collection":[{"href":"https:\/\/www.coregen.com.tr\/en\/wp-json\/wp\/v2\/pages"}],"about":[{"href":"https:\/\/www.coregen.com.tr\/en\/wp-json\/wp\/v2\/types\/page"}],"author":[{"embeddable":true,"href":"https:\/\/www.coregen.com.tr\/en\/wp-json\/wp\/v2\/users\/1"}],"replies":[{"embeddable":true,"href":"https:\/\/www.coregen.com.tr\/en\/wp-json\/wp\/v2\/comments?post=2996"}],"version-history":[{"count":3,"href":"https:\/\/www.coregen.com.tr\/en\/wp-json\/wp\/v2\/pages\/2996\/revisions"}],"predecessor-version":[{"id":2999,"href":"https:\/\/www.coregen.com.tr\/en\/wp-json\/wp\/v2\/pages\/2996\/revisions\/2999"}],"up":[{"embeddable":true,"href":"https:\/\/www.coregen.com.tr\/en\/wp-json\/wp\/v2\/pages\/2983"}],"wp:attachment":[{"href":"https:\/\/www.coregen.com.tr\/en\/wp-json\/wp\/v2\/media?parent=2996"}],"curies":[{"name":"wp","href":"https:\/\/api.w.org\/{rel}","templated":true}]}}