{"id":3008,"date":"2025-06-11T07:47:40","date_gmt":"2025-06-11T07:47:40","guid":{"rendered":"https:\/\/www.coregen.com.tr\/?page_id=3008"},"modified":"2025-06-25T06:23:33","modified_gmt":"2025-06-25T06:23:33","slug":"automatic-ihc-stainer","status":"publish","type":"page","link":"https:\/\/www.coregen.com.tr\/en\/patoloji\/talent\/automatic-ihc-stainer\/","title":{"rendered":"Automatic IHC Stainer"},"content":{"rendered":"<section class=\"wpb-content-wrapper\"><div class=\"vc_row wpb_row row top-row\"><div class=\"vc_column_container col-md-6\"><div class=\"wpb_wrapper vc_column-inner\">\r\n\t<div class=\"wpb_single_image wpb_content_element vc_align_left\">\r\n\t\t<div class=\"wpb_wrapper\">\r\n\t\t\t\r\n\t\t\t<div class=\"vc_single_image-wrapper vc_box_shadow_border  vc_box_border_grey\"><img loading=\"lazy\" decoding=\"async\" width=\"600\" height=\"400\" src=\"https:\/\/www.coregen.com.tr\/wp-content\/uploads\/2025\/06\/Talent-Automatic-IHC-Stainer-.jpg\" class=\"vc_single_image-img attachment-full\" alt=\"\" title=\"\" srcset=\"https:\/\/www.coregen.com.tr\/wp-content\/uploads\/2025\/06\/Talent-Automatic-IHC-Stainer-.jpg 600w, https:\/\/www.coregen.com.tr\/wp-content\/uploads\/2025\/06\/Talent-Automatic-IHC-Stainer--400x267.jpg 400w\" sizes=\"(max-width: 600px) 100vw, 600px\" \/><\/div>\r\n\t\t<\/div>\r\n\t<\/div>\r\n<\/div><\/div><div class=\"vc_column_container col-md-6\"><div class=\"wpb_wrapper vc_column-inner\">\n\t<div class=\"wpb_text_column wpb_content_element\" >\n\t\t<div class=\"wpb_wrapper\">\n\t\t\t<p><span style=\"font-size: 18px;\"><strong>Talent Automatic IHC Stainer<\/strong><\/span><\/p>\n<p><strong>Automatic and reliable immunohistochemistry staining<\/strong><\/p>\n<p>The Talent Automatic IHC Stainer ensures consistent and high-quality IHC staining on tissue samples. With its high sample capacity, programmable protocols, and user-friendly software, it enhances laboratory efficiency.<\/p>\n<ul>\n<li>Capacity to process up to 144 slides at once<\/li>\n<li>Fully automated protocol execution<\/li>\n<li>System that minimizes reagent waste<\/li>\n<li>Suitable for both routine and special stains<\/li>\n<\/ul>\n\n\t\t<\/div>\n\t<\/div>\n<\/div><\/div><\/div>\n<\/section>","protected":false},"excerpt":{"rendered":"Talent Automatic IHC Stainer Otomatik ve g\u00fcvenilir immunohistokimya boyama Talent Automatic IHC Stainer, doku \u00f6rnekleri \u00fczerinde tutarl\u0131 ve kaliteli IHC boyamalar\u0131 sa\u011flar. Y\u00fcksek \u00f6rnek kapasitesi, programlanabilir protokoller ve kullan\u0131c\u0131 dostu yaz\u0131l\u0131m\u0131 ile laboratuvar verimlili\u011fini art\u0131r\u0131r. 1 seferde 144 slayta kadar i\u015fleme kapasitesi Tam otomatik protokol y\u00fcr\u00fctme Reaktif israf\u0131n\u0131 minimize eden sistem Rutin ve \u00f6zel boyamalar [...]","protected":false},"author":1,"featured_media":0,"parent":3002,"menu_order":0,"comment_status":"closed","ping_status":"closed","template":"","meta":{"footnotes":""},"class_list":["post-3008","page","type-page","status-publish","hentry"],"_links":{"self":[{"href":"https:\/\/www.coregen.com.tr\/en\/wp-json\/wp\/v2\/pages\/3008"}],"collection":[{"href":"https:\/\/www.coregen.com.tr\/en\/wp-json\/wp\/v2\/pages"}],"about":[{"href":"https:\/\/www.coregen.com.tr\/en\/wp-json\/wp\/v2\/types\/page"}],"author":[{"embeddable":true,"href":"https:\/\/www.coregen.com.tr\/en\/wp-json\/wp\/v2\/users\/1"}],"replies":[{"embeddable":true,"href":"https:\/\/www.coregen.com.tr\/en\/wp-json\/wp\/v2\/comments?post=3008"}],"version-history":[{"count":3,"href":"https:\/\/www.coregen.com.tr\/en\/wp-json\/wp\/v2\/pages\/3008\/revisions"}],"predecessor-version":[{"id":3109,"href":"https:\/\/www.coregen.com.tr\/en\/wp-json\/wp\/v2\/pages\/3008\/revisions\/3109"}],"up":[{"embeddable":true,"href":"https:\/\/www.coregen.com.tr\/en\/wp-json\/wp\/v2\/pages\/3002"}],"wp:attachment":[{"href":"https:\/\/www.coregen.com.tr\/en\/wp-json\/wp\/v2\/media?parent=3008"}],"curies":[{"name":"wp","href":"https:\/\/api.w.org\/{rel}","templated":true}]}}