{"id":3027,"date":"2025-06-11T08:49:43","date_gmt":"2025-06-11T08:49:43","guid":{"rendered":"https:\/\/www.coregen.com.tr\/?page_id=3027"},"modified":"2025-06-11T08:49:43","modified_gmt":"2025-06-11T08:49:43","slug":"abl90-flex","status":"publish","type":"page","link":"https:\/\/www.coregen.com.tr\/en\/biyokimya\/radiometer\/abl90-flex\/","title":{"rendered":"ABL90 FLEX"},"content":{"rendered":"<section class=\"wpb-content-wrapper\"><div class=\"vc_row wpb_row row top-row\"><div class=\"vc_column_container col-md-6\"><div class=\"wpb_wrapper vc_column-inner\">\r\n\t<div class=\"wpb_single_image wpb_content_element vc_align_left\">\r\n\t\t<div class=\"wpb_wrapper\">\r\n\t\t\t\r\n\t\t\t<div class=\"vc_single_image-wrapper vc_box_shadow_border  vc_box_border_grey\"><img loading=\"lazy\" decoding=\"async\" width=\"600\" height=\"400\" src=\"https:\/\/www.coregen.com.tr\/wp-content\/uploads\/2025\/06\/abl-90-flex-.jpg\" class=\"vc_single_image-img attachment-full\" alt=\"\" title=\"\" srcset=\"https:\/\/www.coregen.com.tr\/wp-content\/uploads\/2025\/06\/abl-90-flex-.jpg 600w, https:\/\/www.coregen.com.tr\/wp-content\/uploads\/2025\/06\/abl-90-flex--400x267.jpg 400w\" sizes=\"(max-width: 600px) 100vw, 600px\" \/><\/div>\r\n\t\t<\/div>\r\n\t<\/div>\r\n<\/div><\/div><div class=\"vc_column_container col-md-6\"><div class=\"wpb_wrapper vc_column-inner\">\n\t<div class=\"wpb_text_column wpb_content_element\" >\n\t\t<div class=\"wpb_wrapper\">\n\t\t\t<p><span style=\"font-size: 18px;\"><strong>ABL90 FLEX Blood Gas Analyzer<\/strong><\/span><\/p>\n<p><strong>Ultra-fast analysis for emergencies<\/strong><\/p>\n<p>The ABL90 FLEX is a compact blood gas analyzer that delivers results in just 35 seconds. Designed for emergency departments, intensive care units, and operating rooms, its portable design and high testing capacity make it stand out.<\/p>\n<ul>\n<li>Measurement of up to 17 parameters<\/li>\n<li>Analysis with a single drop of blood<\/li>\n<li>Battery operation for up to 60 minutes<\/li>\n<li>Easy-to-use cartridge system<\/li>\n<\/ul>\n\n\t\t<\/div>\n\t<\/div>\n<\/div><\/div><\/div>\n<\/section>","protected":false},"excerpt":{"rendered":"ABL90 FLEX Kan Gaz\u0131 Analiz\u00f6r\u00fc Acil durumlar i\u00e7in ultra h\u0131zl\u0131 analiz ABL90 FLEX, sadece 35 saniyede sonu\u00e7 veren kompakt bir kan gaz\u0131 analiz\u00f6r\u00fcd\u00fcr. Acil servis, yo\u011fun bak\u0131m ve ameliyathaneler i\u00e7in tasarlanm\u0131\u015f olan cihaz, ta\u015f\u0131nabilir yap\u0131s\u0131 ve y\u00fcksek test kapasitesiyle fark yarat\u0131r. 17 parametreye kadar \u00f6l\u00e7\u00fcm Tek damla kan \u00f6rne\u011fi ile analiz 60 dakikaya kadar pil [...]","protected":false},"author":1,"featured_media":0,"parent":3014,"menu_order":0,"comment_status":"closed","ping_status":"closed","template":"","meta":{"footnotes":""},"class_list":["post-3027","page","type-page","status-publish","hentry"],"_links":{"self":[{"href":"https:\/\/www.coregen.com.tr\/en\/wp-json\/wp\/v2\/pages\/3027"}],"collection":[{"href":"https:\/\/www.coregen.com.tr\/en\/wp-json\/wp\/v2\/pages"}],"about":[{"href":"https:\/\/www.coregen.com.tr\/en\/wp-json\/wp\/v2\/types\/page"}],"author":[{"embeddable":true,"href":"https:\/\/www.coregen.com.tr\/en\/wp-json\/wp\/v2\/users\/1"}],"replies":[{"embeddable":true,"href":"https:\/\/www.coregen.com.tr\/en\/wp-json\/wp\/v2\/comments?post=3027"}],"version-history":[{"count":1,"href":"https:\/\/www.coregen.com.tr\/en\/wp-json\/wp\/v2\/pages\/3027\/revisions"}],"predecessor-version":[{"id":3028,"href":"https:\/\/www.coregen.com.tr\/en\/wp-json\/wp\/v2\/pages\/3027\/revisions\/3028"}],"up":[{"embeddable":true,"href":"https:\/\/www.coregen.com.tr\/en\/wp-json\/wp\/v2\/pages\/3014"}],"wp:attachment":[{"href":"https:\/\/www.coregen.com.tr\/en\/wp-json\/wp\/v2\/media?parent=3027"}],"curies":[{"name":"wp","href":"https:\/\/api.w.org\/{rel}","templated":true}]}}