{"id":3029,"date":"2025-06-11T08:51:07","date_gmt":"2025-06-11T08:51:07","guid":{"rendered":"https:\/\/www.coregen.com.tr\/?page_id=3029"},"modified":"2025-06-11T08:51:07","modified_gmt":"2025-06-11T08:51:07","slug":"abl9","status":"publish","type":"page","link":"https:\/\/www.coregen.com.tr\/en\/biyokimya\/radiometer\/abl9\/","title":{"rendered":"ABL9"},"content":{"rendered":"<section class=\"wpb-content-wrapper\"><div class=\"vc_row wpb_row row top-row\"><div class=\"vc_column_container col-md-6\"><div class=\"wpb_wrapper vc_column-inner\">\r\n\t<div class=\"wpb_single_image wpb_content_element vc_align_left\">\r\n\t\t<div class=\"wpb_wrapper\">\r\n\t\t\t\r\n\t\t\t<div class=\"vc_single_image-wrapper vc_box_shadow_border  vc_box_border_grey\"><img loading=\"lazy\" decoding=\"async\" width=\"600\" height=\"400\" src=\"https:\/\/www.coregen.com.tr\/wp-content\/uploads\/2025\/06\/abl-9-.jpg\" class=\"vc_single_image-img attachment-full\" alt=\"\" title=\"\" srcset=\"https:\/\/www.coregen.com.tr\/wp-content\/uploads\/2025\/06\/abl-9-.jpg 600w, https:\/\/www.coregen.com.tr\/wp-content\/uploads\/2025\/06\/abl-9--400x267.jpg 400w\" sizes=\"(max-width: 600px) 100vw, 600px\" \/><\/div>\r\n\t\t<\/div>\r\n\t<\/div>\r\n<\/div><\/div><div class=\"vc_column_container col-md-6\"><div class=\"wpb_wrapper vc_column-inner\">\n\t<div class=\"wpb_text_column wpb_content_element\" >\n\t\t<div class=\"wpb_wrapper\">\n\t\t\t<p><span style=\"font-size: 18px;\"><strong>ABL9 Blood Gas Analyzer<\/strong><\/span><\/p>\n<p><strong>Big solutions for small clinics<\/strong><\/p>\n<p>The ABL9 simplifies blood gas analysis. Optimized for clinical laboratories and small hospitals, this system accelerates your daily workflow with its practical interface and compact design.<\/p>\n<ul>\n<li>Basic analysis panel with 9 parameters<\/li>\n<li>Simple sample entry and fast results<\/li>\n<li>Space-saving design<\/li>\n<li>Minimal maintenance requirements<\/li>\n<\/ul>\n\n\t\t<\/div>\n\t<\/div>\n<\/div><\/div><\/div>\n<\/section>","protected":false},"excerpt":{"rendered":"ABL9 Kan Gaz\u0131 Analiz\u00f6r\u00fc K\u00fc\u00e7\u00fck klinikler i\u00e7in b\u00fcy\u00fck \u00e7\u00f6z\u00fcmler ABL9, kan gaz\u0131 analizini sadele\u015ftirir. Klinik laboratuvarlar ve k\u00fc\u00e7\u00fck hastaneler i\u00e7in optimize edilmi\u015f bu sistem, pratik aray\u00fcz\u00fc ve kompakt yap\u0131s\u0131yla g\u00fcnl\u00fck i\u015f ak\u0131\u015f\u0131n\u0131z\u0131 h\u0131zland\u0131r\u0131r. 9 parametreli temel analiz paneli Basit numune giri\u015fi ve h\u0131zl\u0131 sonu\u00e7 Yer kaplamayan tasar\u0131m Minimum bak\u0131m ihtiyac\u0131","protected":false},"author":1,"featured_media":0,"parent":3014,"menu_order":0,"comment_status":"closed","ping_status":"closed","template":"","meta":{"footnotes":""},"class_list":["post-3029","page","type-page","status-publish","hentry"],"_links":{"self":[{"href":"https:\/\/www.coregen.com.tr\/en\/wp-json\/wp\/v2\/pages\/3029"}],"collection":[{"href":"https:\/\/www.coregen.com.tr\/en\/wp-json\/wp\/v2\/pages"}],"about":[{"href":"https:\/\/www.coregen.com.tr\/en\/wp-json\/wp\/v2\/types\/page"}],"author":[{"embeddable":true,"href":"https:\/\/www.coregen.com.tr\/en\/wp-json\/wp\/v2\/users\/1"}],"replies":[{"embeddable":true,"href":"https:\/\/www.coregen.com.tr\/en\/wp-json\/wp\/v2\/comments?post=3029"}],"version-history":[{"count":1,"href":"https:\/\/www.coregen.com.tr\/en\/wp-json\/wp\/v2\/pages\/3029\/revisions"}],"predecessor-version":[{"id":3030,"href":"https:\/\/www.coregen.com.tr\/en\/wp-json\/wp\/v2\/pages\/3029\/revisions\/3030"}],"up":[{"embeddable":true,"href":"https:\/\/www.coregen.com.tr\/en\/wp-json\/wp\/v2\/pages\/3014"}],"wp:attachment":[{"href":"https:\/\/www.coregen.com.tr\/en\/wp-json\/wp\/v2\/media?parent=3029"}],"curies":[{"name":"wp","href":"https:\/\/api.w.org\/{rel}","templated":true}]}}