{"id":3031,"date":"2025-06-11T08:52:18","date_gmt":"2025-06-11T08:52:18","guid":{"rendered":"https:\/\/www.coregen.com.tr\/?page_id=3031"},"modified":"2025-06-11T08:52:46","modified_gmt":"2025-06-11T08:52:46","slug":"aqt90-flex","status":"publish","type":"page","link":"https:\/\/www.coregen.com.tr\/en\/biyokimya\/radiometer\/aqt90-flex\/","title":{"rendered":"AQT90 FLEX"},"content":{"rendered":"<section class=\"wpb-content-wrapper\"><div class=\"vc_row wpb_row row top-row\"><div class=\"vc_column_container col-md-6\"><div class=\"wpb_wrapper vc_column-inner\">\r\n\t<div class=\"wpb_single_image wpb_content_element vc_align_left\">\r\n\t\t<div class=\"wpb_wrapper\">\r\n\t\t\t\r\n\t\t\t<div class=\"vc_single_image-wrapper vc_box_shadow_border  vc_box_border_grey\"><img loading=\"lazy\" decoding=\"async\" width=\"600\" height=\"400\" src=\"https:\/\/www.coregen.com.tr\/wp-content\/uploads\/2025\/06\/aqt-90-flex-.jpg\" class=\"vc_single_image-img attachment-full\" alt=\"\" title=\"\" srcset=\"https:\/\/www.coregen.com.tr\/wp-content\/uploads\/2025\/06\/aqt-90-flex-.jpg 600w, https:\/\/www.coregen.com.tr\/wp-content\/uploads\/2025\/06\/aqt-90-flex--400x267.jpg 400w\" sizes=\"(max-width: 600px) 100vw, 600px\" \/><\/div>\r\n\t\t<\/div>\r\n\t<\/div>\r\n<\/div><\/div><div class=\"vc_column_container col-md-6\"><div class=\"wpb_wrapper vc_column-inner\">\n\t<div class=\"wpb_text_column wpb_content_element\" >\n\t\t<div class=\"wpb_wrapper\">\n\t\t\t<p><span style=\"font-size: 18px;\"><strong>AQT90 FLEX Immunoassay Analyzer \u2013 NT-proBNP Test<\/strong><\/span><\/p>\n<p><strong>Results in minutes for cardiac markers<\/strong><\/p>\n<p>The AQT90 FLEX provides reliable solutions when time is critical in cardiovascular diagnostics. With the NT-proBNP test, it supports clinical decision-making in assessing patients at risk of heart failure.<\/p>\n<ul>\n<li>Results within 20 minutes<\/li>\n<li>Safe testing with a closed cartridge system<\/li>\n<li>Reduced risk of contamination with single-use reagents<\/li>\n<li>Automatic calibration and maintenance<\/li>\n<\/ul>\n\n\t\t<\/div>\n\t<\/div>\n<\/div><\/div><\/div>\n<\/section>","protected":false},"excerpt":{"rendered":"AQT90 FLEX \u0130mm\u00fcnoassay Analiz\u00f6r\u00fc \u2013 NT-proBNP Testi Kardiyak belirte\u00e7lerde dakikalar i\u00e7inde sonu\u00e7 AQT90 FLEX, kardiyovask\u00fcler tan\u0131da zaman\u0131n kritik oldu\u011fu durumlarda g\u00fcvenilir \u00e7\u00f6z\u00fcmler sunar. NT-proBNP testi ile kalp yetmezli\u011fi riski ta\u015f\u0131yan hastalar\u0131n de\u011ferlendirilmesinde klinik kararlar\u0131 destekler. 20 dakika i\u00e7inde sonu\u00e7 Kapal\u0131 kartu\u015f sistemiyle g\u00fcvenli test Tek kullan\u0131ml\u0131k reaktiflerle bula\u015f riski minimize edilir Otomatik kalibrasyon ve bak\u0131m","protected":false},"author":1,"featured_media":0,"parent":3014,"menu_order":0,"comment_status":"closed","ping_status":"closed","template":"","meta":{"footnotes":""},"class_list":["post-3031","page","type-page","status-publish","hentry"],"_links":{"self":[{"href":"https:\/\/www.coregen.com.tr\/en\/wp-json\/wp\/v2\/pages\/3031"}],"collection":[{"href":"https:\/\/www.coregen.com.tr\/en\/wp-json\/wp\/v2\/pages"}],"about":[{"href":"https:\/\/www.coregen.com.tr\/en\/wp-json\/wp\/v2\/types\/page"}],"author":[{"embeddable":true,"href":"https:\/\/www.coregen.com.tr\/en\/wp-json\/wp\/v2\/users\/1"}],"replies":[{"embeddable":true,"href":"https:\/\/www.coregen.com.tr\/en\/wp-json\/wp\/v2\/comments?post=3031"}],"version-history":[{"count":2,"href":"https:\/\/www.coregen.com.tr\/en\/wp-json\/wp\/v2\/pages\/3031\/revisions"}],"predecessor-version":[{"id":3033,"href":"https:\/\/www.coregen.com.tr\/en\/wp-json\/wp\/v2\/pages\/3031\/revisions\/3033"}],"up":[{"embeddable":true,"href":"https:\/\/www.coregen.com.tr\/en\/wp-json\/wp\/v2\/pages\/3014"}],"wp:attachment":[{"href":"https:\/\/www.coregen.com.tr\/en\/wp-json\/wp\/v2\/media?parent=3031"}],"curies":[{"name":"wp","href":"https:\/\/api.w.org\/{rel}","templated":true}]}}