{"id":3132,"date":"2025-08-14T23:26:41","date_gmt":"2025-08-14T23:26:41","guid":{"rendered":"https:\/\/www.coregen.com.tr\/?page_id=3132"},"modified":"2025-08-15T00:09:21","modified_gmt":"2025-08-15T00:09:21","slug":"dh-800-cs","status":"publish","type":"page","link":"https:\/\/www.coregen.com.tr\/en\/hematoloji\/dymind\/dh-800-cs\/","title":{"rendered":"DH-800 CS"},"content":{"rendered":"<section class=\"wpb-content-wrapper\"><div class=\"vc_row wpb_row row top-row\"><div class=\"vc_column_container col-md-6\"><div class=\"wpb_wrapper vc_column-inner\">\r\n\t<div class=\"wpb_single_image wpb_content_element vc_align_left\">\r\n\t\t<div class=\"wpb_wrapper\">\r\n\t\t\t\r\n\t\t\t<div class=\"vc_single_image-wrapper vc_box_shadow_border  vc_box_border_grey\"><img loading=\"lazy\" decoding=\"async\" width=\"750\" height=\"750\" src=\"https:\/\/www.coregen.com.tr\/wp-content\/uploads\/2025\/08\/750x750.png\" class=\"vc_single_image-img attachment-full\" alt=\"\" title=\"750x750\" srcset=\"https:\/\/www.coregen.com.tr\/wp-content\/uploads\/2025\/08\/750x750.png 750w, https:\/\/www.coregen.com.tr\/wp-content\/uploads\/2025\/08\/750x750-640x640.png 640w, https:\/\/www.coregen.com.tr\/wp-content\/uploads\/2025\/08\/750x750-400x400.png 400w\" sizes=\"(max-width: 750px) 100vw, 750px\" \/><\/div>\r\n\t\t<\/div>\r\n\t<\/div>\r\n\n\t<div class=\"wpb_video_widget wpb_content_element vc_clearfix   vc_video-aspect-ratio-169 vc_video-el-width-100 vc_video-align-left\" >\n\t\t<div class=\"wpb_wrapper\">\n\t\t\t\n\t\t\t<div class=\"wpb_video_wrapper\"><iframe loading=\"lazy\" title=\"Dymind&#039;s DH-8000 Automatic Hematology Analysis Workstation: Efficiency with Intelligence\" width=\"1140\" height=\"641\" src=\"https:\/\/www.youtube.com\/embed\/S466-FsLXbk?feature=oembed\" frameborder=\"0\" allow=\"accelerometer; autoplay; clipboard-write; encrypted-media; gyroscope; picture-in-picture; web-share\" referrerpolicy=\"strict-origin-when-cross-origin\" allowfullscreen><\/iframe><\/div>\n\t\t<\/div>\n\t<\/div>\n<\/div><\/div><div class=\"vc_column_container col-md-6\"><div class=\"wpb_wrapper vc_column-inner\">\n\t<div class=\"wpb_text_column wpb_content_element\" >\n\t\t<div class=\"wpb_wrapper\">\n\t\t\t<p><span style=\"font-size: 18px;\"><strong>DH-800 CS<br \/>\nOtomatik Hematoloji Analiz\u00f6r\u00fc Retik\u00fclosit&#8217;li<\/strong><\/span><\/p>\n<p><strong>Anormal WBC\/RBC\/PLT i\u00e7in Yenilik\u00e7i Teknoloji<\/strong><\/p>\n<p>Y\u00fcksek Kapasiteli, Ak\u0131ll\u0131 ve G\u00fcvenilir Hematoloji Analizi<\/p>\n<p>DH-800CS, geli\u015fmi\u015f analiz algoritmalar\u0131 ve entegre AI destekli i\u015faretleme sistemi ile donat\u0131lm\u0131\u015f, 44 tam kan ve 7 v\u00fccut s\u0131v\u0131s\u0131 parametresini raporlayabilen y\u00fcksek kapasiteli bir hematoloji analiz\u00f6r\u00fcd\u00fcr. Lazer sa\u00e7\u0131l\u0131m\u0131, floresan ve ak\u0131\u015f sitometrisi teknolojilerini bir arada kullanarak CBC, DIFF, RET ve NRBC gibi geni\u015f test yelpazesini h\u0131zl\u0131 ve g\u00fcvenilir \u015fekilde sunar.<\/p>\n<p><strong>Key Features<\/strong><br \/>\n\u2022 H\u0131zl\u0131 \u00c7al\u0131\u015fma: 110 test\/saat kapasite<br \/>\n\u2022 Geni\u015f Parametre Yelpazesi: Tam kan i\u00e7in 152\u2019ye kadar ara\u015ft\u0131r\u0131labilir parametre<br \/>\n\u2022 Ak\u0131ll\u0131 \u0130\u015faretleme Sistemi: AML, ALL gibi l\u00f6semi t\u00fcrlerinde y\u00fcksek do\u011frulukla erken tespit imk\u00e2n\u0131<br \/>\n\u2022 RBC &amp; PLT i\u00e7in Geli\u015fmi\u015f Algoritmalar: Mikrosit ve h\u00fccre d\u00f6k\u00fcnt\u00fcs\u00fc gibi giri\u015fimlere kar\u015f\u0131 \u00f6zel \u00e7\u00f6z\u00fcm<br \/>\n\u2022 Kapsaml\u0131 Enfeksiyon Tarama: CRP, SAA gibi biyobelirte\u00e7lerle kombine edilebilir panel se\u00e7enekleri<br \/>\n\u2022 15.6\u201d Dokunmatik Renkli Ekran: Kullan\u0131c\u0131 dostu aray\u00fcz ve y\u00fcksek etkile\u015fimli deneyim<br \/>\n\u2022 Otomatik Numune Alma ve Bak\u0131m: A\u00e7\u0131k\/kapal\u0131 STAT y\u00fckleme, ger\u00e7ek zamanl\u0131 otomatik temizlik ve kapanma sistemi<br \/>\n\u2022 Geli\u015fmi\u015f Veri Y\u00f6netimi: 300.000+ sonu\u00e7 depolama, LIS uyumlu HL7 ba\u011flant\u0131 deste\u011fi<\/p>\n<p><strong>Esnek Test Modlar\u0131<\/strong><\/p>\n<p>CBC, CBC+DIFF, RET, PLT-F, CRP, SAA gibi bir\u00e7ok test kombinasyonunu destekler. Tam kan, k\u0131lcal kan ve v\u00fccut s\u0131v\u0131s\u0131 \u00f6rnekleriyle \u00e7al\u0131\u015fabilir.<\/p>\n\n\t\t<\/div>\n\t<\/div>\n<\/div><\/div><\/div>\n<\/section>","protected":false},"excerpt":{"rendered":"DH-800 CS Otomatik Hematoloji Analiz\u00f6r\u00fc Retik\u00fclosit'li Anormal WBC\/RBC\/PLT i\u00e7in Yenilik\u00e7i Teknoloji Y\u00fcksek Kapasiteli, Ak\u0131ll\u0131 ve G\u00fcvenilir Hematoloji Analizi DH-800CS, geli\u015fmi\u015f analiz algoritmalar\u0131 ve entegre AI destekli i\u015faretleme sistemi ile donat\u0131lm\u0131\u015f, 44 tam kan ve 7 v\u00fccut s\u0131v\u0131s\u0131 parametresini raporlayabilen y\u00fcksek kapasiteli bir hematoloji analiz\u00f6r\u00fcd\u00fcr. Lazer sa\u00e7\u0131l\u0131m\u0131, floresan ve ak\u0131\u015f sitometrisi teknolojilerini bir arada kullanarak CBC, [...]","protected":false},"author":1,"featured_media":0,"parent":3130,"menu_order":0,"comment_status":"closed","ping_status":"closed","template":"","meta":{"footnotes":""},"class_list":["post-3132","page","type-page","status-publish","hentry"],"_links":{"self":[{"href":"https:\/\/www.coregen.com.tr\/en\/wp-json\/wp\/v2\/pages\/3132"}],"collection":[{"href":"https:\/\/www.coregen.com.tr\/en\/wp-json\/wp\/v2\/pages"}],"about":[{"href":"https:\/\/www.coregen.com.tr\/en\/wp-json\/wp\/v2\/types\/page"}],"author":[{"embeddable":true,"href":"https:\/\/www.coregen.com.tr\/en\/wp-json\/wp\/v2\/users\/1"}],"replies":[{"embeddable":true,"href":"https:\/\/www.coregen.com.tr\/en\/wp-json\/wp\/v2\/comments?post=3132"}],"version-history":[{"count":4,"href":"https:\/\/www.coregen.com.tr\/en\/wp-json\/wp\/v2\/pages\/3132\/revisions"}],"predecessor-version":[{"id":3146,"href":"https:\/\/www.coregen.com.tr\/en\/wp-json\/wp\/v2\/pages\/3132\/revisions\/3146"}],"up":[{"embeddable":true,"href":"https:\/\/www.coregen.com.tr\/en\/wp-json\/wp\/v2\/pages\/3130"}],"wp:attachment":[{"href":"https:\/\/www.coregen.com.tr\/en\/wp-json\/wp\/v2\/media?parent=3132"}],"curies":[{"name":"wp","href":"https:\/\/api.w.org\/{rel}","templated":true}]}}