{"id":3138,"date":"2025-08-14T23:46:32","date_gmt":"2025-08-14T23:46:32","guid":{"rendered":"https:\/\/www.coregen.com.tr\/?page_id=3138"},"modified":"2025-08-15T09:35:59","modified_gmt":"2025-08-15T09:35:59","slug":"un73","status":"publish","type":"page","link":"https:\/\/www.coregen.com.tr\/en\/hematoloji\/dymind\/un73\/","title":{"rendered":"UN73"},"content":{"rendered":"<section class=\"wpb-content-wrapper\"><div class=\"vc_row wpb_row row top-row\"><div class=\"vc_column_container col-md-6\"><div class=\"wpb_wrapper vc_column-inner\">\r\n\t<div class=\"wpb_single_image wpb_content_element vc_align_left\">\r\n\t\t<div class=\"wpb_wrapper\">\r\n\t\t\t\r\n\t\t\t<div class=\"vc_single_image-wrapper vc_box_shadow_border  vc_box_border_grey\"><img loading=\"lazy\" decoding=\"async\" width=\"750\" height=\"750\" src=\"https:\/\/www.coregen.com.tr\/wp-content\/uploads\/2025\/08\/xq-UN73_.png\" class=\"vc_single_image-img attachment-full\" alt=\"\" title=\"xq-UN73_\" srcset=\"https:\/\/www.coregen.com.tr\/wp-content\/uploads\/2025\/08\/xq-UN73_.png 750w, https:\/\/www.coregen.com.tr\/wp-content\/uploads\/2025\/08\/xq-UN73_-640x640.png 640w, https:\/\/www.coregen.com.tr\/wp-content\/uploads\/2025\/08\/xq-UN73_-400x400.png 400w\" sizes=\"(max-width: 750px) 100vw, 750px\" \/><\/div>\r\n\t\t<\/div>\r\n\t<\/div>\r\n\n\t<div class=\"wpb_video_widget wpb_content_element vc_clearfix   vc_video-aspect-ratio-169 vc_video-el-width-100 vc_video-align-left\" >\n\t\t<div class=\"wpb_wrapper\">\n\t\t\t\n\t\t\t<div class=\"wpb_video_wrapper\"><iframe loading=\"lazy\" title=\"Dymind UN73 3-Part &amp; 5-Part Combined Auto Hematology Analyzer\" width=\"1140\" height=\"641\" src=\"https:\/\/www.youtube.com\/embed\/Z7XLsfvl87k?feature=oembed\" frameborder=\"0\" allow=\"accelerometer; autoplay; clipboard-write; encrypted-media; gyroscope; picture-in-picture; web-share\" referrerpolicy=\"strict-origin-when-cross-origin\" allowfullscreen><\/iframe><\/div>\n\t\t<\/div>\n\t<\/div>\n<\/div><\/div><div class=\"vc_column_container col-md-6\"><div class=\"wpb_wrapper vc_column-inner\">\n\t<div class=\"wpb_text_column wpb_content_element\" >\n\t\t<div class=\"wpb_wrapper\">\n\t\t\t<p><span style=\"font-size: 18px;\"><strong>UN73<br \/>\n3-DIFF &amp; 5-DIFF \u00c7al\u0131\u015fan Otomatik Hematoloji Analiz\u00f6r\u00fc<\/strong><\/span><\/p>\n<p>UN73, ak\u0131ll\u0131 teknolojisi ve geli\u015fmi\u015f analiz kapasitesiyle laboratuvarlar i\u00e7in hem 3-DIFF hem de 5-DIFF testlerini destekleyen, tam otomatik bir hematoloji analiz\u00f6r\u00fcd\u00fcr.<br \/>\nAk\u0131\u015f sitometrisi, \u00fc\u00e7 a\u00e7\u0131l\u0131 lazer sa\u00e7\u0131lmas\u0131 ve kimyasal boyama tekniklerini entegre ederek 25 raporlanabilir + 6 ara\u015ft\u0131rma parametresi sunar.<br \/>\n\u2022\tUltra d\u00fc\u015f\u00fck numune hacmi (20\u00b5L) ile pediatrik ve geriatrik \u00f6rnekler i\u00e7in idealdir.<br \/>\n\u2022\tSaatte 90 teste kadar h\u0131zl\u0131 analiz kapasitesiyle verimlili\u011fi art\u0131r\u0131r.<br \/>\n\u2022\tGeni\u015f alarm yelpazesi ve kullan\u0131c\u0131 tan\u0131ml\u0131 limitler sayesinde g\u00fcvenli ve esnek analiz imkan\u0131 sunar.<br \/>\n\u2022\tDahili barkod okuyucu, \u00f6zelle\u015ftirilebilir rapor formatlar\u0131 ve \u00e7ift y\u00f6nl\u00fc LIS ba\u011flant\u0131s\u0131 ile m\u00fckemmel veri y\u00f6netimi sa\u011flar.<br \/>\n\u2022\tSadece iki reaktifle \u00e7al\u0131\u015farak test maliyetini \u00f6nemli \u00f6l\u00e7\u00fcde azalt\u0131r.<\/p>\n<p>UN73, laboratuvar\u0131n\u0131z\u0131n analiz ihtiya\u00e7lar\u0131n\u0131 kar\u015f\u0131lamak i\u00e7in tasarland\u0131: ak\u0131ll\u0131, h\u0131zl\u0131 ve ekonomik.<\/p>\n\n\t\t<\/div>\n\t<\/div>\n<\/div><\/div><\/div><div class=\"vc_row wpb_row row top-row\"><div class=\"vc_column_container col-md-12\"><div class=\"wpb_wrapper vc_column-inner\"><\/div><\/div><\/div>\n<\/section>","protected":false},"excerpt":{"rendered":"UN73 3-DIFF &amp; 5-DIFF \u00c7al\u0131\u015fan Otomatik Hematoloji Analiz\u00f6r\u00fc UN73, ak\u0131ll\u0131 teknolojisi ve geli\u015fmi\u015f analiz kapasitesiyle laboratuvarlar i\u00e7in hem 3-DIFF hem de 5-DIFF testlerini destekleyen, tam otomatik bir hematoloji analiz\u00f6r\u00fcd\u00fcr. Ak\u0131\u015f sitometrisi, \u00fc\u00e7 a\u00e7\u0131l\u0131 lazer sa\u00e7\u0131lmas\u0131 ve kimyasal boyama tekniklerini entegre ederek 25 raporlanabilir + 6 ara\u015ft\u0131rma parametresi sunar. \u2022 Ultra d\u00fc\u015f\u00fck numune hacmi (20\u00b5L) ile [...]","protected":false},"author":1,"featured_media":0,"parent":3130,"menu_order":0,"comment_status":"closed","ping_status":"closed","template":"","meta":{"footnotes":""},"class_list":["post-3138","page","type-page","status-publish","hentry"],"_links":{"self":[{"href":"https:\/\/www.coregen.com.tr\/en\/wp-json\/wp\/v2\/pages\/3138"}],"collection":[{"href":"https:\/\/www.coregen.com.tr\/en\/wp-json\/wp\/v2\/pages"}],"about":[{"href":"https:\/\/www.coregen.com.tr\/en\/wp-json\/wp\/v2\/types\/page"}],"author":[{"embeddable":true,"href":"https:\/\/www.coregen.com.tr\/en\/wp-json\/wp\/v2\/users\/1"}],"replies":[{"embeddable":true,"href":"https:\/\/www.coregen.com.tr\/en\/wp-json\/wp\/v2\/comments?post=3138"}],"version-history":[{"count":4,"href":"https:\/\/www.coregen.com.tr\/en\/wp-json\/wp\/v2\/pages\/3138\/revisions"}],"predecessor-version":[{"id":3161,"href":"https:\/\/www.coregen.com.tr\/en\/wp-json\/wp\/v2\/pages\/3138\/revisions\/3161"}],"up":[{"embeddable":true,"href":"https:\/\/www.coregen.com.tr\/en\/wp-json\/wp\/v2\/pages\/3130"}],"wp:attachment":[{"href":"https:\/\/www.coregen.com.tr\/en\/wp-json\/wp\/v2\/media?parent=3138"}],"curies":[{"name":"wp","href":"https:\/\/api.w.org\/{rel}","templated":true}]}}