{"id":3140,"date":"2025-08-15T00:01:48","date_gmt":"2025-08-15T00:01:48","guid":{"rendered":"https:\/\/www.coregen.com.tr\/?page_id=3140"},"modified":"2025-08-15T09:34:13","modified_gmt":"2025-08-15T09:34:13","slug":"dh26","status":"publish","type":"page","link":"https:\/\/www.coregen.com.tr\/en\/hematoloji\/dymind\/dh26\/","title":{"rendered":"DH26"},"content":{"rendered":"<section class=\"wpb-content-wrapper\"><div class=\"vc_row wpb_row row top-row\"><div class=\"vc_column_container col-md-6\"><div class=\"wpb_wrapper vc_column-inner\">\r\n\t<div class=\"wpb_single_image wpb_content_element vc_align_left\">\r\n\t\t<div class=\"wpb_wrapper\">\r\n\t\t\t\r\n\t\t\t<div class=\"vc_single_image-wrapper vc_box_shadow_border  vc_box_border_grey\"><img loading=\"lazy\" decoding=\"async\" width=\"750\" height=\"750\" src=\"https:\/\/www.coregen.com.tr\/wp-content\/uploads\/2025\/08\/xq-DH26.png\" class=\"vc_single_image-img attachment-full\" alt=\"\" title=\"xq-DH26\" srcset=\"https:\/\/www.coregen.com.tr\/wp-content\/uploads\/2025\/08\/xq-DH26.png 750w, https:\/\/www.coregen.com.tr\/wp-content\/uploads\/2025\/08\/xq-DH26-640x640.png 640w, https:\/\/www.coregen.com.tr\/wp-content\/uploads\/2025\/08\/xq-DH26-400x400.png 400w\" sizes=\"(max-width: 750px) 100vw, 750px\" \/><\/div>\r\n\t\t<\/div>\r\n\t<\/div>\r\n\n\t<div class=\"wpb_video_widget wpb_content_element vc_clearfix   vc_video-aspect-ratio-169 vc_video-el-width-100 vc_video-align-left\" >\n\t\t<div class=\"wpb_wrapper\">\n\t\t\t\n\t\t\t<div class=\"wpb_video_wrapper\"><iframe loading=\"lazy\" title=\"DH26, 3-Part Auto Hematology Analyzer\" width=\"1140\" height=\"641\" src=\"https:\/\/www.youtube.com\/embed\/P9wqqHJmU9c?feature=oembed\" frameborder=\"0\" allow=\"accelerometer; autoplay; clipboard-write; encrypted-media; gyroscope; picture-in-picture; web-share\" referrerpolicy=\"strict-origin-when-cross-origin\" allowfullscreen><\/iframe><\/div>\n\t\t<\/div>\n\t<\/div>\n<\/div><\/div><div class=\"vc_column_container col-md-6\"><div class=\"wpb_wrapper vc_column-inner\">\n\t<div class=\"wpb_text_column wpb_content_element\" >\n\t\t<div class=\"wpb_wrapper\">\n\t\t\t<p><span style=\"font-size: 18px;\"><strong>DH26<br \/>\n3-Diff Hematoloji Analiz\u00f6r\u00fc<\/strong><\/span><\/p>\n<p>Kompakt Tasar\u0131m, G\u00fc\u00e7l\u00fc Performans<\/p>\n<p>DH-615, 5 diferansiyelli hematoloji analizinde g\u00fcvenilirlik, do\u011fruluk ve verimlili\u011fi bir araya getiren kompakt bir \u00e7\u00f6z\u00fcm sunar. K\u00fc\u00e7\u00fck ve orta \u00f6l\u00e7ekli laboratuvarlar i\u00e7in ideal olan bu cihaz, geli\u015fmi\u015f lazer sa\u00e7\u0131l\u0131m\u0131 ve floresan teknolojilerini entegre ederek 29 hematolojik parametreyi y\u00fcksek hassasiyetle raporlayabilir.<\/p>\n<p><strong>Key Features<\/strong><br \/>\n\u2022 H\u0131zl\u0131 Test Kapasitesi: 60 test\/saat<br \/>\n\u2022 3 Modda Numune Alma: Tam kan, k\u0131lcal kan, \u00f6nceden seyreltilmi\u015f \u00f6rneklerle uyumlu<br \/>\n\u2022 Geli\u015fmi\u015f Teknoloji: Lazer sa\u00e7\u0131l\u0131m\u0131, floresan boyama ve ak\u0131\u015f sitometrisi bir arada<br \/>\n\u2022 Y\u00fcksek Depolama Kapasitesi: 100.000 sonu\u00e7 haf\u0131zas\u0131<br \/>\n\u2022 Geni\u015f Ekran: 10.4\u201d renkli dokunmatik ekran ile kullan\u0131c\u0131 dostu aray\u00fcz<br \/>\n\u2022 Ak\u0131ll\u0131 \u0130\u015faretleme Sistemi: Anormal h\u00fccre tan\u0131mlamas\u0131 i\u00e7in bayraklama algoritmalar\u0131<br \/>\n\u2022 Kolay Entegrasyon: LIS ba\u011flant\u0131s\u0131 (HL7 protokol\u00fc destekli)<\/p>\n<p><strong>Kompakt ve Verimli<\/strong><\/p>\n<p>DH-615, az yer kaplayan tasar\u0131m\u0131 ile k\u00fc\u00e7\u00fck alanlara rahatl\u0131kla uyum sa\u011flar. Bak\u0131m\u0131 kolay, kullan\u0131m\u0131 pratiktir. Otomatik temizleme ve hata uyar\u0131 sistemleri sayesinde kesintisiz analiz imk\u00e2n\u0131 sunar.<\/p>\n\n\t\t<\/div>\n\t<\/div>\n\r\n\t<div class=\"wpb_single_image wpb_content_element vc_align_left\">\r\n\t\t<div class=\"wpb_wrapper\">\r\n\t\t\t\r\n\t\t\t<div class=\"vc_single_image-wrapper   vc_box_border_grey\"><img loading=\"lazy\" decoding=\"async\" width=\"1205\" height=\"383\" src=\"https:\/\/www.coregen.com.tr\/wp-content\/uploads\/2025\/08\/Ekran-Resmi-2025-08-15-03.05.34.png\" class=\"vc_single_image-img attachment-full\" alt=\"\" title=\"Ekran Resmi 2025-08-15 03.05.34\" srcset=\"https:\/\/www.coregen.com.tr\/wp-content\/uploads\/2025\/08\/Ekran-Resmi-2025-08-15-03.05.34.png 1205w, https:\/\/www.coregen.com.tr\/wp-content\/uploads\/2025\/08\/Ekran-Resmi-2025-08-15-03.05.34-1000x318.png 1000w, https:\/\/www.coregen.com.tr\/wp-content\/uploads\/2025\/08\/Ekran-Resmi-2025-08-15-03.05.34-1024x325.png 1024w, https:\/\/www.coregen.com.tr\/wp-content\/uploads\/2025\/08\/Ekran-Resmi-2025-08-15-03.05.34-768x244.png 768w, https:\/\/www.coregen.com.tr\/wp-content\/uploads\/2025\/08\/Ekran-Resmi-2025-08-15-03.05.34-640x203.png 640w, https:\/\/www.coregen.com.tr\/wp-content\/uploads\/2025\/08\/Ekran-Resmi-2025-08-15-03.05.34-400x127.png 400w\" sizes=\"(max-width: 1205px) 100vw, 1205px\" \/><\/div>\r\n\t\t<\/div>\r\n\t<\/div>\r\n<\/div><\/div><\/div>\n<\/section>","protected":false},"excerpt":{"rendered":"DH26 3-Diff Hematoloji Analiz\u00f6r\u00fc Kompakt Tasar\u0131m, G\u00fc\u00e7l\u00fc Performans DH-615, 5 diferansiyelli hematoloji analizinde g\u00fcvenilirlik, do\u011fruluk ve verimlili\u011fi bir araya getiren kompakt bir \u00e7\u00f6z\u00fcm sunar. K\u00fc\u00e7\u00fck ve orta \u00f6l\u00e7ekli laboratuvarlar i\u00e7in ideal olan bu cihaz, geli\u015fmi\u015f lazer sa\u00e7\u0131l\u0131m\u0131 ve floresan teknolojilerini entegre ederek 29 hematolojik parametreyi y\u00fcksek hassasiyetle raporlayabilir. \u00d6ne \u00c7\u0131kan \u00d6zellikler \u2022 H\u0131zl\u0131 Test Kapasitesi: [...]","protected":false},"author":1,"featured_media":0,"parent":3130,"menu_order":0,"comment_status":"closed","ping_status":"closed","template":"","meta":{"footnotes":""},"class_list":["post-3140","page","type-page","status-publish","hentry"],"_links":{"self":[{"href":"https:\/\/www.coregen.com.tr\/en\/wp-json\/wp\/v2\/pages\/3140"}],"collection":[{"href":"https:\/\/www.coregen.com.tr\/en\/wp-json\/wp\/v2\/pages"}],"about":[{"href":"https:\/\/www.coregen.com.tr\/en\/wp-json\/wp\/v2\/types\/page"}],"author":[{"embeddable":true,"href":"https:\/\/www.coregen.com.tr\/en\/wp-json\/wp\/v2\/users\/1"}],"replies":[{"embeddable":true,"href":"https:\/\/www.coregen.com.tr\/en\/wp-json\/wp\/v2\/comments?post=3140"}],"version-history":[{"count":3,"href":"https:\/\/www.coregen.com.tr\/en\/wp-json\/wp\/v2\/pages\/3140\/revisions"}],"predecessor-version":[{"id":3160,"href":"https:\/\/www.coregen.com.tr\/en\/wp-json\/wp\/v2\/pages\/3140\/revisions\/3160"}],"up":[{"embeddable":true,"href":"https:\/\/www.coregen.com.tr\/en\/wp-json\/wp\/v2\/pages\/3130"}],"wp:attachment":[{"href":"https:\/\/www.coregen.com.tr\/en\/wp-json\/wp\/v2\/media?parent=3140"}],"curies":[{"name":"wp","href":"https:\/\/api.w.org\/{rel}","templated":true}]}}