{"id":3209,"date":"2025-08-17T12:22:40","date_gmt":"2025-08-17T12:22:40","guid":{"rendered":"https:\/\/www.coregen.com.tr\/?page_id=3209"},"modified":"2025-08-17T12:23:35","modified_gmt":"2025-08-17T12:23:35","slug":"parcali-contali-ignesiz-2-ml-lityum-heparin-icerikli-arterial-kan-gazi-siringasi-pulverize","status":"publish","type":"page","link":"https:\/\/www.coregen.com.tr\/en\/numune-alma-sistemleri\/parcali-contali-ignesiz-2-ml-lityum-heparin-icerikli-arterial-kan-gazi-siringasi-pulverize\/","title":{"rendered":"Arterial Blood Gas Syringe (Pulverized)"},"content":{"rendered":"<section class=\"wpb-content-wrapper\"><div class=\"vc_row wpb_row row top-row\"><div class=\"vc_column_container col-md-6\"><div class=\"wpb_wrapper vc_column-inner\">\r\n\t<div class=\"wpb_single_image wpb_content_element vc_align_left\">\r\n\t\t<div class=\"wpb_wrapper\">\r\n\t\t\t\r\n\t\t\t<div class=\"vc_single_image-wrapper vc_box_shadow_border  vc_box_border_grey\"><img loading=\"lazy\" decoding=\"async\" width=\"1000\" height=\"1018\" src=\"https:\/\/www.coregen.com.tr\/wp-content\/uploads\/2025\/08\/4.jpg\" class=\"vc_single_image-img attachment-full\" alt=\"\" title=\"4\" srcset=\"https:\/\/www.coregen.com.tr\/wp-content\/uploads\/2025\/08\/4.jpg 1000w, https:\/\/www.coregen.com.tr\/wp-content\/uploads\/2025\/08\/4-982x1000.jpg 982w, https:\/\/www.coregen.com.tr\/wp-content\/uploads\/2025\/08\/4-768x782.jpg 768w, https:\/\/www.coregen.com.tr\/wp-content\/uploads\/2025\/08\/4-640x652.jpg 640w, https:\/\/www.coregen.com.tr\/wp-content\/uploads\/2025\/08\/4-400x407.jpg 400w\" sizes=\"(max-width: 1000px) 100vw, 1000px\" \/><\/div>\r\n\t\t<\/div>\r\n\t<\/div>\r\n<\/div><\/div><div class=\"vc_column_container col-md-6\"><div class=\"wpb_wrapper vc_column-inner\">\n\t<div class=\"wpb_text_column wpb_content_element\" >\n\t\t<div class=\"wpb_wrapper\">\n\t\t\t<p><b>2 ml Arterial Blood Gas Syringe with Lithium Heparin, Split Gasket, Needle-Free (Pulverized)<\/b><\/p>\n<ul>\n<li>\n<p class=\"p1\">3-Part<\/p>\n<\/li>\n<li>\n<p class=\"p1\">Central Luer or Eccentric Luer Tip<\/p>\n<\/li>\n<li>\n<p class=\"p1\">With or Without Needle<\/p>\n<\/li>\n<li>\n<p class=\"p1\">Hypodermic Needles<\/p>\n<\/li>\n<li>\n<p class=\"p1\">Medical Grade Raw Material<\/p>\n<\/li>\n<li>\n<p class=\"p1\">Polypropylene Barrel<\/p>\n<\/li>\n<li>\n<p class=\"p1\">Polyethylene Plunger<\/p>\n<\/li>\n<li>\n<p class=\"p1\">Latex-Free Gasket<\/p>\n<\/li>\n<li>\n<p class=\"p1\">Blister Package made of Medical Paper and Transparent Film<\/p>\n<\/li>\n<li>\n<p class=\"p1\">EO Sterilization<\/p>\n<\/li>\n<\/ul>\n\n\t\t<\/div>\n\t<\/div>\n<\/div><\/div><\/div>\n<\/section>","protected":false},"excerpt":{"rendered":"PAR\u00c7ALI CONTALI, \u0130\u011eNES\u0130Z 2 ML L\u0130TYUM HEPAR\u0130N \u0130\u00c7ER\u0130KL\u0130 ARTER\u0130AL KAN GAZI \u015eIRINGASI (P\u00dcLVER\u0130ZE) 3 Par\u00e7al\u0131 Merkezi Luer veya Eksantrik Luer U\u00e7lu \u0130\u011fneli veya \u0130\u011fnesiz Hipodermik \u0130\u011fneler Medikal Hammadde Polipropilen Silindir Polietilen Piston Lateks \u0130\u00e7ermeyen Conta Medikal k\u00e2\u011f\u0131t ve \u015feffaf filmden olu\u015fan Blister Ambalaj EO Sterilizasyon","protected":false},"author":1,"featured_media":0,"parent":2410,"menu_order":0,"comment_status":"closed","ping_status":"closed","template":"","meta":{"footnotes":""},"class_list":["post-3209","page","type-page","status-publish","hentry"],"_links":{"self":[{"href":"https:\/\/www.coregen.com.tr\/en\/wp-json\/wp\/v2\/pages\/3209"}],"collection":[{"href":"https:\/\/www.coregen.com.tr\/en\/wp-json\/wp\/v2\/pages"}],"about":[{"href":"https:\/\/www.coregen.com.tr\/en\/wp-json\/wp\/v2\/types\/page"}],"author":[{"embeddable":true,"href":"https:\/\/www.coregen.com.tr\/en\/wp-json\/wp\/v2\/users\/1"}],"replies":[{"embeddable":true,"href":"https:\/\/www.coregen.com.tr\/en\/wp-json\/wp\/v2\/comments?post=3209"}],"version-history":[{"count":3,"href":"https:\/\/www.coregen.com.tr\/en\/wp-json\/wp\/v2\/pages\/3209\/revisions"}],"predecessor-version":[{"id":3212,"href":"https:\/\/www.coregen.com.tr\/en\/wp-json\/wp\/v2\/pages\/3209\/revisions\/3212"}],"up":[{"embeddable":true,"href":"https:\/\/www.coregen.com.tr\/en\/wp-json\/wp\/v2\/pages\/2410"}],"wp:attachment":[{"href":"https:\/\/www.coregen.com.tr\/en\/wp-json\/wp\/v2\/media?parent=3209"}],"curies":[{"name":"wp","href":"https:\/\/api.w.org\/{rel}","templated":true}]}}