{"id":3213,"date":"2025-08-17T12:23:56","date_gmt":"2025-08-17T12:23:56","guid":{"rendered":"https:\/\/www.coregen.com.tr\/?page_id=3213"},"modified":"2025-08-17T12:24:41","modified_gmt":"2025-08-17T12:24:41","slug":"idrar-tupu-16x100-mm-10-ml-katkisiz-z","status":"publish","type":"page","link":"https:\/\/www.coregen.com.tr\/en\/numune-alma-sistemleri\/idrar-tupu-16x100-mm-10-ml-katkisiz-z\/","title":{"rendered":"Urine Tube (16\u00d7100 mm \u2013 10 ml Plain \/ Z)"},"content":{"rendered":"<section class=\"wpb-content-wrapper\"><div class=\"vc_row wpb_row row top-row\"><div class=\"vc_column_container col-md-6\"><div class=\"wpb_wrapper vc_column-inner\">\r\n\t<div class=\"wpb_single_image wpb_content_element vc_align_left\">\r\n\t\t<div class=\"wpb_wrapper\">\r\n\t\t\t\r\n\t\t\t<div class=\"vc_single_image-wrapper vc_box_shadow_border  vc_box_border_grey\"><img loading=\"lazy\" decoding=\"async\" width=\"1000\" height=\"1018\" src=\"https:\/\/www.coregen.com.tr\/wp-content\/uploads\/2025\/08\/5.jpg\" class=\"vc_single_image-img attachment-full\" alt=\"\" title=\"5\" srcset=\"https:\/\/www.coregen.com.tr\/wp-content\/uploads\/2025\/08\/5.jpg 1000w, https:\/\/www.coregen.com.tr\/wp-content\/uploads\/2025\/08\/5-982x1000.jpg 982w, https:\/\/www.coregen.com.tr\/wp-content\/uploads\/2025\/08\/5-768x782.jpg 768w, https:\/\/www.coregen.com.tr\/wp-content\/uploads\/2025\/08\/5-640x652.jpg 640w, https:\/\/www.coregen.com.tr\/wp-content\/uploads\/2025\/08\/5-400x407.jpg 400w\" sizes=\"(max-width: 1000px) 100vw, 1000px\" \/><\/div>\r\n\t\t<\/div>\r\n\t<\/div>\r\n<\/div><\/div><div class=\"vc_column_container col-md-6\"><div class=\"wpb_wrapper vc_column-inner\">\n\t<div class=\"wpb_text_column wpb_content_element\" >\n\t\t<div class=\"wpb_wrapper\">\n\t\t\t<p><b>Urine Tube (16\u00d7100 mm \u2013 10 ml Plain \/ Z)<\/b><\/p>\n<ul>\n<li>\n<p class=\"p1\">Dimensions in Compliance with International Standards<\/p>\n<\/li>\n<li>\n<p class=\"p1\">Standart: EN 14820<\/p>\n<\/li>\n<li>\n<p class=\"p1\">Tube: Medical PET<\/p>\n<\/li>\n<li>\n<p class=\"p1\">Stopper: Butyl Rubber<\/p>\n<\/li>\n<li>\n<p class=\"p1\">Cap: Medical Polypropylene<\/p>\n<\/li>\n<li>\n<p class=\"p1\">Color Code: ISO 6710<\/p>\n<\/li>\n<li>\n<p class=\"p1\">Sterilization: Irradiation<\/p>\n<\/li>\n<\/ul>\n<p class=\"p3\"><b>Cup Color:<\/b><span class=\"s2\"> Yellow<\/span><\/p>\n<table>\n<thead>\n<tr>\n<th>\n<p class=\"p1\"><b>Capacity (ml)<\/b><\/p>\n<\/th>\n<th>\n<p class=\"p1\"><b>Dimensions (mm)<\/b><\/p>\n<\/th>\n<th>\n<p class=\"p1\"><b>Letter Code<\/b><\/p>\n<\/th>\n<th>\n<p class=\"p1\"><b>Box \u2013 Carton Quantity<\/b><\/p>\n<\/th>\n<\/tr>\n<\/thead>\n<tbody>\n<tr>\n<td>\n<p class=\"p1\">10 ml<\/p>\n<\/td>\n<td>\n<p class=\"p1\">16\u00d7100 mm<\/p>\n<\/td>\n<td>\n<p class=\"p1\">Z3<\/p>\n<\/td>\n<td>\n<p class=\"p1\">100 \/ 1000<\/p>\n<\/td>\n<\/tr>\n<\/tbody>\n<\/table>\n\n\t\t<\/div>\n\t<\/div>\n<\/div><\/div><\/div>\n<\/section>","protected":false},"excerpt":{"rendered":"\u0130DRAR T\u00dcP\u00dc (16x100 mm - 10 ml Katk\u0131s\u0131z \/ Z) Uluslararas\u0131 Standartlara Uygun \u00d6l\u00e7\u00fcler Standart: EN 14820 T\u00fcp: Medikal PET T\u0131pa: Butil Kau\u00e7uk Kapak: Medikal Polipropilen Renk Kodu: ISO 6710 Sterilizasyon: I\u015f\u0131nlama Kapak Rengi: Sar\u0131 HAC\u0130M (ML) EBAT (MM) HARF KODU KUTU - KOL\u0130 ADED\u0130 10 ml 16\u00d7100 mm Z3 100 \/ 1000","protected":false},"author":1,"featured_media":0,"parent":2410,"menu_order":0,"comment_status":"closed","ping_status":"closed","template":"","meta":{"footnotes":""},"class_list":["post-3213","page","type-page","status-publish","hentry"],"_links":{"self":[{"href":"https:\/\/www.coregen.com.tr\/en\/wp-json\/wp\/v2\/pages\/3213"}],"collection":[{"href":"https:\/\/www.coregen.com.tr\/en\/wp-json\/wp\/v2\/pages"}],"about":[{"href":"https:\/\/www.coregen.com.tr\/en\/wp-json\/wp\/v2\/types\/page"}],"author":[{"embeddable":true,"href":"https:\/\/www.coregen.com.tr\/en\/wp-json\/wp\/v2\/users\/1"}],"replies":[{"embeddable":true,"href":"https:\/\/www.coregen.com.tr\/en\/wp-json\/wp\/v2\/comments?post=3213"}],"version-history":[{"count":2,"href":"https:\/\/www.coregen.com.tr\/en\/wp-json\/wp\/v2\/pages\/3213\/revisions"}],"predecessor-version":[{"id":3215,"href":"https:\/\/www.coregen.com.tr\/en\/wp-json\/wp\/v2\/pages\/3213\/revisions\/3215"}],"up":[{"embeddable":true,"href":"https:\/\/www.coregen.com.tr\/en\/wp-json\/wp\/v2\/pages\/2410"}],"wp:attachment":[{"href":"https:\/\/www.coregen.com.tr\/en\/wp-json\/wp\/v2\/media?parent=3213"}],"curies":[{"name":"wp","href":"https:\/\/api.w.org\/{rel}","templated":true}]}}