{"id":3222,"date":"2025-08-17T12:26:54","date_gmt":"2025-08-17T12:26:54","guid":{"rendered":"https:\/\/www.coregen.com.tr\/?page_id=3222"},"modified":"2025-08-17T12:27:33","modified_gmt":"2025-08-17T12:27:33","slug":"non-steril-idrar-bardagi","status":"publish","type":"page","link":"https:\/\/www.coregen.com.tr\/en\/numune-alma-sistemleri\/non-steril-idrar-bardagi\/","title":{"rendered":"Non-Sterile Urine Cup"},"content":{"rendered":"<section class=\"wpb-content-wrapper\"><div class=\"vc_row wpb_row row top-row\"><div class=\"vc_column_container col-md-6\"><div class=\"wpb_wrapper vc_column-inner\">\r\n\t<div class=\"wpb_single_image wpb_content_element vc_align_left\">\r\n\t\t<div class=\"wpb_wrapper\">\r\n\t\t\t\r\n\t\t\t<div class=\"vc_single_image-wrapper vc_box_shadow_border  vc_box_border_grey\"><img loading=\"lazy\" decoding=\"async\" width=\"1000\" height=\"1018\" src=\"https:\/\/www.coregen.com.tr\/wp-content\/uploads\/2025\/08\/8.jpg\" class=\"vc_single_image-img attachment-full\" alt=\"\" title=\"8\" srcset=\"https:\/\/www.coregen.com.tr\/wp-content\/uploads\/2025\/08\/8.jpg 1000w, https:\/\/www.coregen.com.tr\/wp-content\/uploads\/2025\/08\/8-982x1000.jpg 982w, https:\/\/www.coregen.com.tr\/wp-content\/uploads\/2025\/08\/8-768x782.jpg 768w, https:\/\/www.coregen.com.tr\/wp-content\/uploads\/2025\/08\/8-640x652.jpg 640w, https:\/\/www.coregen.com.tr\/wp-content\/uploads\/2025\/08\/8-400x407.jpg 400w\" sizes=\"(max-width: 1000px) 100vw, 1000px\" \/><\/div>\r\n\t\t<\/div>\r\n\t<\/div>\r\n<\/div><\/div><div class=\"vc_column_container col-md-6\"><div class=\"wpb_wrapper vc_column-inner\">\n\t<div class=\"wpb_text_column wpb_content_element\" >\n\t\t<div class=\"wpb_wrapper\">\n\t\t\t<p><b>Non-Sterile Urine Cup<\/b><\/p>\n<ul>\n<li>\n<p class=\"p1\">Special Writable Area<\/p>\n<\/li>\n<li>\n<p class=\"p1\">Special Design<\/p>\n<\/li>\n<li>\n<p class=\"p1\">Special Screw Cap<\/p>\n<\/li>\n<li>\n<p class=\"p1\">Non-Sterile<\/p>\n<\/li>\n<\/ul>\n\n\t\t<\/div>\n\t<\/div>\n<\/div><\/div><\/div>\n<\/section>","protected":false},"excerpt":{"rendered":"NON STER\u0130L \u0130DRAR BARDA\u011eI Yaz\u0131labilir \u00f6zel alan \u00d6zel dizayn U\u00e7 \u00e7evrimli \u00f6zel kapak Steril olmayan","protected":false},"author":1,"featured_media":0,"parent":2410,"menu_order":0,"comment_status":"closed","ping_status":"closed","template":"","meta":{"footnotes":""},"class_list":["post-3222","page","type-page","status-publish","hentry"],"_links":{"self":[{"href":"https:\/\/www.coregen.com.tr\/en\/wp-json\/wp\/v2\/pages\/3222"}],"collection":[{"href":"https:\/\/www.coregen.com.tr\/en\/wp-json\/wp\/v2\/pages"}],"about":[{"href":"https:\/\/www.coregen.com.tr\/en\/wp-json\/wp\/v2\/types\/page"}],"author":[{"embeddable":true,"href":"https:\/\/www.coregen.com.tr\/en\/wp-json\/wp\/v2\/users\/1"}],"replies":[{"embeddable":true,"href":"https:\/\/www.coregen.com.tr\/en\/wp-json\/wp\/v2\/comments?post=3222"}],"version-history":[{"count":2,"href":"https:\/\/www.coregen.com.tr\/en\/wp-json\/wp\/v2\/pages\/3222\/revisions"}],"predecessor-version":[{"id":3224,"href":"https:\/\/www.coregen.com.tr\/en\/wp-json\/wp\/v2\/pages\/3222\/revisions\/3224"}],"up":[{"embeddable":true,"href":"https:\/\/www.coregen.com.tr\/en\/wp-json\/wp\/v2\/pages\/2410"}],"wp:attachment":[{"href":"https:\/\/www.coregen.com.tr\/en\/wp-json\/wp\/v2\/media?parent=3222"}],"curies":[{"name":"wp","href":"https:\/\/api.w.org\/{rel}","templated":true}]}}