{"id":3232,"date":"2025-08-17T12:31:20","date_gmt":"2025-08-17T12:31:20","guid":{"rendered":"https:\/\/www.coregen.com.tr\/?page_id=3232"},"modified":"2025-08-17T12:32:27","modified_gmt":"2025-08-17T12:32:27","slug":"konik-tabanli-falcon-tupu-50-ml-non-steril","status":"publish","type":"page","link":"https:\/\/www.coregen.com.tr\/en\/numune-alma-sistemleri\/konik-tabanli-falcon-tupu-50-ml-non-steril\/","title":{"rendered":"50 ml Conical Bottom Falcon Tube (Non-Sterile)"},"content":{"rendered":"<section class=\"wpb-content-wrapper\"><div class=\"vc_row wpb_row row top-row\"><div class=\"vc_column_container col-md-6\"><div class=\"wpb_wrapper vc_column-inner\">\r\n\t<div class=\"wpb_single_image wpb_content_element vc_align_left\">\r\n\t\t<div class=\"wpb_wrapper\">\r\n\t\t\t\r\n\t\t\t<div class=\"vc_single_image-wrapper vc_box_shadow_border  vc_box_border_grey\"><img loading=\"lazy\" decoding=\"async\" width=\"1000\" height=\"1018\" src=\"https:\/\/www.coregen.com.tr\/wp-content\/uploads\/2025\/08\/12.jpg\" class=\"vc_single_image-img attachment-full\" alt=\"\" title=\"12\" srcset=\"https:\/\/www.coregen.com.tr\/wp-content\/uploads\/2025\/08\/12.jpg 1000w, https:\/\/www.coregen.com.tr\/wp-content\/uploads\/2025\/08\/12-982x1000.jpg 982w, https:\/\/www.coregen.com.tr\/wp-content\/uploads\/2025\/08\/12-768x782.jpg 768w, https:\/\/www.coregen.com.tr\/wp-content\/uploads\/2025\/08\/12-640x652.jpg 640w, https:\/\/www.coregen.com.tr\/wp-content\/uploads\/2025\/08\/12-400x407.jpg 400w\" sizes=\"(max-width: 1000px) 100vw, 1000px\" \/><\/div>\r\n\t\t<\/div>\r\n\t<\/div>\r\n<\/div><\/div><div class=\"vc_column_container col-md-6\"><div class=\"wpb_wrapper vc_column-inner\">\n\t<div class=\"wpb_text_column wpb_content_element\" >\n\t\t<div class=\"wpb_wrapper\">\n\t\t\t<p><b>50 ml Conical Bottom Falcon Tube (Non-Sterile)<\/b><\/p>\n<ul>\n<li>\n<p class=\"p1\">Graduated 5 ml \u2013 50 ml<\/p>\n<\/li>\n<li>\n<p class=\"p1\">Polypropylene<\/p>\n<\/li>\n<li>\n<p class=\"p1\">Leak-Proof Twist-Open Special Cap<\/p>\n<\/li>\n<li>\n<p class=\"p1\">Screw Cap<\/p>\n<\/li>\n<li>\n<p class=\"p1\">Without Skirt<\/p>\n<\/li>\n<li>\n<p class=\"p1\">Non-Sterile<\/p>\n<\/li>\n<\/ul>\n\n\t\t<\/div>\n\t<\/div>\n<\/div><\/div><\/div>\n<\/section>","protected":false},"excerpt":{"rendered":"KON\u0130K TABANLI FALCON T\u00dcP\u00dc \u2013 50 ML (NON STER\u0130L) 5 ml \u2013 50 ml aras\u0131 g\u00f6stergeli Polipropilen \u00c7evir-a\u00e7 s\u0131zd\u0131rmayan \u00f6zel kapak Vida ge\u00e7meli kapak Eteksiz Steril olmayan","protected":false},"author":1,"featured_media":0,"parent":2410,"menu_order":0,"comment_status":"closed","ping_status":"closed","template":"","meta":{"footnotes":""},"class_list":["post-3232","page","type-page","status-publish","hentry"],"_links":{"self":[{"href":"https:\/\/www.coregen.com.tr\/en\/wp-json\/wp\/v2\/pages\/3232"}],"collection":[{"href":"https:\/\/www.coregen.com.tr\/en\/wp-json\/wp\/v2\/pages"}],"about":[{"href":"https:\/\/www.coregen.com.tr\/en\/wp-json\/wp\/v2\/types\/page"}],"author":[{"embeddable":true,"href":"https:\/\/www.coregen.com.tr\/en\/wp-json\/wp\/v2\/users\/1"}],"replies":[{"embeddable":true,"href":"https:\/\/www.coregen.com.tr\/en\/wp-json\/wp\/v2\/comments?post=3232"}],"version-history":[{"count":2,"href":"https:\/\/www.coregen.com.tr\/en\/wp-json\/wp\/v2\/pages\/3232\/revisions"}],"predecessor-version":[{"id":3234,"href":"https:\/\/www.coregen.com.tr\/en\/wp-json\/wp\/v2\/pages\/3232\/revisions\/3234"}],"up":[{"embeddable":true,"href":"https:\/\/www.coregen.com.tr\/en\/wp-json\/wp\/v2\/pages\/2410"}],"wp:attachment":[{"href":"https:\/\/www.coregen.com.tr\/en\/wp-json\/wp\/v2\/media?parent=3232"}],"curies":[{"name":"wp","href":"https:\/\/api.w.org\/{rel}","templated":true}]}}