{"id":3239,"date":"2025-08-17T12:37:46","date_gmt":"2025-08-17T12:37:46","guid":{"rendered":"https:\/\/www.coregen.com.tr\/?page_id=3239"},"modified":"2025-08-17T12:38:18","modified_gmt":"2025-08-17T12:38:18","slug":"holder-2","status":"publish","type":"page","link":"https:\/\/www.coregen.com.tr\/en\/numune-alma-sistemleri\/holder-2\/","title":{"rendered":"Holder"},"content":{"rendered":"<section class=\"wpb-content-wrapper\"><div class=\"vc_row wpb_row row top-row\"><div class=\"vc_column_container col-md-6\"><div class=\"wpb_wrapper vc_column-inner\">\r\n\t<div class=\"wpb_single_image wpb_content_element vc_align_left\">\r\n\t\t<div class=\"wpb_wrapper\">\r\n\t\t\t\r\n\t\t\t<div class=\"vc_single_image-wrapper vc_box_shadow_border  vc_box_border_grey\"><img loading=\"lazy\" decoding=\"async\" width=\"1000\" height=\"1018\" src=\"https:\/\/www.coregen.com.tr\/wp-content\/uploads\/2025\/08\/9.jpg\" class=\"vc_single_image-img attachment-full\" alt=\"\" title=\"9\" srcset=\"https:\/\/www.coregen.com.tr\/wp-content\/uploads\/2025\/08\/9.jpg 1000w, https:\/\/www.coregen.com.tr\/wp-content\/uploads\/2025\/08\/9-982x1000.jpg 982w, https:\/\/www.coregen.com.tr\/wp-content\/uploads\/2025\/08\/9-768x782.jpg 768w, https:\/\/www.coregen.com.tr\/wp-content\/uploads\/2025\/08\/9-640x652.jpg 640w, https:\/\/www.coregen.com.tr\/wp-content\/uploads\/2025\/08\/9-400x407.jpg 400w\" sizes=\"(max-width: 1000px) 100vw, 1000px\" \/><\/div>\r\n\t\t<\/div>\r\n\t<\/div>\r\n<\/div><\/div><div class=\"vc_column_container col-md-6\"><div class=\"wpb_wrapper vc_column-inner\">\n\t<div class=\"wpb_text_column wpb_content_element\" >\n\t\t<div class=\"wpb_wrapper\">\n\t\t\t<p><b>Holder<\/b><\/p>\n<ul>\n<li>\n<p class=\"p1\">Medical Polypropylene<\/p>\n<\/li>\n<li>\n<p class=\"p1\">Transparent<\/p>\n<\/li>\n<li>\n<p class=\"p1\">Safe to Use<\/p>\n<\/li>\n<li>\n<p class=\"p1\">Sterilization: EO (Ethylene Oxide)<\/p>\n<\/li>\n<\/ul>\n<p class=\"p3\"><b>Box \u2013 Carton Quantity:<\/b><span class=\"s2\"> 1000 \/ 3000<\/span><\/p>\n\n\t\t<\/div>\n\t<\/div>\n<\/div><\/div><\/div>\n<\/section>","protected":false},"excerpt":{"rendered":"HOLDER Medikal polipropilen \u015eeffaf G\u00fcvenli kullan\u0131m Sterilizasyon: EO Kutu - Koli Adedi: 1000 \/ 3000","protected":false},"author":1,"featured_media":0,"parent":2410,"menu_order":0,"comment_status":"closed","ping_status":"closed","template":"","meta":{"footnotes":""},"class_list":["post-3239","page","type-page","status-publish","hentry"],"_links":{"self":[{"href":"https:\/\/www.coregen.com.tr\/en\/wp-json\/wp\/v2\/pages\/3239"}],"collection":[{"href":"https:\/\/www.coregen.com.tr\/en\/wp-json\/wp\/v2\/pages"}],"about":[{"href":"https:\/\/www.coregen.com.tr\/en\/wp-json\/wp\/v2\/types\/page"}],"author":[{"embeddable":true,"href":"https:\/\/www.coregen.com.tr\/en\/wp-json\/wp\/v2\/users\/1"}],"replies":[{"embeddable":true,"href":"https:\/\/www.coregen.com.tr\/en\/wp-json\/wp\/v2\/comments?post=3239"}],"version-history":[{"count":2,"href":"https:\/\/www.coregen.com.tr\/en\/wp-json\/wp\/v2\/pages\/3239\/revisions"}],"predecessor-version":[{"id":3241,"href":"https:\/\/www.coregen.com.tr\/en\/wp-json\/wp\/v2\/pages\/3239\/revisions\/3241"}],"up":[{"embeddable":true,"href":"https:\/\/www.coregen.com.tr\/en\/wp-json\/wp\/v2\/pages\/2410"}],"wp:attachment":[{"href":"https:\/\/www.coregen.com.tr\/en\/wp-json\/wp\/v2\/media?parent=3239"}],"curies":[{"name":"wp","href":"https:\/\/api.w.org\/{rel}","templated":true}]}}