{"id":3247,"date":"2025-12-10T06:50:45","date_gmt":"2025-12-10T06:50:45","guid":{"rendered":"https:\/\/www.coregen.com.tr\/?page_id=3247"},"modified":"2025-12-10T06:50:45","modified_gmt":"2025-12-10T06:50:45","slug":"autolumo-s900","status":"publish","type":"page","link":"https:\/\/www.coregen.com.tr\/en\/immunoassay\/autobio\/autolumo-s900\/","title":{"rendered":"AutoLumo S900"},"content":{"rendered":"<section class=\"wpb-content-wrapper\"><div class=\"vc_row wpb_row row top-row\"><div class=\"vc_column_container col-md-6\"><div class=\"wpb_wrapper vc_column-inner\">\n\t<div class=\"wpb_video_widget wpb_content_element vc_clearfix   vc_video-aspect-ratio-169 vc_video-el-width-100 vc_video-align-left\" >\n\t\t<div class=\"wpb_wrapper\">\n\t\t\t\n\t\t\t<div class=\"wpb_video_wrapper\"><iframe loading=\"lazy\" title=\"Infinitely In Limited Size! AutoLumo S900\" width=\"1140\" height=\"641\" src=\"https:\/\/www.youtube.com\/embed\/P_PvfNz9NjY?start=2&feature=oembed\" frameborder=\"0\" allow=\"accelerometer; autoplay; clipboard-write; encrypted-media; gyroscope; picture-in-picture; web-share\" referrerpolicy=\"strict-origin-when-cross-origin\" allowfullscreen><\/iframe><\/div>\n\t\t<\/div>\n\t<\/div>\n<div class=\"vc_btn3-container vc_btn3-inline\" >\r\n\t<a class=\"vc_general vc_btn3 vc_btn3-size-md vc_btn3-shape-default vc_btn3-style-classic wpb_custom_6687b26f39488ddbb85ddb3c1ce8e111 vc_btn3-icon-left vc_btn3-color-grey btn\" href=\"https:\/\/www.coregen.com.tr\/wp-content\/uploads\/2025\/12\/67a306dce2331.pdf\" title=\"\" target=\"_blank\"><i class=\"vc_btn3-icon far fa-arrow-alt-circle-down\"><\/i> Product Cataloge<\/a>\t<\/div>\r\n<\/div><\/div><div class=\"vc_column_container col-md-6\"><div class=\"wpb_wrapper vc_column-inner\">\n\t<div class=\"wpb_text_column wpb_content_element\" >\n\t\t<div class=\"wpb_wrapper\">\n\t\t\t<div><strong>Fully Automatic CLIA Analyzer<\/strong><\/div>\n<div><\/div>\n<div><strong>Compact Design, Powerful Performance<\/strong><\/div>\n<div><\/div>\n<div>The AutoLumo S900 is a compact yet highly capable chemiluminescence immunoassay analyzer, ideal for small to mid-sized laboratories. Designed for reliable and efficient diagnostic testing, it offers advanced performance across a wide range of clinical applications including infectious diseases, hormones, cardiac markers, and tumor markers.<\/div>\n<div><\/div>\n<div>Key Features<\/div>\n<div>\u2022Throughput: Up to 90 tests\/hour<\/div>\n<div>\u2022Compact Footprint: Space-saving and modern design<\/div>\n<div>\u2022Smart Workflow: Automatic sample identification and barcode scanning<\/div>\n<div>\u2022User-Friendly Interface: Large touch screen and intuitive software<\/div>\n<div>\u2022Broad Test Menu: Supports 50+ clinical parameters<\/div>\n<div>\u2022Reagent Cooling System: 2\u20138\u00b0C stable storage for 24 hours<\/div>\n<div>\u2022Easy Connectivity: Compatible with LIS\/HIS systems<\/div>\n<div><\/div>\n<div>AutoLumo S900 brings powerful immunoassay capabilities to any lab, even where space is limited.<\/div>\n\n\t\t<\/div>\n\t<\/div>\n<\/div><\/div><\/div>\n<\/section>","protected":false},"excerpt":{"rendered":"\u00dcr\u00fcn Katalo\u011fu Tam Otomatik CLIA Analiz\u00f6r\u00fc Kompakt Boyut, G\u00fc\u00e7l\u00fc Performans AutoLumo S900, kompakt tasar\u0131m\u0131 ve y\u00fcksek test h\u0131z\u0131 ile k\u00fc\u00e7\u00fck ve orta \u00f6l\u00e7ekli laboratuvarlar i\u00e7in m\u00fckemmel bir \u00e7\u00f6z\u00fcmd\u00fcr. Kemil\u00fcminesans imm\u00fcnoanaliz teknolojisiyle \u00e7al\u0131\u015fan sistem; enfeksiyon hastal\u0131klar\u0131, hormonlar, kardiyak belirte\u00e7ler ve t\u00fcm\u00f6r mark\u0131rlar\u0131 gibi bir\u00e7ok klinik alanda g\u00fcvenilir sonu\u00e7lar sunar. \u00d6ne \u00c7\u0131kan \u00d6zellikler \u2022Test Kapasitesi: 90 test\/saat [...]","protected":false},"author":1,"featured_media":0,"parent":2877,"menu_order":0,"comment_status":"closed","ping_status":"closed","template":"","meta":{"footnotes":""},"class_list":["post-3247","page","type-page","status-publish","hentry"],"_links":{"self":[{"href":"https:\/\/www.coregen.com.tr\/en\/wp-json\/wp\/v2\/pages\/3247"}],"collection":[{"href":"https:\/\/www.coregen.com.tr\/en\/wp-json\/wp\/v2\/pages"}],"about":[{"href":"https:\/\/www.coregen.com.tr\/en\/wp-json\/wp\/v2\/types\/page"}],"author":[{"embeddable":true,"href":"https:\/\/www.coregen.com.tr\/en\/wp-json\/wp\/v2\/users\/1"}],"replies":[{"embeddable":true,"href":"https:\/\/www.coregen.com.tr\/en\/wp-json\/wp\/v2\/comments?post=3247"}],"version-history":[{"count":3,"href":"https:\/\/www.coregen.com.tr\/en\/wp-json\/wp\/v2\/pages\/3247\/revisions"}],"predecessor-version":[{"id":3251,"href":"https:\/\/www.coregen.com.tr\/en\/wp-json\/wp\/v2\/pages\/3247\/revisions\/3251"}],"up":[{"embeddable":true,"href":"https:\/\/www.coregen.com.tr\/en\/wp-json\/wp\/v2\/pages\/2877"}],"wp:attachment":[{"href":"https:\/\/www.coregen.com.tr\/en\/wp-json\/wp\/v2\/media?parent=3247"}],"curies":[{"name":"wp","href":"https:\/\/api.w.org\/{rel}","templated":true}]}}