{"id":58,"date":"2016-06-13T16:11:07","date_gmt":"2016-06-13T16:11:07","guid":{"rendered":"http:\/\/sw-themes.com\/porto_dummy\/?page_id=58"},"modified":"2025-06-17T07:05:25","modified_gmt":"2025-06-17T07:05:25","slug":"hakkimizda","status":"publish","type":"page","link":"https:\/\/www.coregen.com.tr\/en\/hakkimizda\/","title":{"rendered":"About Us"},"content":{"rendered":"<section class=\"wpb-content-wrapper\"><div class=\"vc_row wpb_row top-row overflow-hidden section section-parallax mt-0 mb-0 pb-0 section-no-borders porto-inner-container\"><div class=\"porto-wrap-container container\"><div class=\"row\"><div class=\"vc_column_container col-md-12\"><div class=\"wpb_wrapper vc_column-inner\"><h3 style=\"font-size: 26px\" class=\"vc_custom_heading align-left\" ><b>Coregen Diagnostics<\/b><\/h3><\/div><\/div><\/div><\/div><\/div><div class=\"vc_row wpb_row top-row mb-4 overflow-hidden porto-inner-container\"><div class=\"porto-wrap-container container\"><div class=\"row\"><div class=\"vc_column_container col-md-12\"><div class=\"wpb_wrapper vc_column-inner\">\n\t<div class=\"wpb_text_column wpb_content_element  featured lead\" >\n\t\t<div class=\"wpb_wrapper\">\n\t\t\t<p style=\"text-align: justify;\">Since 2015, Coregen Diagnostics has been operating in Turkey, providing services in various sectors, especially in the field of laboratory in leading universities, medical faculties, training research hospitals and private hospitals of our country. Founded to meet the basic needs of the health, R&amp;D and industrial sectors, our company has the ability to provide services throughout Turkey and internationally with a young and dynamic staff.<\/p>\n\n\t\t<\/div>\n\t<\/div>\n<\/div><\/div><\/div><\/div><\/div><div class=\"vc_row wpb_row top-row row-align-items-center vc_custom_1542099941971 vc_row-has-fill porto-inner-container\"><div class=\"porto-wrap-container container\"><div class=\"row\"><div class=\"vc_column_container col-md-12\" data-appear-animation=\"fadeInLeft\"><div class=\"wpb_wrapper vc_column-inner\">\n\t<div class=\"wpb_text_column wpb_content_element\" >\n\t\t<div class=\"wpb_wrapper\">\n\t\t\t<div id=\"envira-gallery-wrap-3076\" class=\"envira-gallery-wrap envira-gallery-theme-base envira-lightbox-theme-base\" itemscope itemtype=\"https:\/\/schema.org\/ImageGallery\"><div data-row-height=\"\" data-gallery-theme=\"\" id=\"envira-gallery-3076\" class=\"envira-gallery-public  envira-gallery-3-columns envira-clear enviratope envira-gallery-css-animations\" data-envira-columns=\"3\"><div id=\"envira-gallery-item-3079\" class=\"envira-gallery-item enviratope-item envira-gallery-item-1 envira-lazy-load\" style=\"padding-left: 5px; padding-bottom: 10px; padding-right: 5px;\"  itemscope itemtype=\"https:\/\/schema.org\/ImageObject\"><div class=\"envira-gallery-item-inner\"><div class=\"envira-gallery-position-overlay  envira-gallery-top-left\"><\/div><div class=\"envira-gallery-position-overlay  envira-gallery-top-right\"><\/div><div class=\"envira-gallery-position-overlay  envira-gallery-bottom-left\"><\/div><div class=\"envira-gallery-position-overlay  envira-gallery-bottom-right\"><\/div><a href=\"https:\/\/www.coregen.com.tr\/wp-content\/uploads\/2025\/06\/72163c75-885b-478e-a93d-6613a1b5caa2-scaled.jpg\" class=\"envira-gallery-3076 envira-gallery-link\" rel=\"enviragallery3076\" title=\"Coregen Diagnostics\" data-envira-caption=\"Coregen Diagnostik\" data-envira-retina=\"\" data-thumbnail=\"\"  itemprop=\"contentUrl\"><div class=\"envira-lazy\" data-test-width=\"1000\" data-test-height=\"750\" style=\"padding-bottom:75%;\"><img decoding=\"async\" id=\"envira-gallery-image-3079\" class=\"envira-gallery-image envira-gallery-image-1\" data-envira-index=\"1\" src=\"https:\/\/www.coregen.com.tr\/wp-content\/uploads\/2025\/06\/72163c75-885b-478e-a93d-6613a1b5caa2-scaled.jpg\" data-envira-src=\"https:\/\/www.coregen.com.tr\/wp-content\/uploads\/2025\/06\/72163c75-885b-478e-a93d-6613a1b5caa2-scaled.jpg\" data-envira-gallery-id=\"3076\" data-envira-item-id=\"3079\" data-envira-caption=\"Coregen Diagnostik\" alt=\"\" title=\"Coregen Diagnostics\"  itemprop=\"thumbnailUrl\" data-envira-srcset=\"https:\/\/www.coregen.com.tr\/wp-content\/uploads\/2025\/06\/72163c75-885b-478e-a93d-6613a1b5caa2-scaled.jpg 400w,https:\/\/www.coregen.com.tr\/wp-content\/uploads\/2025\/06\/72163c75-885b-478e-a93d-6613a1b5caa2-scaled.jpg 2x\" srcset=\"data:image\/gif;base64,R0lGODlhAQABAIAAAP\/\/\/\/\/\/\/yH5BAEKAAEALAAAAAABAAEAAAICTAEAOw==\" \/><\/div><\/a><\/div><\/div><div id=\"envira-gallery-item-3067\" class=\"envira-gallery-item enviratope-item envira-gallery-item-2 envira-lazy-load\" style=\"padding-left: 5px; padding-bottom: 10px; padding-right: 5px;\"  itemscope itemtype=\"https:\/\/schema.org\/ImageObject\"><div class=\"envira-gallery-item-inner\"><div class=\"envira-gallery-position-overlay  envira-gallery-top-left\"><\/div><div class=\"envira-gallery-position-overlay  envira-gallery-top-right\"><\/div><div class=\"envira-gallery-position-overlay  envira-gallery-bottom-left\"><\/div><div class=\"envira-gallery-position-overlay  envira-gallery-bottom-right\"><\/div><a href=\"https:\/\/www.coregen.com.tr\/wp-content\/uploads\/2025\/06\/PHOTO-2025-06-12-11-50-21-scaled.jpg\" class=\"envira-gallery-3076 envira-gallery-link\" rel=\"enviragallery3076\" title=\"Coregen Diagnostics\" data-envira-caption=\"Coregen Diagnostik\" data-envira-retina=\"\" data-thumbnail=\"\"  itemprop=\"contentUrl\"><div class=\"envira-lazy\" data-test-width=\"1000\" data-test-height=\"985\" style=\"padding-bottom:98.5%;\"><img decoding=\"async\" id=\"envira-gallery-image-3067\" class=\"envira-gallery-image envira-gallery-image-2\" data-envira-index=\"2\" src=\"https:\/\/www.coregen.com.tr\/wp-content\/uploads\/2025\/06\/PHOTO-2025-06-12-11-50-21-scaled.jpg\" data-envira-src=\"https:\/\/www.coregen.com.tr\/wp-content\/uploads\/2025\/06\/PHOTO-2025-06-12-11-50-21-scaled.jpg\" data-envira-gallery-id=\"3076\" data-envira-item-id=\"3067\" data-envira-caption=\"Coregen Diagnostik\" alt=\"\" title=\"Coregen Diagnostics\"  itemprop=\"thumbnailUrl\" data-envira-srcset=\"https:\/\/www.coregen.com.tr\/wp-content\/uploads\/2025\/06\/PHOTO-2025-06-12-11-50-21-scaled.jpg 400w,https:\/\/www.coregen.com.tr\/wp-content\/uploads\/2025\/06\/PHOTO-2025-06-12-11-50-21-scaled.jpg 2x\" srcset=\"data:image\/gif;base64,R0lGODlhAQABAIAAAP\/\/\/\/\/\/\/yH5BAEKAAEALAAAAAABAAEAAAICTAEAOw==\" \/><\/div><\/a><\/div><\/div><div id=\"envira-gallery-item-3073\" class=\"envira-gallery-item enviratope-item envira-gallery-item-3 envira-lazy-load\" style=\"padding-left: 5px; padding-bottom: 10px; padding-right: 5px;\"  itemscope itemtype=\"https:\/\/schema.org\/ImageObject\"><div class=\"envira-gallery-item-inner\"><div class=\"envira-gallery-position-overlay  envira-gallery-top-left\"><\/div><div class=\"envira-gallery-position-overlay  envira-gallery-top-right\"><\/div><div class=\"envira-gallery-position-overlay  envira-gallery-bottom-left\"><\/div><div class=\"envira-gallery-position-overlay  envira-gallery-bottom-right\"><\/div><a href=\"https:\/\/www.coregen.com.tr\/wp-content\/uploads\/2025\/06\/PHOTO-2025-06-12-14-01-28-scaled.jpg\" class=\"envira-gallery-3076 envira-gallery-link\" rel=\"enviragallery3076\" title=\"Coregen Diagnostics\" data-envira-caption=\"Coregen Diagnostik\" data-envira-retina=\"\" data-thumbnail=\"\"  itemprop=\"contentUrl\"><div class=\"envira-lazy\" data-test-width=\"750\" data-test-height=\"1000\" style=\"padding-bottom:133.33333333333%;\"><img decoding=\"async\" id=\"envira-gallery-image-3073\" class=\"envira-gallery-image envira-gallery-image-3\" data-envira-index=\"3\" src=\"https:\/\/www.coregen.com.tr\/wp-content\/uploads\/2025\/06\/PHOTO-2025-06-12-14-01-28-scaled.jpg\" data-envira-src=\"https:\/\/www.coregen.com.tr\/wp-content\/uploads\/2025\/06\/PHOTO-2025-06-12-14-01-28-scaled.jpg\" data-envira-gallery-id=\"3076\" data-envira-item-id=\"3073\" data-envira-caption=\"Coregen Diagnostik\" alt=\"\" title=\"Coregen Diagnostics\"  itemprop=\"thumbnailUrl\" data-envira-srcset=\"https:\/\/www.coregen.com.tr\/wp-content\/uploads\/2025\/06\/PHOTO-2025-06-12-14-01-28-scaled.jpg 400w,https:\/\/www.coregen.com.tr\/wp-content\/uploads\/2025\/06\/PHOTO-2025-06-12-14-01-28-scaled.jpg 2x\" srcset=\"data:image\/gif;base64,R0lGODlhAQABAIAAAP\/\/\/\/\/\/\/yH5BAEKAAEALAAAAAABAAEAAAICTAEAOw==\" \/><\/div><\/a><\/div><\/div><div id=\"envira-gallery-item-2630\" class=\"envira-gallery-item enviratope-item envira-gallery-item-4 envira-lazy-load\" style=\"padding-left: 5px; padding-bottom: 10px; padding-right: 5px;\"  itemscope itemtype=\"https:\/\/schema.org\/ImageObject\"><div class=\"envira-gallery-item-inner\"><div class=\"envira-gallery-position-overlay  envira-gallery-top-left\"><\/div><div class=\"envira-gallery-position-overlay  envira-gallery-top-right\"><\/div><div class=\"envira-gallery-position-overlay  envira-gallery-bottom-left\"><\/div><div class=\"envira-gallery-position-overlay  envira-gallery-bottom-right\"><\/div><a href=\"https:\/\/www.coregen.com.tr\/wp-content\/uploads\/2023\/11\/hakkimizda-1.jpg\" class=\"envira-gallery-3076 envira-gallery-link\" rel=\"enviragallery3076\" title=\"Coregen Diagnostics\" data-envira-caption=\"Coregen Diagnostik\" data-envira-retina=\"\" data-thumbnail=\"\"  itemprop=\"contentUrl\"><div class=\"envira-lazy\" data-test-width=\"1000\" data-test-height=\"667\" style=\"padding-bottom:66.7%;\"><img decoding=\"async\" id=\"envira-gallery-image-2630\" class=\"envira-gallery-image envira-gallery-image-4\" data-envira-index=\"4\" src=\"https:\/\/www.coregen.com.tr\/wp-content\/uploads\/2023\/11\/hakkimizda-1.jpg\" data-envira-src=\"https:\/\/www.coregen.com.tr\/wp-content\/uploads\/2023\/11\/hakkimizda-1.jpg\" data-envira-gallery-id=\"3076\" data-envira-item-id=\"2630\" data-envira-caption=\"Coregen Diagnostik\" alt=\"\" title=\"Coregen Diagnostics\"  itemprop=\"thumbnailUrl\" data-envira-srcset=\"https:\/\/www.coregen.com.tr\/wp-content\/uploads\/2023\/11\/hakkimizda-1.jpg 400w,https:\/\/www.coregen.com.tr\/wp-content\/uploads\/2023\/11\/hakkimizda-1.jpg 2x\" srcset=\"data:image\/gif;base64,R0lGODlhAQABAIAAAP\/\/\/\/\/\/\/yH5BAEKAAEALAAAAAABAAEAAAICTAEAOw==\" \/><\/div><\/a><\/div><\/div><\/div><\/div><noscript><img decoding=\"async\" src=\"https:\/\/www.coregen.com.tr\/wp-content\/uploads\/2025\/06\/72163c75-885b-478e-a93d-6613a1b5caa2-scaled.jpg\" alt=\"\" \/><img decoding=\"async\" src=\"https:\/\/www.coregen.com.tr\/wp-content\/uploads\/2025\/06\/PHOTO-2025-06-12-11-50-21-scaled.jpg\" alt=\"\" \/><img decoding=\"async\" src=\"https:\/\/www.coregen.com.tr\/wp-content\/uploads\/2025\/06\/PHOTO-2025-06-12-14-01-28-scaled.jpg\" alt=\"\" \/><img decoding=\"async\" src=\"https:\/\/www.coregen.com.tr\/wp-content\/uploads\/2023\/11\/hakkimizda-1.jpg\" alt=\"\" \/><\/noscript>\n\n\t\t<\/div>\n\t<\/div>\n<div class=\"vc_empty_space\"   style=\"height: 32px\"><span class=\"vc_empty_space_inner\"><\/span><\/div><h3 style=\"font-size: 21px\" class=\"vc_custom_heading align-left\" >Who <b>Are We?<\/b><\/h3>\n\t<div class=\"wpb_text_column wpb_content_element  wpb_animate_when_almost_visible wpb_fadeInUp fadeInUp\" >\n\t\t<div class=\"wpb_wrapper\">\n\t\t\t<p style=\"text-align: justify;\">Coregen Diagnostics is managed by a professional team specialised in molecular genetics, pathology, microbiology and biochemistry. Our company, which offers solutions for the health sector with innovative and advanced technology-based devices, also offers effective solutions to industrial areas. Coregen Diagnostics, which provides the right technology investments and consumables supply to its customers with its quality service approach, maintains its leading position in the sector.<\/p>\n\n\t\t<\/div>\n\t<\/div>\n\n\t<div class=\"wpb_text_column wpb_content_element  wpb_animate_when_almost_visible wpb_fadeInUp fadeInUp\" >\n\t\t<div class=\"wpb_wrapper\">\n\t\t\t<p style=\"text-align: justify;\">Our company offers a comprehensive consultancy service to its customers in the planning and realisation of all projects and management of processes. We offer a wide range of services from the elimination of deficiencies and problems that may be experienced at every stage to the addition and development of new processes, promising our customers a productive and successful co-operation.<\/p>\n\n\t\t<\/div>\n\t<\/div>\n\n\t<div class=\"wpb_text_column wpb_content_element  wpb_animate_when_almost_visible wpb_fadeInUp fadeInUp\" >\n\t\t<div class=\"wpb_wrapper\">\n\t\t\t<p style=\"text-align: justify;\">Coregen Diagnostics, which closely follows the developments around the world, provides an uninterrupted supply chain to customers at home and abroad by establishing strong collaborations with leading international companies. Our company sticks to its goal of providing the highest level of service quality to its customers by adopting the latest technology and best practices in the sector.<\/p>\n\n\t\t<\/div>\n\t<\/div>\n<\/div><\/div><div class=\"vc_column_container col-md-12\"><div class=\"wpb_wrapper vc_column-inner\"><\/div><\/div><\/div><\/div><\/div><div class=\"vc_row wpb_row top-row section section-parallax mt-0 mb-0 section-no-borders porto-inner-container\"><div class=\"porto-wrap-container container\"><div class=\"row\"><div class=\"vc_column_container col-md-12\"><div class=\"wpb_wrapper vc_column-inner\"><div class=\"vc_row wpb_row vc_inner row\"><div class=\"vc_column_container col-md-6\"><div class=\"wpb_wrapper vc_column-inner\"><h3 style=\"font-size: 20px\" class=\"vc_custom_heading align-left\" >Our Vision &amp; Mission<\/h3>\n\t<div class=\"wpb_text_column wpb_content_element\" >\n\t\t<div class=\"wpb_wrapper\">\n\t\t\t<p style=\"text-align: justify;\">Coregen Diagnostics aims to be a leading solution partner in the health, R&amp;D and industrial sectors. It adopts the vision of maintaining its leading position in the sector by offering the most innovative and advanced technology products to its customers and becoming an internationally recognised brand. It aims to be a globally respected organisation by contributing to public health with solutions based on scientific research and technology.<\/p>\n<p style=\"text-align: justify;\">Coregen Diagnostics is committed to meeting the needs of the healthcare industry by providing its customers with high quality, reliable and innovative products and services. With its staff specialised in molecular genetics, pathology, microbiology and biochemistry, it offers customised solutions based on customer satisfaction. With an understanding that adopts continuous development and customer orientation, it adopts the mission of leading the best practices in the sector and adhering to ethical values.<\/p>\n\n\t\t<\/div>\n\t<\/div>\n<\/div><\/div><div class=\"vc_column_container col-md-6\"><div class=\"wpb_wrapper vc_column-inner\">\r\n\t<div class=\"wpb_single_image wpb_content_element vc_align_left\">\r\n\t\t<div class=\"wpb_wrapper\">\r\n\t\t\t\r\n\t\t\t<div class=\"vc_single_image-wrapper vc_box_rounded  vc_box_border_grey\"><img loading=\"lazy\" decoding=\"async\" width=\"900\" height=\"600\" src=\"https:\/\/www.coregen.com.tr\/wp-content\/uploads\/2023\/11\/vizyon-misyon.jpg\" class=\"vc_single_image-img attachment-full\" alt=\"\" title=\"vizyon-misyon\" srcset=\"https:\/\/www.coregen.com.tr\/wp-content\/uploads\/2023\/11\/vizyon-misyon.jpg 900w, https:\/\/www.coregen.com.tr\/wp-content\/uploads\/2023\/11\/vizyon-misyon-768x512.jpg 768w, https:\/\/www.coregen.com.tr\/wp-content\/uploads\/2023\/11\/vizyon-misyon-640x427.jpg 640w, https:\/\/www.coregen.com.tr\/wp-content\/uploads\/2023\/11\/vizyon-misyon-400x267.jpg 400w, https:\/\/www.coregen.com.tr\/wp-content\/uploads\/2023\/11\/vizyon-misyon-367x245.jpg 367w\" sizes=\"(max-width: 900px) 100vw, 900px\" \/><\/div>\r\n\t\t<\/div>\r\n\t<\/div>\r\n<\/div><\/div><\/div><div class=\"porto-separator taller\"><hr class=\"separator-line  align_center solid\" style=\"background-color:rgba(0,0,0,0.06);\"><\/div>\n\t<div class=\"wpb_text_column wpb_content_element\" >\n\t\t<div class=\"wpb_wrapper\">\n\t\t\t<div class=\"carousel-slider-outer carousel-slider-outer-image-carousel carousel-slider-outer-2656\" style=\"--carousel-slider-nav-color:#f1f1f1;--carousel-slider-active-nav-color:#00d1b2;--carousel-slider-arrow-size:48px;--carousel-slider-bullet-size:10px\">\n<div id=\"&#039;id-2656\" class=\"carousel-slider carousel-slider-2656 arrows-visibility-never dots-visibility-never arrows-outside dots-center dots-circle owl-carousel\" data-slide-type=\"image-carousel\" data-owl-settings='{\"nav\":false,\"dots\":false,\"slideBy\":1,\"stagePadding\":0,\"margin\":10,\"loop\":true,\"lazyLoad\":false,\"autoplay\":true,\"autoplayTimeout\":1200,\"autoplaySpeed\":1200,\"autoplayHoverPause\":true,\"autoWidth\":false,\"responsive\":{\"300\":{\"items\":3},\"576\":{\"items\":3},\"768\":{\"items\":4},\"1024\":{\"items\":6},\"1280\":{\"items\":6},\"1536\":{\"items\":6}}}'>\n<div class=\"carousel-slider__item\">\n\t<img loading=\"lazy\" decoding=\"async\" width=\"600\" height=\"400\" src=\"https:\/\/www.coregen.com.tr\/wp-content\/uploads\/2023\/08\/trinity-biotech.jpg\" class=\"attachment-full size-full\" alt=\"\" srcset=\"https:\/\/www.coregen.com.tr\/wp-content\/uploads\/2023\/08\/trinity-biotech.jpg 600w, https:\/\/www.coregen.com.tr\/wp-content\/uploads\/2023\/08\/trinity-biotech-400x267.jpg 400w, https:\/\/www.coregen.com.tr\/wp-content\/uploads\/2023\/08\/trinity-biotech-367x245.jpg 367w\" sizes=\"(max-width: 600px) 100vw, 600px\" \/><\/a><\/div>\n\n<div class=\"carousel-slider__item\">\n\t<img loading=\"lazy\" decoding=\"async\" width=\"600\" height=\"400\" src=\"https:\/\/www.coregen.com.tr\/wp-content\/uploads\/2023\/08\/getein-biotech.jpg\" class=\"attachment-full size-full\" alt=\"\" srcset=\"https:\/\/www.coregen.com.tr\/wp-content\/uploads\/2023\/08\/getein-biotech.jpg 600w, https:\/\/www.coregen.com.tr\/wp-content\/uploads\/2023\/08\/getein-biotech-400x267.jpg 400w, https:\/\/www.coregen.com.tr\/wp-content\/uploads\/2023\/08\/getein-biotech-367x245.jpg 367w\" sizes=\"(max-width: 600px) 100vw, 600px\" \/><\/a><\/div>\n\n<div class=\"carousel-slider__item\">\n\t<img loading=\"lazy\" decoding=\"async\" width=\"600\" height=\"400\" src=\"https:\/\/www.coregen.com.tr\/wp-content\/uploads\/2023\/12\/mediplax-logo.jpg\" class=\"attachment-full size-full\" alt=\"\" srcset=\"https:\/\/www.coregen.com.tr\/wp-content\/uploads\/2023\/12\/mediplax-logo.jpg 600w, https:\/\/www.coregen.com.tr\/wp-content\/uploads\/2023\/12\/mediplax-logo-400x267.jpg 400w\" sizes=\"(max-width: 600px) 100vw, 600px\" \/><\/a><\/div>\n\n<div class=\"carousel-slider__item\">\n\t<img loading=\"lazy\" decoding=\"async\" width=\"600\" height=\"400\" src=\"https:\/\/www.coregen.com.tr\/wp-content\/uploads\/2025\/05\/radiometer.jpg\" class=\"attachment-full size-full\" alt=\"\" srcset=\"https:\/\/www.coregen.com.tr\/wp-content\/uploads\/2025\/05\/radiometer.jpg 600w, https:\/\/www.coregen.com.tr\/wp-content\/uploads\/2025\/05\/radiometer-400x267.jpg 400w\" sizes=\"(max-width: 600px) 100vw, 600px\" \/><\/a><\/div>\n\n<div class=\"carousel-slider__item\">\n\t<img loading=\"lazy\" decoding=\"async\" width=\"600\" height=\"400\" src=\"https:\/\/www.coregen.com.tr\/wp-content\/uploads\/2023\/10\/thermofisher.jpg\" class=\"attachment-full size-full\" alt=\"\" srcset=\"https:\/\/www.coregen.com.tr\/wp-content\/uploads\/2023\/10\/thermofisher.jpg 600w, https:\/\/www.coregen.com.tr\/wp-content\/uploads\/2023\/10\/thermofisher-400x267.jpg 400w, https:\/\/www.coregen.com.tr\/wp-content\/uploads\/2023\/10\/thermofisher-367x245.jpg 367w\" sizes=\"(max-width: 600px) 100vw, 600px\" \/><\/a><\/div>\n\n<div class=\"carousel-slider__item\">\n\t<img loading=\"lazy\" decoding=\"async\" width=\"600\" height=\"400\" src=\"https:\/\/www.coregen.com.tr\/wp-content\/uploads\/2024\/03\/autobio-banner.jpg\" class=\"attachment-full size-full\" alt=\"\" srcset=\"https:\/\/www.coregen.com.tr\/wp-content\/uploads\/2024\/03\/autobio-banner.jpg 600w, https:\/\/www.coregen.com.tr\/wp-content\/uploads\/2024\/03\/autobio-banner-400x267.jpg 400w\" sizes=\"(max-width: 600px) 100vw, 600px\" \/><\/a><\/div>\n\n<div class=\"carousel-slider__item\">\n\t<img loading=\"lazy\" decoding=\"async\" width=\"600\" height=\"400\" src=\"https:\/\/www.coregen.com.tr\/wp-content\/uploads\/2025\/05\/sansure.jpg\" class=\"attachment-full size-full\" alt=\"\" srcset=\"https:\/\/www.coregen.com.tr\/wp-content\/uploads\/2025\/05\/sansure.jpg 600w, https:\/\/www.coregen.com.tr\/wp-content\/uploads\/2025\/05\/sansure-400x267.jpg 400w\" sizes=\"(max-width: 600px) 100vw, 600px\" \/><\/a><\/div>\n\n<div class=\"carousel-slider__item\">\n\t<img loading=\"lazy\" decoding=\"async\" width=\"600\" height=\"400\" src=\"https:\/\/www.coregen.com.tr\/wp-content\/uploads\/2025\/05\/talent.jpg\" class=\"attachment-full size-full\" alt=\"\" srcset=\"https:\/\/www.coregen.com.tr\/wp-content\/uploads\/2025\/05\/talent.jpg 600w, https:\/\/www.coregen.com.tr\/wp-content\/uploads\/2025\/05\/talent-400x267.jpg 400w\" sizes=\"(max-width: 600px) 100vw, 600px\" \/><\/a><\/div>\n\n<div class=\"carousel-slider__item\">\n\t<img loading=\"lazy\" decoding=\"async\" width=\"600\" height=\"400\" src=\"https:\/\/www.coregen.com.tr\/wp-content\/uploads\/2025\/05\/diapro-logo.jpg\" class=\"attachment-full size-full\" alt=\"\" srcset=\"https:\/\/www.coregen.com.tr\/wp-content\/uploads\/2025\/05\/diapro-logo.jpg 600w, https:\/\/www.coregen.com.tr\/wp-content\/uploads\/2025\/05\/diapro-logo-400x267.jpg 400w\" sizes=\"(max-width: 600px) 100vw, 600px\" \/><\/a><\/div>\n\n<div class=\"carousel-slider__item\">\n\t<img loading=\"lazy\" decoding=\"async\" width=\"600\" height=\"400\" src=\"https:\/\/www.coregen.com.tr\/wp-content\/uploads\/2023\/11\/haemonatics-.jpg\" class=\"attachment-full size-full\" alt=\"\" srcset=\"https:\/\/www.coregen.com.tr\/wp-content\/uploads\/2023\/11\/haemonatics-.jpg 600w, https:\/\/www.coregen.com.tr\/wp-content\/uploads\/2023\/11\/haemonatics--400x267.jpg 400w, https:\/\/www.coregen.com.tr\/wp-content\/uploads\/2023\/11\/haemonatics--367x245.jpg 367w\" sizes=\"(max-width: 600px) 100vw, 600px\" \/><\/a><\/div>\n\n<div class=\"carousel-slider__item\">\n\t<img loading=\"lazy\" decoding=\"async\" width=\"600\" height=\"400\" src=\"https:\/\/www.coregen.com.tr\/wp-content\/uploads\/2023\/11\/futurelab-.jpg\" class=\"attachment-full size-full\" alt=\"\" srcset=\"https:\/\/www.coregen.com.tr\/wp-content\/uploads\/2023\/11\/futurelab-.jpg 600w, https:\/\/www.coregen.com.tr\/wp-content\/uploads\/2023\/11\/futurelab--400x267.jpg 400w, https:\/\/www.coregen.com.tr\/wp-content\/uploads\/2023\/11\/futurelab--367x245.jpg 367w\" sizes=\"(max-width: 600px) 100vw, 600px\" \/><\/a><\/div>\n\n<div class=\"carousel-slider__item\">\n\t<img loading=\"lazy\" decoding=\"async\" width=\"600\" height=\"400\" src=\"https:\/\/www.coregen.com.tr\/wp-content\/uploads\/2023\/11\/corebiotech-logo.jpg\" class=\"attachment-full size-full\" alt=\"\" srcset=\"https:\/\/www.coregen.com.tr\/wp-content\/uploads\/2023\/11\/corebiotech-logo.jpg 600w, https:\/\/www.coregen.com.tr\/wp-content\/uploads\/2023\/11\/corebiotech-logo-400x267.jpg 400w, https:\/\/www.coregen.com.tr\/wp-content\/uploads\/2023\/11\/corebiotech-logo-367x245.jpg 367w\" sizes=\"(max-width: 600px) 100vw, 600px\" \/><\/a><\/div>\n\n<div class=\"carousel-slider__item\">\n\t<img loading=\"lazy\" decoding=\"async\" width=\"600\" height=\"400\" src=\"https:\/\/www.coregen.com.tr\/wp-content\/uploads\/2025\/08\/Dymind.webp\" class=\"attachment-full size-full\" alt=\"\" srcset=\"https:\/\/www.coregen.com.tr\/wp-content\/uploads\/2025\/08\/Dymind.webp 600w, https:\/\/www.coregen.com.tr\/wp-content\/uploads\/2025\/08\/Dymind-400x267.webp 400w\" sizes=\"(max-width: 600px) 100vw, 600px\" \/><\/a><\/div>\n\n<\/div><!-- .carousel-slider-2656 -->\n<\/div><!-- .carousel-slider-outer-2656 -->\n\n\n\t\t<\/div>\n\t<\/div>\n<\/div><\/div><\/div><\/div><\/div>\n<\/section>","protected":false},"excerpt":{"rendered":"Coregen Diagnostik 2015 y\u0131l\u0131ndan bu yana T\u00fcrkiye'de faaliyet g\u00f6steren Coregen Diagnostik, \u00fclkemizin \u00f6nde gelen \u00fcniversitelerinde, t\u0131p fak\u00fcltelerinde, e\u011fitim ara\u015ft\u0131rma hastanelerinde ve \u00f6zel hastanelerinde laboratuvar alan\u0131nda ba\u015fta olmak \u00fczere \u00e7e\u015fitli sekt\u00f6rlerde hizmet vermektedir. Sa\u011fl\u0131k, ar-ge ve end\u00fcstriyel sekt\u00f6rlerin temel ihtiya\u00e7lar\u0131n\u0131 kar\u015f\u0131lamak \u00fczere kurulan \u015firketimiz, gen\u00e7 ve dinamik bir kadrosuyla T\u00fcrkiye genelinde ve uluslararas\u0131 alanda hizmet sunabilme [...]","protected":false},"author":1,"featured_media":0,"parent":0,"menu_order":0,"comment_status":"closed","ping_status":"closed","template":"","meta":{"footnotes":""},"class_list":["post-58","page","type-page","status-publish","hentry"],"_links":{"self":[{"href":"https:\/\/www.coregen.com.tr\/en\/wp-json\/wp\/v2\/pages\/58"}],"collection":[{"href":"https:\/\/www.coregen.com.tr\/en\/wp-json\/wp\/v2\/pages"}],"about":[{"href":"https:\/\/www.coregen.com.tr\/en\/wp-json\/wp\/v2\/types\/page"}],"author":[{"embeddable":true,"href":"https:\/\/www.coregen.com.tr\/en\/wp-json\/wp\/v2\/users\/1"}],"replies":[{"embeddable":true,"href":"https:\/\/www.coregen.com.tr\/en\/wp-json\/wp\/v2\/comments?post=58"}],"version-history":[{"count":15,"href":"https:\/\/www.coregen.com.tr\/en\/wp-json\/wp\/v2\/pages\/58\/revisions"}],"predecessor-version":[{"id":3077,"href":"https:\/\/www.coregen.com.tr\/en\/wp-json\/wp\/v2\/pages\/58\/revisions\/3077"}],"wp:attachment":[{"href":"https:\/\/www.coregen.com.tr\/en\/wp-json\/wp\/v2\/media?parent=58"}],"curies":[{"name":"wp","href":"https:\/\/api.w.org\/{rel}","templated":true}]}}