{"id":73,"date":"2016-06-14T06:15:58","date_gmt":"2016-06-14T06:15:58","guid":{"rendered":"http:\/\/sw-themes.com\/porto_dummy\/?page_id=73"},"modified":"2023-12-28T05:55:23","modified_gmt":"2023-12-28T05:55:23","slug":"iletisim","status":"publish","type":"page","link":"https:\/\/www.coregen.com.tr\/en\/iletisim\/","title":{"rendered":"Contact Us"},"content":{"rendered":"<section class=\"wpb-content-wrapper\"><div class=\"vc_row wpb_row top-row m-b-xl porto-inner-container\"><div class=\"porto-wrap-container container\"><div class=\"row\"><div class=\"vc_column_container col-md-12\"><div class=\"wpb_wrapper vc_column-inner\"><div class=\"vc_empty_space\"   style=\"height: 32px\"><span class=\"vc_empty_space_inner\"><\/span><\/div><\/div><\/div><div class=\"vc_column_container col-md-6\"><div class=\"wpb_wrapper vc_column-inner\"><h4  class=\"vc_custom_heading align-left heading-dark\" ><strong>Contact Form<\/strong><\/h4>\n\t<div class=\"wpb_text_column wpb_content_element\" >\n\t\t<div class=\"wpb_wrapper\">\n\t\t\t<div id=\"quform-fe01bd\" class=\"quform quform-1 quform-theme-light quform-support-page-caching\"><form id=\"quform-form-fe01bd\" class=\"quform-form quform-form-1\" action=\"\/en\/wp-json\/wp\/v2\/pages\/73#quform-fe01bd\" method=\"post\" enctype=\"multipart\/form-data\" novalidate=\"novalidate\" data-options=\"{&quot;id&quot;:1,&quot;uniqueId&quot;:&quot;fe01bd&quot;,&quot;theme&quot;:&quot;light&quot;,&quot;ajax&quot;:true,&quot;logic&quot;:{&quot;logic&quot;:[],&quot;dependents&quot;:[],&quot;elementIds&quot;:[],&quot;dependentElementIds&quot;:[],&quot;animate&quot;:true},&quot;currentPageId&quot;:1,&quot;errorsIcon&quot;:&quot;&quot;,&quot;updateFancybox&quot;:true,&quot;hasPages&quot;:false,&quot;pages&quot;:[1],&quot;pageProgressType&quot;:&quot;numbers&quot;,&quot;tooltipsEnabled&quot;:true,&quot;tooltipClasses&quot;:&quot;qtip-quform-dark qtip-shadow&quot;,&quot;tooltipMy&quot;:&quot;left center&quot;,&quot;tooltipAt&quot;:&quot;right center&quot;,&quot;isRtl&quot;:false,&quot;scrollOffset&quot;:-50,&quot;scrollSpeed&quot;:800}\" data-trp-original-action=\"\/en\/wp-json\/wp\/v2\/pages\/73#quform-fe01bd\"><button class=\"quform-default-submit\" name=\"quform_submit\" type=\"submit\" value=\"submit\" aria-hidden=\"true\" tabindex=\"-1\"><\/button><div class=\"quform-form-inner quform-form-inner-1\"><input type=\"hidden\" name=\"quform_form_id\" value=\"1\" \/><input type=\"hidden\" name=\"quform_form_uid\" value=\"fe01bd\" \/><input type=\"hidden\" name=\"quform_count\" value=\"1\" \/><input type=\"hidden\" name=\"form_url\" value=\"https:\/\/www.coregen.com.tr\/en\/wp-json\/wp\/v2\/pages\/73\" \/><input type=\"hidden\" name=\"referring_url\" value=\"\" \/><input type=\"hidden\" name=\"post_id\" value=\"\" \/><input type=\"hidden\" name=\"post_title\" value=\"\" \/><input type=\"hidden\" name=\"quform_current_page_id\" value=\"1\" \/><input type=\"hidden\" name=\"quform_csrf_token\" value=\"Z9kkCq3hlRRVNE8ie3mR0nm4TvJcrRJ0kWUBJ7Z5\" \/><div class=\"quform-elements quform-elements-1 quform-cf quform-responsive-elements-phone-landscape\"><div class=\"quform-element quform-element-page quform-page-1 quform-page-1_1 quform-cf quform-group-style-plain quform-first-page quform-last-page quform-current-page\"><div class=\"quform-child-elements\"><div class=\"quform-element quform-element-text quform-element-1_12 quform-cf quform-labels-inside quform-element-required\"><div class=\"quform-spacer\"><div class=\"quform-label quform-label-1_12\"><span class=\"quform-label-icon\"><i class=\"fa fa-user\"><\/i><\/span><label class=\"quform-label-text\" for=\"quform_1_12_fe01bd\">Name And Surname<span class=\"quform-required\">*<\/span><\/label><\/div><div class=\"quform-inner quform-inner-text quform-inner-1_12\"><div class=\"quform-input quform-input-text quform-input-1_12 quform-cf\"><input type=\"text\" id=\"quform_1_12_fe01bd\" name=\"quform_1_12\" class=\"quform-field quform-field-text quform-field-1_12\" \/><\/div><\/div><\/div><\/div><div class=\"quform-element quform-element-row quform-element-row-1_4 quform-2-columns quform-element-row-size-fixed quform-responsive-columns-phone-landscape\"><div class=\"quform-element quform-element-column quform-element-1_5\"><div class=\"quform-element quform-element-email quform-element-1_7 quform-cf quform-labels-inside quform-element-required\"><div class=\"quform-spacer\"><div class=\"quform-label quform-label-1_7\"><span class=\"quform-label-icon\"><i class=\"fa fa-envelope\"><\/i><\/span><label class=\"quform-label-text\" for=\"quform_1_7_fe01bd\">Email Address<span class=\"quform-required\">*<\/span><\/label><\/div><div class=\"quform-inner quform-inner-email quform-inner-1_7\"><div class=\"quform-input quform-input-email quform-input-1_7 quform-cf\"><input type=\"email\" id=\"quform_1_7_fe01bd\" name=\"quform_1_7\" class=\"quform-field quform-field-email quform-field-1_7\" \/><\/div><\/div><\/div><\/div><\/div><div class=\"quform-element quform-element-column quform-element-1_6\"><div class=\"quform-element quform-element-text quform-element-1_8 quform-cf quform-labels-inside quform-element-optional\"><div class=\"quform-spacer\"><div class=\"quform-label quform-label-1_8\"><span class=\"quform-label-icon\"><i class=\"fa fa-phone\"><\/i><\/span><label class=\"quform-label-text\" for=\"quform_1_8_fe01bd\">Phone Number<\/label><\/div><div class=\"quform-inner quform-inner-text quform-inner-1_8\"><div class=\"quform-input quform-input-text quform-input-1_8 quform-cf\"><input type=\"text\" id=\"quform_1_8_fe01bd\" name=\"quform_1_8\" class=\"quform-field quform-field-text quform-field-1_8\" \/><\/div><\/div><\/div><\/div><\/div><\/div><div class=\"quform-element quform-element-textarea quform-element-1_9 quform-cf quform-labels-inside quform-element-required\"><div class=\"quform-spacer\"><div class=\"quform-label quform-label-1_9\"><span class=\"quform-label-icon\"><i class=\"fa fa-pencil-square-o\"><\/i><\/span><label class=\"quform-label-text\" for=\"quform_1_9_fe01bd\">Your Message<span class=\"quform-required\">*<\/span><\/label><\/div><div class=\"quform-inner quform-inner-textarea quform-inner-1_9\"><div class=\"quform-input quform-input-textarea quform-input-1_9 quform-cf\"><textarea id=\"quform_1_9_fe01bd\" name=\"quform_1_9\" class=\"quform-field quform-field-textarea quform-field-1_9\"><\/textarea><\/div><\/div><\/div><\/div><div class=\"quform-element quform-element-captcha quform-element-1_14 quform-cf quform-labels-inside quform-element-required\"><div class=\"quform-spacer\"><div class=\"quform-label quform-label-1_14\"><label class=\"quform-label-text\" for=\"quform_1_14_fe01bd\">Please write the characters<span class=\"quform-required\">*<\/span><\/label><\/div><div class=\"quform-inner quform-inner-captcha quform-inner-1_14\"><div class=\"quform-input quform-input-captcha quform-input-1_14 quform-cf\"><input type=\"text\" id=\"quform_1_14_fe01bd\" name=\"quform_1_14\" class=\"quform-field quform-field-captcha quform-field-1_14\" \/><\/div><div class=\"quform-captcha quform-cf\"><div class=\"quform-captcha-image quform-captcha-image-1_14\"><img loading=\"lazy\" decoding=\"async\" class=\"quform-captcha-image-img\" src=\"data:image\/png;base64,iVBORw0KGgoAAAANSUhEUgAAAOYAAABQBAMAAAD\/1xTgAAAAG1BMVEX\/\/\/8iIiLHx8esrKzj4+N0dHQ9PT2QkJBZWVkRWPjDAAAACXBIWXMAAA7EAAAOxAGVKw4bAAADPklEQVRoge1XS1fTQBTOSaZJllyhqcsGpWwtReoykSOyNGCpS6JyYElAKEtyUOFnO48k82ibpMM5uJlvUzq9d777voNlGRgYGBgYGBgYGPw3oM23L025lQKc9VdW259dR7qUn4Dg9ar6RK2nSYlSygnfV1OzqVJfj\/MAq17kAEGDae+\/zqkBfNHjzCH4ZVkDgHe1jKliVALBEcClFqUH8BN\/+LU2b+fEKcmoFKudnEVanDEAUQxrbHYoYw734qF2LjEyWCcfBxBENWbBY9+DV8IZYqbqIYVTPBMidPJ7qUgM3V0iKXUGwOa4r0eJ7b38gP14qJGJsVkYe2Lh7pMO29DjdABuadUr7S2OQxfWyEkk\/DygOut6nB6UuBePt\/BBVZQ+dsg+kWJBq0rXzw7RvXgiw089hW5l1zqiJDzlCVGYRpYWcF8CzpOdi71CGJ7yisOBXshmciVxiCfXWksKe7QjH7hFVrBn\/A6fGrBXciAIAK4+3kotHLaNLNkFP1TOe\/pHLrRfQkeTV7UgCyv2XqCJpXZdDmd+LvvlSBvyKkRsxsTVqMmZx7FY3G7LRZZBMEll+zrlxSG\/w2fVE1d+Mr+xbJcr+uKX5bCJTx2pQInrc37GsIFGo8irrBgyuxxxtSj3LINLXMTWi2eojHXC\/c\/gnEyZozdR6VOvsFng9JoWLkNIrs8U2aJ2cAxO+REDn3VRNMdptxvyCQnjUMl9zII7EBoBOxlMv4GwaTL6pyemELVbZjmR6gTynsQdERyP7oS3Cb6N8BfLvJC5tNT2qH9YSJxzSIpIlgQkarSceCW7LOny1k5bPUxyZtl+JJ0WU56\/Ne1iTHSqanNpmAfyWk\/g4a7Z04xahlJlgND3bcDV7SK1dpUxzD4d\/xVCgW\/ZbrdAQ1qaztzQcm4mx33+1S4zVWWseAKLQyBsuUDZuPKbrEMFF+JVQkNxHglCmVwDS+GRS5DyfluAXI0tCcV0V5IZ4nT8uW6kpLN6ltQ88Apkag0tgDPbWf6jiMN2AXHLXmk1xZtAsnDeKMUK19F+7ygYT65aSGHTHmfpc17qq8NOdf47fCY+E9Ju9KKcFhrftEmCgYGBgYGBgYHBYvwD4j6ATh\/gyVMAAAAASUVORK5CYII=\" alt=\"CAPTCHA image\" data-element-id=\"14\" width=\"115\" height=\"40\" \/><\/div><\/div><\/div><\/div><\/div><div class=\"quform-element quform-element-submit quform-element-1_2 quform-cf quform-button-style-theme quform-button-size-medium quform-button-width-medium\"><div class=\"quform-button-submit quform-button-submit-default quform-button-submit-1_2\" data-animation=\"one\"><button name=\"quform_submit\" type=\"submit\" class=\"quform-submit\" value=\"submit\"><span class=\"quform-button-text quform-button-submit-text\">Send<\/span><\/button><\/div><div class=\"quform-loading quform-loading-position-left quform-loading-type-spinner-1\"><div class=\"quform-loading-inner\"><div class=\"quform-loading-spinner\"><div class=\"quform-loading-spinner-inner\"><\/div><\/div><\/div><\/div><\/div><div class=\"quform-element-tree\"><label for=\"quform_1_0_fe01bd\">This field should be left blank<\/label><input type=\"text\" id=\"quform_1_0_fe01bd\" name=\"quform_1_0\" class=\"quform-field quform-field-tree quform-field-1_0\" tabindex=\"-1\" autocomplete=\"off\" \/><\/div><\/div><\/div><\/div><\/div><input type=\"hidden\" name=\"trp-form-language\" value=\"en\"\/><\/form><\/div>\n\n\t\t<\/div>\n\t<\/div>\n<\/div><\/div><div class=\"info-box-small vc_column_container col-md-6\"><div class=\"wpb_wrapper vc_column-inner\"><h4  class=\"vc_custom_heading align-left heading-dark\" ><strong>Contact Details<\/strong><\/h4><div class=\"porto-sicon-box  wpb_custom_1efe903570d178ff0a9b7bfa5febd3a4 style_1 default-icon\"><div class=\"porto-sicon-default\"><div class=\"porto-just-icon-wrapper porto-icon advanced\" style=\"color:#062f87;border-style:solid;border-color:#062f87;border-width:1px;width:25px;height:25px;line-height:25px;border-radius:25px;font-size:12px;\"><i class=\"fas fa-map-marker-alt\"><\/i><\/div><\/div><div class=\"porto-sicon-header\"><p><strong>Address:<\/strong> G\u00fcrselpa\u015fa Mahallesi 6.cadde Sera Park 3 sitesi A-D-E bloklar No:139\/A Seyhan\/ADANA\/T\u00dcRK\u0130YE<\/p><\/div> <!-- header --><\/div><!-- porto-sicon-box --><div class=\"porto-sicon-box  wpb_custom_1efe903570d178ff0a9b7bfa5febd3a4 style_1 default-icon\"><div class=\"porto-sicon-default\"><div class=\"porto-just-icon-wrapper porto-icon advanced\" style=\"color:#062f87;border-style:solid;border-color:#062f87;border-width:1px;width:25px;height:25px;line-height:25px;border-radius:25px;font-size:12px;\"><i class=\"fas fa-phone-volume\"><\/i><\/div><\/div><div class=\"porto-sicon-header\"><p><strong>Telefon<\/strong>: +90 (322) 503 59 26<\/p><\/div> <!-- header --><\/div><!-- porto-sicon-box --><div class=\"porto-sicon-box  wpb_custom_1efe903570d178ff0a9b7bfa5febd3a4 style_1 default-icon\"><div class=\"porto-sicon-default\"><div class=\"porto-just-icon-wrapper porto-icon advanced\" style=\"color:#062f87;border-style:solid;border-color:#062f87;border-width:1px;width:25px;height:25px;line-height:25px;border-radius:25px;font-size:12px;\"><i class=\"fas fa-envelope\"><\/i><\/div><\/div><div class=\"porto-sicon-header\"><p><strong>Email<\/strong>: info@coregen.com.tr<\/p><\/div> <!-- header --><\/div><!-- porto-sicon-box --><h4  class=\"vc_custom_heading mt-5 align-left heading-dark\" >Working <strong>Hours<\/strong><\/h4><div class=\"porto-sicon-box  wpb_custom_1efe903570d178ff0a9b7bfa5febd3a4 style_1 default-icon\"><div class=\"porto-sicon-default\"><div class=\"porto-just-icon-wrapper porto-icon none\" style=\"font-size:14px;\"><i class=\"far fa-clock\"><\/i><\/div><\/div><div class=\"porto-sicon-header\"><p>Pazartesi - Cuma 08:30 - 18:00<\/p><\/div> <!-- header --><\/div><!-- porto-sicon-box --><div class=\"porto-sicon-box  wpb_custom_1efe903570d178ff0a9b7bfa5febd3a4 style_1 default-icon\"><div class=\"porto-sicon-default\"><div class=\"porto-just-icon-wrapper porto-icon none\" style=\"font-size:14px;\"><i class=\"far fa-clock\"><\/i><\/div><\/div><div class=\"porto-sicon-header\"><p>Cumartesi - Pazar: Kapal\u0131<\/p><\/div> <!-- header --><\/div><!-- porto-sicon-box --><\/div><\/div><\/div><\/div><\/div><div data-vc-full-width=\"true\" data-vc-full-width-init=\"false\" data-vc-stretch-content=\"true\" class=\"vc_row wpb_row row top-row vc_row-no-padding\"><div class=\"vc_column_container col-md-12\"><div class=\"wpb_wrapper vc_column-inner\"><div class=\"wpb_gmaps_widget wpb_content_element\"><div class=\"wpb_wrapper\"><div class=\"wpb_map_wraper\"><iframe src=\"https:\/\/www.google.com\/maps\/embed?pb=!1m14!1m8!1m3!1d18019.57432934065!2d35.2613532537451!3d37.023134880789925!3m2!1i1024!2i768!4f13.1!3m3!1m2!1s0x15288947459552b5%3A0xc04d331dd31140d7!2sCoregen%20Diagnostik!5e0!3m2!1str!2str!4v1702895547290!5m2!1str!2str\" width=\"600\" height=\"450\" style=\"border:0;\" allowfullscreen=\"\" loading=\"lazy\" referrerpolicy=\"no-referrer-when-downgrade\"><\/iframe><\/div><\/div><\/div><\/div><\/div><\/div><div class=\"vc_row-full-width vc_clearfix\"><\/div>\n<\/section>","protected":false},"excerpt":{"rendered":"\u0130leti\u015fim Formu Ad\u0131n\u0131z Soyad\u0131n\u0131z*E-posta adresiniz*Telefon Numaran\u0131zMesaj\u0131n\u0131z*L\u00fctfen karakterleri yaz\u0131n*SendThis field should be left blank \u0130leti\u015fim BilgileriAdres: G\u00fcrselpa\u015fa Mahallesi 6.cadde Sera Park 3 sitesi A-D-E bloklar No:139\/A Seyhan\/ADANA\/T\u00dcRK\u0130YE Telefon: +90 (322) 503 59 26 Email: info@coregen.com.tr \u00c7al\u0131\u015fma SaatleriPazartesi - Cuma 08:30 - 18:00 Cumartesi - Pazar: Kapal\u0131","protected":false},"author":1,"featured_media":0,"parent":0,"menu_order":0,"comment_status":"closed","ping_status":"closed","template":"","meta":{"footnotes":""},"class_list":["post-73","page","type-page","status-publish","hentry"],"_links":{"self":[{"href":"https:\/\/www.coregen.com.tr\/en\/wp-json\/wp\/v2\/pages\/73"}],"collection":[{"href":"https:\/\/www.coregen.com.tr\/en\/wp-json\/wp\/v2\/pages"}],"about":[{"href":"https:\/\/www.coregen.com.tr\/en\/wp-json\/wp\/v2\/types\/page"}],"author":[{"embeddable":true,"href":"https:\/\/www.coregen.com.tr\/en\/wp-json\/wp\/v2\/users\/1"}],"replies":[{"embeddable":true,"href":"https:\/\/www.coregen.com.tr\/en\/wp-json\/wp\/v2\/comments?post=73"}],"version-history":[{"count":9,"href":"https:\/\/www.coregen.com.tr\/en\/wp-json\/wp\/v2\/pages\/73\/revisions"}],"predecessor-version":[{"id":2365,"href":"https:\/\/www.coregen.com.tr\/en\/wp-json\/wp\/v2\/pages\/73\/revisions\/2365"}],"wp:attachment":[{"href":"https:\/\/www.coregen.com.tr\/en\/wp-json\/wp\/v2\/media?parent=73"}],"curies":[{"name":"wp","href":"https:\/\/api.w.org\/{rel}","templated":true}]}}